{"id":4898,"date":"2024-10-15T23:58:14","date_gmt":"2024-10-16T02:58:14","guid":{"rendered":"https:\/\/tncoopers.com\/?page_id=4898"},"modified":"2024-11-28T03:15:57","modified_gmt":"2024-11-28T06:15:57","slug":"tradicional","status":"publish","type":"page","link":"https:\/\/tncoopers.com\/it\/tostados\/tradicional\/","title":{"rendered":"Tradicional"},"content":{"rendered":"<div data-elementor-type=\"wp-page\" data-elementor-id=\"4898\" class=\"elementor elementor-4898\" data-elementor-post-type=\"page\">\n\t\t\t\t<div class=\"elementor-element elementor-element-67189d16 e-con-full e-flex e-con e-parent\" data-id=\"67189d16\" data-element_type=\"container\" data-e-type=\"container\" data-settings=\"{&quot;background_background&quot;:&quot;classic&quot;}\">\n\t\t\t\t<div class=\"elementor-element elementor-element-72776d89 elementor-widget elementor-widget-heading\" data-id=\"72776d89\" data-element_type=\"widget\" data-e-type=\"widget\" data-widget_type=\"heading.default\">\n\t\t\t\t<div class=\"elementor-widget-container\">\n\t\t\t\t\t<h1 class=\"elementor-heading-title elementor-size-default\">TOSTATURA TRADIZIONALE<\/h1>\t\t\t\t<\/div>\n\t\t\t\t<\/div>\n\t\t\t\t<\/div>\n\t\t<div class=\"elementor-element elementor-element-faeea24 e-flex e-con-boxed e-con e-parent\" data-id=\"faeea24\" data-element_type=\"container\" data-e-type=\"container\" data-settings=\"{&quot;background_background&quot;:&quot;classic&quot;}\">\n\t\t\t\t\t<div class=\"e-con-inner\">\n\t\t<div class=\"elementor-element elementor-element-75271af e-con-full e-flex e-con e-child\" data-id=\"75271af\" data-element_type=\"container\" data-e-type=\"container\">\n\t\t\t\t<div class=\"elementor-element elementor-element-96fbf21 e-transform elementor-absolute elementor-widget elementor-widget-image\" data-id=\"96fbf21\" data-element_type=\"widget\" data-e-type=\"widget\" data-settings=\"{&quot;_transform_translateX_effect&quot;:{&quot;unit&quot;:&quot;px&quot;,&quot;size&quot;:20,&quot;sizes&quot;:[]},&quot;_transform_translateY_effect&quot;:{&quot;unit&quot;:&quot;px&quot;,&quot;size&quot;:60,&quot;sizes&quot;:[]},&quot;_position&quot;:&quot;absolute&quot;,&quot;_transform_translateX_effect_widescreen&quot;:{&quot;unit&quot;:&quot;px&quot;,&quot;size&quot;:&quot;&quot;,&quot;sizes&quot;:[]},&quot;_transform_translateX_effect_laptop&quot;:{&quot;unit&quot;:&quot;px&quot;,&quot;size&quot;:&quot;&quot;,&quot;sizes&quot;:[]},&quot;_transform_translateX_effect_tablet_extra&quot;:{&quot;unit&quot;:&quot;px&quot;,&quot;size&quot;:&quot;&quot;,&quot;sizes&quot;:[]},&quot;_transform_translateX_effect_tablet&quot;:{&quot;unit&quot;:&quot;px&quot;,&quot;size&quot;:&quot;&quot;,&quot;sizes&quot;:[]},&quot;_transform_translateX_effect_mobile_extra&quot;:{&quot;unit&quot;:&quot;px&quot;,&quot;size&quot;:&quot;&quot;,&quot;sizes&quot;:[]},&quot;_transform_translateX_effect_mobile&quot;:{&quot;unit&quot;:&quot;px&quot;,&quot;size&quot;:&quot;&quot;,&quot;sizes&quot;:[]},&quot;_transform_translateY_effect_widescreen&quot;:{&quot;unit&quot;:&quot;px&quot;,&quot;size&quot;:&quot;&quot;,&quot;sizes&quot;:[]},&quot;_transform_translateY_effect_laptop&quot;:{&quot;unit&quot;:&quot;px&quot;,&quot;size&quot;:&quot;&quot;,&quot;sizes&quot;:[]},&quot;_transform_translateY_effect_tablet_extra&quot;:{&quot;unit&quot;:&quot;px&quot;,&quot;size&quot;:&quot;&quot;,&quot;sizes&quot;:[]},&quot;_transform_translateY_effect_tablet&quot;:{&quot;unit&quot;:&quot;px&quot;,&quot;size&quot;:&quot;&quot;,&quot;sizes&quot;:[]},&quot;_transform_translateY_effect_mobile_extra&quot;:{&quot;unit&quot;:&quot;px&quot;,&quot;size&quot;:&quot;&quot;,&quot;sizes&quot;:[]},&quot;_transform_translateY_effect_mobile&quot;:{&quot;unit&quot;:&quot;px&quot;,&quot;size&quot;:&quot;&quot;,&quot;sizes&quot;:[]}}\" data-widget_type=\"image.default\">\n\t\t\t\t<div class=\"elementor-widget-container\">\n\t\t\t\t\t\t\t\t\t\t\t\t\t\t\t<img fetchpriority=\"high\" decoding=\"async\" width=\"498\" height=\"314\" src=\"https:\/\/tncoopers.com\/wp-content\/uploads\/2024\/10\/Rectangle-44.jpg\" class=\"attachment-full size-full wp-image-4966\" alt=\"\" srcset=\"https:\/\/tncoopers.com\/wp-content\/uploads\/2024\/10\/Rectangle-44.jpg 498w, https:\/\/tncoopers.com\/wp-content\/uploads\/2024\/10\/Rectangle-44-300x189.jpg 300w, https:\/\/tncoopers.com\/wp-content\/uploads\/2024\/10\/Rectangle-44-18x12.jpg 18w\" sizes=\"(max-width: 498px) 100vw, 498px\" \/>\t\t\t\t\t\t\t\t\t\t\t\t\t\t\t<\/div>\n\t\t\t\t<\/div>\n\t\t\t\t<div class=\"elementor-element elementor-element-8f566b9 e-transform elementor-absolute elementor-widget elementor-widget-image\" data-id=\"8f566b9\" data-element_type=\"widget\" data-e-type=\"widget\" data-settings=\"{&quot;_transform_translateX_effect&quot;:{&quot;unit&quot;:&quot;px&quot;,&quot;size&quot;:20,&quot;sizes&quot;:[]},&quot;_transform_translateY_effect&quot;:{&quot;unit&quot;:&quot;px&quot;,&quot;size&quot;:60,&quot;sizes&quot;:[]},&quot;_position&quot;:&quot;absolute&quot;,&quot;_transform_translateX_effect_widescreen&quot;:{&quot;unit&quot;:&quot;px&quot;,&quot;size&quot;:&quot;&quot;,&quot;sizes&quot;:[]},&quot;_transform_translateX_effect_laptop&quot;:{&quot;unit&quot;:&quot;px&quot;,&quot;size&quot;:&quot;&quot;,&quot;sizes&quot;:[]},&quot;_transform_translateX_effect_tablet_extra&quot;:{&quot;unit&quot;:&quot;px&quot;,&quot;size&quot;:&quot;&quot;,&quot;sizes&quot;:[]},&quot;_transform_translateX_effect_tablet&quot;:{&quot;unit&quot;:&quot;px&quot;,&quot;size&quot;:&quot;&quot;,&quot;sizes&quot;:[]},&quot;_transform_translateX_effect_mobile_extra&quot;:{&quot;unit&quot;:&quot;px&quot;,&quot;size&quot;:&quot;&quot;,&quot;sizes&quot;:[]},&quot;_transform_translateX_effect_mobile&quot;:{&quot;unit&quot;:&quot;px&quot;,&quot;size&quot;:&quot;&quot;,&quot;sizes&quot;:[]},&quot;_transform_translateY_effect_widescreen&quot;:{&quot;unit&quot;:&quot;px&quot;,&quot;size&quot;:&quot;&quot;,&quot;sizes&quot;:[]},&quot;_transform_translateY_effect_laptop&quot;:{&quot;unit&quot;:&quot;px&quot;,&quot;size&quot;:&quot;&quot;,&quot;sizes&quot;:[]},&quot;_transform_translateY_effect_tablet_extra&quot;:{&quot;unit&quot;:&quot;px&quot;,&quot;size&quot;:&quot;&quot;,&quot;sizes&quot;:[]},&quot;_transform_translateY_effect_tablet&quot;:{&quot;unit&quot;:&quot;px&quot;,&quot;size&quot;:&quot;&quot;,&quot;sizes&quot;:[]},&quot;_transform_translateY_effect_mobile_extra&quot;:{&quot;unit&quot;:&quot;px&quot;,&quot;size&quot;:&quot;&quot;,&quot;sizes&quot;:[]},&quot;_transform_translateY_effect_mobile&quot;:{&quot;unit&quot;:&quot;px&quot;,&quot;size&quot;:&quot;&quot;,&quot;sizes&quot;:[]}}\" data-widget_type=\"image.default\">\n\t\t\t\t<div class=\"elementor-widget-container\">\n\t\t\t\t\t\t\t\t\t\t\t\t\t\t\t<img decoding=\"async\" width=\"497\" height=\"584\" src=\"https:\/\/tncoopers.com\/wp-content\/uploads\/2024\/10\/Rectangle-42.jpg\" class=\"attachment-full size-full wp-image-4965\" alt=\"\" srcset=\"https:\/\/tncoopers.com\/wp-content\/uploads\/2024\/10\/Rectangle-42.jpg 497w, https:\/\/tncoopers.com\/wp-content\/uploads\/2024\/10\/Rectangle-42-255x300.jpg 255w, https:\/\/tncoopers.com\/wp-content\/uploads\/2024\/10\/Rectangle-42-10x12.jpg 10w\" sizes=\"(max-width: 497px) 100vw, 497px\" \/>\t\t\t\t\t\t\t\t\t\t\t\t\t\t\t<\/div>\n\t\t\t\t<\/div>\n\t\t\t\t<div class=\"elementor-element elementor-element-05c464d elementor-absolute e-transform elementor-widget elementor-widget-image\" data-id=\"05c464d\" data-element_type=\"widget\" data-e-type=\"widget\" data-settings=\"{&quot;_position&quot;:&quot;absolute&quot;,&quot;_transform_translateX_effect&quot;:{&quot;unit&quot;:&quot;%&quot;,&quot;size&quot;:-18,&quot;sizes&quot;:[]},&quot;_transform_translateX_effect_tablet&quot;:{&quot;unit&quot;:&quot;%&quot;,&quot;size&quot;:&quot;&quot;,&quot;sizes&quot;:[]},&quot;_transform_translateX_effect_mobile&quot;:{&quot;unit&quot;:&quot;%&quot;,&quot;size&quot;:&quot;&quot;,&quot;sizes&quot;:[]},&quot;_transform_translateY_effect&quot;:{&quot;unit&quot;:&quot;%&quot;,&quot;size&quot;:-10,&quot;sizes&quot;:[]},&quot;_transform_translateY_effect_tablet&quot;:{&quot;unit&quot;:&quot;%&quot;,&quot;size&quot;:&quot;&quot;,&quot;sizes&quot;:[]},&quot;_transform_translateY_effect_mobile&quot;:{&quot;unit&quot;:&quot;%&quot;,&quot;size&quot;:&quot;&quot;,&quot;sizes&quot;:[]},&quot;_transform_translateX_effect_widescreen&quot;:{&quot;unit&quot;:&quot;px&quot;,&quot;size&quot;:&quot;&quot;,&quot;sizes&quot;:[]},&quot;_transform_translateX_effect_laptop&quot;:{&quot;unit&quot;:&quot;px&quot;,&quot;size&quot;:&quot;&quot;,&quot;sizes&quot;:[]},&quot;_transform_translateX_effect_tablet_extra&quot;:{&quot;unit&quot;:&quot;px&quot;,&quot;size&quot;:&quot;&quot;,&quot;sizes&quot;:[]},&quot;_transform_translateX_effect_mobile_extra&quot;:{&quot;unit&quot;:&quot;px&quot;,&quot;size&quot;:&quot;&quot;,&quot;sizes&quot;:[]},&quot;_transform_translateY_effect_widescreen&quot;:{&quot;unit&quot;:&quot;px&quot;,&quot;size&quot;:&quot;&quot;,&quot;sizes&quot;:[]},&quot;_transform_translateY_effect_laptop&quot;:{&quot;unit&quot;:&quot;px&quot;,&quot;size&quot;:&quot;&quot;,&quot;sizes&quot;:[]},&quot;_transform_translateY_effect_tablet_extra&quot;:{&quot;unit&quot;:&quot;px&quot;,&quot;size&quot;:&quot;&quot;,&quot;sizes&quot;:[]},&quot;_transform_translateY_effect_mobile_extra&quot;:{&quot;unit&quot;:&quot;px&quot;,&quot;size&quot;:&quot;&quot;,&quot;sizes&quot;:[]}}\" data-widget_type=\"image.default\">\n\t\t\t\t<div class=\"elementor-widget-container\">\n\t\t\t\t\t\t\t\t\t\t\t\t\t\t\t<img decoding=\"async\" width=\"887\" height=\"590\" src=\"https:\/\/tncoopers.com\/wp-content\/uploads\/2024\/10\/Rectangle-43.jpg\" class=\"attachment-full size-full wp-image-4967\" alt=\"\" srcset=\"https:\/\/tncoopers.com\/wp-content\/uploads\/2024\/10\/Rectangle-43.jpg 887w, https:\/\/tncoopers.com\/wp-content\/uploads\/2024\/10\/Rectangle-43-300x200.jpg 300w, https:\/\/tncoopers.com\/wp-content\/uploads\/2024\/10\/Rectangle-43-768x511.jpg 768w, https:\/\/tncoopers.com\/wp-content\/uploads\/2024\/10\/Rectangle-43-18x12.jpg 18w\" sizes=\"(max-width: 887px) 100vw, 887px\" \/>\t\t\t\t\t\t\t\t\t\t\t\t\t\t\t<\/div>\n\t\t\t\t<\/div>\n\t\t\t\t<\/div>\n\t\t<div class=\"elementor-element elementor-element-f77b185 e-con-full e-flex e-con e-child\" data-id=\"f77b185\" data-element_type=\"container\" data-e-type=\"container\">\n\t\t\t\t<div class=\"elementor-element elementor-element-9f21b2e elementor-widget elementor-widget-image\" data-id=\"9f21b2e\" data-element_type=\"widget\" data-e-type=\"widget\" data-widget_type=\"image.default\">\n\t\t\t\t<div class=\"elementor-widget-container\">\n\t\t\t\t\t\t\t\t\t\t\t\t\t\t\t<img loading=\"lazy\" decoding=\"async\" width=\"90\" height=\"33\" src=\"https:\/\/tncoopers.com\/wp-content\/uploads\/2024\/10\/Tradition.svg\" class=\"attachment-large size-large wp-image-4905\" alt=\"\" \/>\t\t\t\t\t\t\t\t\t\t\t\t\t\t\t<\/div>\n\t\t\t\t<\/div>\n\t\t\t\t<div class=\"elementor-element elementor-element-83ea3d2 elementor-widget elementor-widget-text-editor\" data-id=\"83ea3d2\" data-element_type=\"widget\" data-e-type=\"widget\" data-widget_type=\"text-editor.default\">\n\t\t\t\t<div class=\"elementor-widget-container\">\n\t\t\t\t\t\t\t\t\t<p>SISTEMA DI TOSTATURA A FUOCO<\/p>\t\t\t\t\t\t\t\t<\/div>\n\t\t\t\t<\/div>\n\t\t\t\t<div class=\"elementor-element elementor-element-20ec93e elementor-widget elementor-widget-text-editor\" data-id=\"20ec93e\" data-element_type=\"widget\" data-e-type=\"widget\" data-widget_type=\"text-editor.default\">\n\t\t\t\t<div class=\"elementor-widget-container\">\n\t\t\t\t\t\t\t\t\t<p>La tostatura a fuoco, conosciuta come <strong>Chauffe \u00e0 Coeur<\/strong> o \u00abtostado al coraz\u00f3n\u00bb, es una t\u00e9cnica francesa que va m\u00e1s all\u00e1 de un simple tostado superficial. Humedecemos la roseta con agua caliente purificada y la calentamos en una c\u00e1mara de vapor para abrir los poros de la madera, preparando as\u00ed la barrica para un cuidadoso y preciso tostado interno. Este proceso asegura que el calor penetre profundamente en la estructura de la madera, desarrollando capas de sabores y aromas que van desde la vainilla y caramelo hasta notas especiadas y tostadas.<br \/><br \/>Il risultato \u00e8 una botte che non solo esalta la morbidezza dei tannini e la persistenza del frutto, ma aggiunge anche una complessit\u00e0 e una dolcezza ineguagliabili, essenziali per l'eccellenza nell'affinamento di vini e distillati di alta gamma.<br \/><br \/><strong>Scopri le nostre ricette di tostatura TRADITION:<\/strong><br \/><strong>LT \/ MT \/ MT+ \/ HT<\/strong><\/p>\t\t\t\t\t\t\t\t<\/div>\n\t\t\t\t<\/div>\n\t\t\t\t<\/div>\n\t\t\t\t\t<\/div>\n\t\t\t\t<\/div>\n\t\t<div class=\"elementor-element elementor-element-3209aa4 e-con-full e-flex e-con e-parent\" data-id=\"3209aa4\" data-element_type=\"container\" data-e-type=\"container\">\n\t\t\t\t<div class=\"elementor-element elementor-element-a645279 elementor-widget elementor-widget-video\" data-id=\"a645279\" data-element_type=\"widget\" data-e-type=\"widget\" data-settings=\"{&quot;youtube_url&quot;:&quot;https:\\\/\\\/www.youtube.com\\\/watch?v=9jOGvyuTxcw&quot;,&quot;autoplay&quot;:&quot;yes&quot;,&quot;loop&quot;:&quot;yes&quot;,&quot;video_type&quot;:&quot;youtube&quot;,&quot;controls&quot;:&quot;yes&quot;}\" data-widget_type=\"video.default\">\n\t\t\t\t<div class=\"elementor-widget-container\">\n\t\t\t\t\t\t\t<div class=\"elementor-wrapper elementor-open-inline\">\n\t\t\t<div class=\"elementor-video\"><\/div>\t\t<\/div>\n\t\t\t\t\t\t<\/div>\n\t\t\t\t<\/div>\n\t\t\t\t<\/div>\n\t\t\t\t<\/div>","protected":false},"excerpt":{"rendered":"<p>tostado TRADICIONAL SISTEMA DE TOSTADO POR FUEGO El tostado al fuego, conocido como Chauffe \u00e0 Coeur o \u00abtostado al coraz\u00f3n\u00bb, es una t\u00e9cnica francesa que va m\u00e1s all\u00e1 de un simple tostado superficial. Humedecemos la roseta con agua caliente purificada y la calentamos en una c\u00e1mara de vapor para abrir los poros de la madera, [&hellip;]<\/p>\n","protected":false},"author":1,"featured_media":0,"parent":4894,"menu_order":0,"comment_status":"closed","ping_status":"closed","template":"","meta":{"_acf_changed":false,"footnotes":""},"class_list":["post-4898","page","type-page","status-publish","hentry"],"acf":[],"yoast_head":"<!-- This site is optimized with the Yoast SEO plugin v27.6 - https:\/\/yoast.com\/product\/yoast-seo-wordpress\/ -->\n<title>Tradicional - TnCoopers<\/title>\n<meta name=\"robots\" content=\"index, follow, max-snippet:-1, max-image-preview:large, max-video-preview:-1\" \/>\n<link rel=\"canonical\" href=\"https:\/\/tncoopers.com\/it\/tostados\/tradicional\/\" \/>\n<meta property=\"og:locale\" content=\"it_IT\" \/>\n<meta property=\"og:type\" content=\"article\" \/>\n<meta property=\"og:title\" content=\"Tradicional - TnCoopers\" \/>\n<meta property=\"og:description\" content=\"tostado TRADICIONAL SISTEMA DE TOSTADO POR FUEGO El tostado al fuego, conocido como Chauffe \u00e0 Coeur o \u00abtostado al coraz\u00f3n\u00bb, es una t\u00e9cnica francesa que va m\u00e1s all\u00e1 de un simple tostado superficial. Humedecemos la roseta con agua caliente purificada y la calentamos en una c\u00e1mara de vapor para abrir los poros de la madera, [&hellip;]\" \/>\n<meta property=\"og:url\" content=\"https:\/\/tncoopers.com\/it\/tostados\/tradicional\/\" \/>\n<meta property=\"og:site_name\" content=\"TnCoopers\" \/>\n<meta property=\"article:publisher\" content=\"https:\/\/www.facebook.com\/toneleria.nacional\" \/>\n<meta property=\"article:modified_time\" content=\"2024-11-28T06:15:57+00:00\" \/>\n<meta property=\"og:image\" content=\"https:\/\/tncoopers.com\/wp-content\/uploads\/2024\/10\/Rectangle-44.jpg\" \/>\n<meta name=\"twitter:card\" content=\"summary_large_image\" \/>\n<meta name=\"twitter:label1\" content=\"Tempo di lettura stimato\" \/>\n\t<meta name=\"twitter:data1\" content=\"1 minuto\" \/>\n<script type=\"application\/ld+json\" class=\"yoast-schema-graph\">{\"@context\":\"https:\\\/\\\/schema.org\",\"@graph\":[{\"@type\":\"WebPage\",\"@id\":\"https:\\\/\\\/tncoopers.com\\\/tostados\\\/tradicional\\\/\",\"url\":\"https:\\\/\\\/tncoopers.com\\\/tostados\\\/tradicional\\\/\",\"name\":\"Tradicional - TnCoopers\",\"isPartOf\":{\"@id\":\"https:\\\/\\\/tncoopers.com\\\/#website\"},\"primaryImageOfPage\":{\"@id\":\"https:\\\/\\\/tncoopers.com\\\/tostados\\\/tradicional\\\/#primaryimage\"},\"image\":{\"@id\":\"https:\\\/\\\/tncoopers.com\\\/tostados\\\/tradicional\\\/#primaryimage\"},\"thumbnailUrl\":\"https:\\\/\\\/tncoopers.com\\\/wp-content\\\/uploads\\\/2024\\\/10\\\/Rectangle-44.jpg\",\"datePublished\":\"2024-10-16T02:58:14+00:00\",\"dateModified\":\"2024-11-28T06:15:57+00:00\",\"breadcrumb\":{\"@id\":\"https:\\\/\\\/tncoopers.com\\\/tostados\\\/tradicional\\\/#breadcrumb\"},\"inLanguage\":\"it-IT\",\"potentialAction\":[{\"@type\":\"ReadAction\",\"target\":[\"https:\\\/\\\/tncoopers.com\\\/tostados\\\/tradicional\\\/\"]}]},{\"@type\":\"ImageObject\",\"inLanguage\":\"it-IT\",\"@id\":\"https:\\\/\\\/tncoopers.com\\\/tostados\\\/tradicional\\\/#primaryimage\",\"url\":\"https:\\\/\\\/tncoopers.com\\\/wp-content\\\/uploads\\\/2024\\\/10\\\/Rectangle-44.jpg\",\"contentUrl\":\"https:\\\/\\\/tncoopers.com\\\/wp-content\\\/uploads\\\/2024\\\/10\\\/Rectangle-44.jpg\"},{\"@type\":\"BreadcrumbList\",\"@id\":\"https:\\\/\\\/tncoopers.com\\\/tostados\\\/tradicional\\\/#breadcrumb\",\"itemListElement\":[{\"@type\":\"ListItem\",\"position\":1,\"name\":\"Portada\",\"item\":\"https:\\\/\\\/tncoopers.com\\\/\"},{\"@type\":\"ListItem\",\"position\":2,\"name\":\"Tostados\",\"item\":\"https:\\\/\\\/tncoopers.com\\\/en\\\/tostados\\\/\"},{\"@type\":\"ListItem\",\"position\":3,\"name\":\"Tradicional\"}]},{\"@type\":\"WebSite\",\"@id\":\"https:\\\/\\\/tncoopers.com\\\/#website\",\"url\":\"https:\\\/\\\/tncoopers.com\\\/\",\"name\":\"TnCoopers\",\"description\":\"\",\"publisher\":{\"@id\":\"https:\\\/\\\/tncoopers.com\\\/#organization\"},\"potentialAction\":[{\"@type\":\"SearchAction\",\"target\":{\"@type\":\"EntryPoint\",\"urlTemplate\":\"https:\\\/\\\/tncoopers.com\\\/?s={search_term_string}\"},\"query-input\":{\"@type\":\"PropertyValueSpecification\",\"valueRequired\":true,\"valueName\":\"search_term_string\"}}],\"inLanguage\":\"it-IT\"},{\"@type\":\"Organization\",\"@id\":\"https:\\\/\\\/tncoopers.com\\\/#organization\",\"name\":\"TnCoopers\",\"url\":\"https:\\\/\\\/tncoopers.com\\\/\",\"logo\":{\"@type\":\"ImageObject\",\"inLanguage\":\"it-IT\",\"@id\":\"https:\\\/\\\/tncoopers.com\\\/#\\\/schema\\\/logo\\\/image\\\/\",\"url\":\"https:\\\/\\\/tncoopers.com\\\/wp-content\\\/uploads\\\/2023\\\/09\\\/logofinal.png\",\"contentUrl\":\"https:\\\/\\\/tncoopers.com\\\/wp-content\\\/uploads\\\/2023\\\/09\\\/logofinal.png\",\"width\":540,\"height\":265,\"caption\":\"TnCoopers\"},\"image\":{\"@id\":\"https:\\\/\\\/tncoopers.com\\\/#\\\/schema\\\/logo\\\/image\\\/\"},\"sameAs\":[\"https:\\\/\\\/www.facebook.com\\\/toneleria.nacional\",\"https:\\\/\\\/www.instagram.com\\\/tncoopers\\\/\"]}]}<\/script>\n<!-- \/ Yoast SEO plugin. -->","yoast_head_json":{"title":"Tradicional - TnCoopers","robots":{"index":"index","follow":"follow","max-snippet":"max-snippet:-1","max-image-preview":"max-image-preview:large","max-video-preview":"max-video-preview:-1"},"canonical":"https:\/\/tncoopers.com\/it\/tostados\/tradicional\/","og_locale":"it_IT","og_type":"article","og_title":"Tradicional - TnCoopers","og_description":"tostado TRADICIONAL SISTEMA DE TOSTADO POR FUEGO El tostado al fuego, conocido como Chauffe \u00e0 Coeur o \u00abtostado al coraz\u00f3n\u00bb, es una t\u00e9cnica francesa que va m\u00e1s all\u00e1 de un simple tostado superficial. Humedecemos la roseta con agua caliente purificada y la calentamos en una c\u00e1mara de vapor para abrir los poros de la madera, [&hellip;]","og_url":"https:\/\/tncoopers.com\/it\/tostados\/tradicional\/","og_site_name":"TnCoopers","article_publisher":"https:\/\/www.facebook.com\/toneleria.nacional","article_modified_time":"2024-11-28T06:15:57+00:00","og_image":[{"url":"https:\/\/tncoopers.com\/wp-content\/uploads\/2024\/10\/Rectangle-44.jpg","type":"","width":"","height":""}],"twitter_card":"summary_large_image","twitter_misc":{"Tempo di lettura stimato":"1 minuto"},"schema":{"@context":"https:\/\/schema.org","@graph":[{"@type":"WebPage","@id":"https:\/\/tncoopers.com\/tostados\/tradicional\/","url":"https:\/\/tncoopers.com\/tostados\/tradicional\/","name":"Tradicional - TnCoopers","isPartOf":{"@id":"https:\/\/tncoopers.com\/#website"},"primaryImageOfPage":{"@id":"https:\/\/tncoopers.com\/tostados\/tradicional\/#primaryimage"},"image":{"@id":"https:\/\/tncoopers.com\/tostados\/tradicional\/#primaryimage"},"thumbnailUrl":"https:\/\/tncoopers.com\/wp-content\/uploads\/2024\/10\/Rectangle-44.jpg","datePublished":"2024-10-16T02:58:14+00:00","dateModified":"2024-11-28T06:15:57+00:00","breadcrumb":{"@id":"https:\/\/tncoopers.com\/tostados\/tradicional\/#breadcrumb"},"inLanguage":"it-IT","potentialAction":[{"@type":"ReadAction","target":["https:\/\/tncoopers.com\/tostados\/tradicional\/"]}]},{"@type":"ImageObject","inLanguage":"it-IT","@id":"https:\/\/tncoopers.com\/tostados\/tradicional\/#primaryimage","url":"https:\/\/tncoopers.com\/wp-content\/uploads\/2024\/10\/Rectangle-44.jpg","contentUrl":"https:\/\/tncoopers.com\/wp-content\/uploads\/2024\/10\/Rectangle-44.jpg"},{"@type":"BreadcrumbList","@id":"https:\/\/tncoopers.com\/tostados\/tradicional\/#breadcrumb","itemListElement":[{"@type":"ListItem","position":1,"name":"Portada","item":"https:\/\/tncoopers.com\/"},{"@type":"ListItem","position":2,"name":"Tostados","item":"https:\/\/tncoopers.com\/en\/tostados\/"},{"@type":"ListItem","position":3,"name":"Tradicional"}]},{"@type":"WebSite","@id":"https:\/\/tncoopers.com\/#website","url":"https:\/\/tncoopers.com\/","name":"TnCoopers","description":"","publisher":{"@id":"https:\/\/tncoopers.com\/#organization"},"potentialAction":[{"@type":"SearchAction","target":{"@type":"EntryPoint","urlTemplate":"https:\/\/tncoopers.com\/?s={search_term_string}"},"query-input":{"@type":"PropertyValueSpecification","valueRequired":true,"valueName":"search_term_string"}}],"inLanguage":"it-IT"},{"@type":"Organization","@id":"https:\/\/tncoopers.com\/#organization","name":"TnCoopers","url":"https:\/\/tncoopers.com\/","logo":{"@type":"ImageObject","inLanguage":"it-IT","@id":"https:\/\/tncoopers.com\/#\/schema\/logo\/image\/","url":"https:\/\/tncoopers.com\/wp-content\/uploads\/2023\/09\/logofinal.png","contentUrl":"https:\/\/tncoopers.com\/wp-content\/uploads\/2023\/09\/logofinal.png","width":540,"height":265,"caption":"TnCoopers"},"image":{"@id":"https:\/\/tncoopers.com\/#\/schema\/logo\/image\/"},"sameAs":["https:\/\/www.facebook.com\/toneleria.nacional","https:\/\/www.instagram.com\/tncoopers\/"]}]}},"_links":{"self":[{"href":"https:\/\/tncoopers.com\/it\/wp-json\/wp\/v2\/pages\/4898","targetHints":{"allow":["GET"]}}],"collection":[{"href":"https:\/\/tncoopers.com\/it\/wp-json\/wp\/v2\/pages"}],"about":[{"href":"https:\/\/tncoopers.com\/it\/wp-json\/wp\/v2\/types\/page"}],"author":[{"embeddable":true,"href":"https:\/\/tncoopers.com\/it\/wp-json\/wp\/v2\/users\/1"}],"replies":[{"embeddable":true,"href":"https:\/\/tncoopers.com\/it\/wp-json\/wp\/v2\/comments?post=4898"}],"version-history":[{"count":19,"href":"https:\/\/tncoopers.com\/it\/wp-json\/wp\/v2\/pages\/4898\/revisions"}],"predecessor-version":[{"id":6498,"href":"https:\/\/tncoopers.com\/it\/wp-json\/wp\/v2\/pages\/4898\/revisions\/6498"}],"up":[{"embeddable":true,"href":"https:\/\/tncoopers.com\/it\/wp-json\/wp\/v2\/pages\/4894"}],"wp:attachment":[{"href":"https:\/\/tncoopers.com\/it\/wp-json\/wp\/v2\/media?parent=4898"}],"curies":[{"name":"wp","href":"https:\/\/api.w.org\/{rel}","templated":true}]}}