{"id":3920,"date":"2024-09-13T03:15:16","date_gmt":"2024-09-13T06:15:16","guid":{"rendered":"https:\/\/tncoopers.com\/?page_id=3920"},"modified":"2024-11-29T00:27:48","modified_gmt":"2024-11-29T03:27:48","slug":"aqua-system","status":"publish","type":"page","link":"https:\/\/tncoopers.com\/it\/id\/innovacion\/aqua-system\/","title":{"rendered":"Aqua System"},"content":{"rendered":"<div data-elementor-type=\"wp-page\" data-elementor-id=\"3920\" class=\"elementor elementor-3920\" data-elementor-post-type=\"page\">\n\t\t\t\t<div class=\"elementor-element elementor-element-67189d16 e-con-full e-flex e-con e-parent\" data-id=\"67189d16\" data-element_type=\"container\" data-e-type=\"container\" data-settings=\"{&quot;background_background&quot;:&quot;classic&quot;}\">\n\t\t\t\t<div class=\"elementor-element elementor-element-72776d89 elementor-widget elementor-widget-heading\" data-id=\"72776d89\" data-element_type=\"widget\" data-e-type=\"widget\" data-widget_type=\"heading.default\">\n\t\t\t\t<div class=\"elementor-widget-container\">\n\t\t\t\t\t<h1 class=\"elementor-heading-title elementor-size-default\">Aqua System<\/h1>\t\t\t\t<\/div>\n\t\t\t\t<\/div>\n\t\t\t\t<\/div>\n\t\t<div class=\"elementor-element elementor-element-8cf526f e-flex e-con-boxed e-con e-parent\" data-id=\"8cf526f\" data-element_type=\"container\" data-e-type=\"container\">\n\t\t\t\t\t<div class=\"e-con-inner\">\n\t\t\t\t<div class=\"elementor-element elementor-element-1658a58 elementor-widget__width-initial elementor-widget elementor-widget-text-editor\" data-id=\"1658a58\" data-element_type=\"widget\" data-e-type=\"widget\" data-widget_type=\"text-editor.default\">\n\t\t\t\t<div class=\"elementor-widget-container\">\n\t\t\t\t\t\t\t\t\t<p>Contribuisce ad ammorbidire e permettere una penetrazione pi\u00f9 lenta e profonda della tostatura nel legno<\/p>\t\t\t\t\t\t\t\t<\/div>\n\t\t\t\t<\/div>\n\t\t\t\t<div class=\"elementor-element elementor-element-ad77718 elementor-widget elementor-widget-text-editor\" data-id=\"ad77718\" data-element_type=\"widget\" data-e-type=\"widget\" data-widget_type=\"text-editor.default\">\n\t\t\t\t<div class=\"elementor-widget-container\">\n\t\t\t\t\t\t\t\t\t<p><strong>Presso TN Coopers, abbiamo creato il sistema AQUA, che combina l'uso di acqua sotto pressione e temperatura, sia per le nostre barrique che per gli alternativi,<\/strong> sviluppando un'opportunit\u00e0 per i vini che cercano un contributo tannico, legnoso e tostato inferiore, rispettando il frutto di ogni variet\u00e0. In questo modo, TN Coopers ha trasformato la scienza e la tecnologia in arte.<\/p>\t\t\t\t\t\t\t\t<\/div>\n\t\t\t\t<\/div>\n\t\t<div class=\"elementor-element elementor-element-e585fa6 e-con-full e-flex e-con e-child\" data-id=\"e585fa6\" data-element_type=\"container\" data-e-type=\"container\">\n\t\t<div class=\"elementor-element elementor-element-c5a9638 e-con-full e-flex e-con e-child\" data-id=\"c5a9638\" data-element_type=\"container\" data-e-type=\"container\">\n\t\t\t\t<div class=\"elementor-element elementor-element-5968573 elementor-widget elementor-widget-image\" data-id=\"5968573\" data-element_type=\"widget\" data-e-type=\"widget\" data-widget_type=\"image.default\">\n\t\t\t\t<div class=\"elementor-widget-container\">\n\t\t\t\t\t\t\t\t\t\t\t\t\t\t\t<img fetchpriority=\"high\" decoding=\"async\" width=\"387\" height=\"323\" src=\"https:\/\/tncoopers.com\/wp-content\/uploads\/2024\/10\/Aqua-Datos-Barrica-ESP-1-1.png\" class=\"attachment-large size-large wp-image-3923\" alt=\"\" \/>\t\t\t\t\t\t\t\t\t\t\t\t\t\t\t<\/div>\n\t\t\t\t<\/div>\n\t\t\t\t<\/div>\n\t\t<div class=\"elementor-element elementor-element-9ba6a5d e-con-full e-flex e-con e-child\" data-id=\"9ba6a5d\" data-element_type=\"container\" data-e-type=\"container\">\n\t\t\t\t<div class=\"elementor-element elementor-element-c3df98f elementor-widget elementor-widget-image\" data-id=\"c3df98f\" data-element_type=\"widget\" data-e-type=\"widget\" data-widget_type=\"image.default\">\n\t\t\t\t<div class=\"elementor-widget-container\">\n\t\t\t\t\t\t\t\t\t\t\t\t\t\t\t<img decoding=\"async\" width=\"387\" height=\"323\" src=\"https:\/\/tncoopers.com\/wp-content\/uploads\/2024\/10\/Aqua-Datos-Barrica-ESP-2-1.png\" class=\"attachment-large size-large wp-image-3924\" alt=\"\" \/>\t\t\t\t\t\t\t\t\t\t\t\t\t\t\t<\/div>\n\t\t\t\t<\/div>\n\t\t\t\t<\/div>\n\t\t\t\t<\/div>\n\t\t\t\t<div class=\"elementor-element elementor-element-1496852 elementor-widget elementor-widget-text-editor\" data-id=\"1496852\" data-element_type=\"widget\" data-e-type=\"widget\" data-widget_type=\"text-editor.default\">\n\t\t\t\t<div class=\"elementor-widget-container\">\n\t\t\t\t\t\t\t\t\t<p>Nelle botti, abbiamo un sistema di lavaggio a 360\u00b0, che ci consente di raggiungere ogni angolo del corpo della barrique. Negli alternativi, grazie al nostro team di R&amp;S e ai nostri ingegneri, abbiamo sviluppato un sistema di lavaggio continuo, generato al 100% grazie al nostro Know-how, che ci consente di lavare tutti i tipi di doghe. Attualmente siamo l'unica tonnelleria che offre questo sistema negli alternativi.<\/p>\t\t\t\t\t\t\t\t<\/div>\n\t\t\t\t<\/div>\n\t\t\t\t\t<\/div>\n\t\t\t\t<\/div>\n\t\t<div class=\"elementor-element elementor-element-fd6df94 e-flex e-con-boxed e-con e-parent\" data-id=\"fd6df94\" data-element_type=\"container\" data-e-type=\"container\" data-settings=\"{&quot;background_background&quot;:&quot;classic&quot;}\">\n\t\t\t\t\t<div class=\"e-con-inner\">\n\t\t\t\t<div class=\"elementor-element elementor-element-ad94db7 elementor-widget elementor-widget-image\" data-id=\"ad94db7\" data-element_type=\"widget\" data-e-type=\"widget\" data-widget_type=\"image.default\">\n\t\t\t\t<div class=\"elementor-widget-container\">\n\t\t\t\t\t\t\t\t\t\t\t\t\t\t\t<img decoding=\"async\" width=\"142\" height=\"68\" src=\"https:\/\/tncoopers.com\/wp-content\/uploads\/2024\/09\/Logo-Aqua@2x-1.svg\" class=\"attachment-large size-large wp-image-3927\" alt=\"\" \/>\t\t\t\t\t\t\t\t\t\t\t\t\t\t\t<\/div>\n\t\t\t\t<\/div>\n\t\t<div class=\"elementor-element elementor-element-6c82a8e e-flex e-con-boxed e-con e-child\" data-id=\"6c82a8e\" data-element_type=\"container\" data-e-type=\"container\">\n\t\t\t\t\t<div class=\"e-con-inner\">\n\t\t<div class=\"elementor-element elementor-element-d755e8c e-con-full e-flex e-con e-child\" data-id=\"d755e8c\" data-element_type=\"container\" data-e-type=\"container\">\n\t\t\t\t<div class=\"elementor-element elementor-element-ef91dc9 elementor-widget elementor-widget-text-editor\" data-id=\"ef91dc9\" data-element_type=\"widget\" data-e-type=\"widget\" data-widget_type=\"text-editor.default\">\n\t\t\t\t<div class=\"elementor-widget-container\">\n\t\t\t\t\t\t\t\t\t<p>Risultati della valutazione del sistema AQUA nei materiali <b>Botti<\/b><\/p>\t\t\t\t\t\t\t\t<\/div>\n\t\t\t\t<\/div>\n\t\t\t\t<div class=\"elementor-element elementor-element-9df0806 elementor-widget elementor-widget-image\" data-id=\"9df0806\" data-element_type=\"widget\" data-e-type=\"widget\" data-widget_type=\"image.default\">\n\t\t\t\t<div class=\"elementor-widget-container\">\n\t\t\t\t\t\t\t\t\t\t\t\t\t\t\t<img loading=\"lazy\" decoding=\"async\" width=\"347\" height=\"290\" src=\"https:\/\/tncoopers.com\/wp-content\/uploads\/2024\/10\/Aqua-Barricas-1-2.png\" class=\"attachment-large size-large wp-image-3925\" alt=\"\" \/>\t\t\t\t\t\t\t\t\t\t\t\t\t\t\t<\/div>\n\t\t\t\t<\/div>\n\t\t\t\t<div class=\"elementor-element elementor-element-9de0e4b elementor-widget elementor-widget-text-editor\" data-id=\"9de0e4b\" data-element_type=\"widget\" data-e-type=\"widget\" data-widget_type=\"text-editor.default\">\n\t\t\t\t<div class=\"elementor-widget-container\">\n\t\t\t\t\t\t\t\t\t<p>Studio realizzato con doghe di botti di rovere francese, nel laboratorio sensoriale dell'Universit\u00e0 del Cile. Il panel di assaggio era composto da 10 panelisti in cabine isolate ad una T\u00b0 di 20\u00b0. La variet\u00e0 del vino \u00e8 Cabernet Sauvignon con il 25% di contatto con doghe di botte. I risultati ottenuti variano a seconda del tipo di legno e del vitigno utilizzato.<\/p>\t\t\t\t\t\t\t\t<\/div>\n\t\t\t\t<\/div>\n\t\t\t\t<\/div>\n\t\t<div class=\"elementor-element elementor-element-244617c e-con-full e-flex e-con e-child\" data-id=\"244617c\" data-element_type=\"container\" data-e-type=\"container\">\n\t\t\t\t<div class=\"elementor-element elementor-element-6ecbfe1 elementor-widget elementor-widget-text-editor\" data-id=\"6ecbfe1\" data-element_type=\"widget\" data-e-type=\"widget\" data-widget_type=\"text-editor.default\">\n\t\t\t\t<div class=\"elementor-widget-container\">\n\t\t\t\t\t\t\t\t\t<p>Risultati della valutazione del sistema AQUA nei materiali <strong>ALTERNATIVI<\/strong><\/p>\t\t\t\t\t\t\t\t<\/div>\n\t\t\t\t<\/div>\n\t\t\t\t<div class=\"elementor-element elementor-element-affca95 elementor-widget elementor-widget-image\" data-id=\"affca95\" data-element_type=\"widget\" data-e-type=\"widget\" data-widget_type=\"image.default\">\n\t\t\t\t<div class=\"elementor-widget-container\">\n\t\t\t\t\t\t\t\t\t\t\t\t\t\t\t<img loading=\"lazy\" decoding=\"async\" width=\"347\" height=\"290\" src=\"https:\/\/tncoopers.com\/wp-content\/uploads\/2024\/10\/Aqua-Barricas-1-3.png\" class=\"attachment-large size-large wp-image-3926\" alt=\"\" \/>\t\t\t\t\t\t\t\t\t\t\t\t\t\t\t<\/div>\n\t\t\t\t<\/div>\n\t\t\t\t<div class=\"elementor-element elementor-element-4a69fe4 elementor-widget elementor-widget-text-editor\" data-id=\"4a69fe4\" data-element_type=\"widget\" data-e-type=\"widget\" data-widget_type=\"text-editor.default\">\n\t\t\t\t<div class=\"elementor-widget-container\">\n\t\t\t\t\t\t\t\t\t<p>Considerati i risultati, i vini con doghe AQUA hanno mostrato una maggiore quantit\u00e0 di fruttato e una minore quantit\u00e0 di amaro e astringenza. Per lo stesso motivo, nella struttura e nella persistenza i vini sono risultati pi\u00f9 gentili e rotondi. I risultati ottenuti variano a seconda del tipo di legno e del vitigno utilizzato.<\/p>\t\t\t\t\t\t\t\t<\/div>\n\t\t\t\t<\/div>\n\t\t\t\t<\/div>\n\t\t\t\t\t<\/div>\n\t\t\t\t<\/div>\n\t\t\t\t\t<\/div>\n\t\t\t\t<\/div>\n\t\t\t\t<\/div>","protected":false},"excerpt":{"rendered":"<p>Aqua System Contribuye a suavizar y permitir una penetraci\u00f3n m\u00e1s lenta y profunda del tostado en la madera En TN Coopers hemos sido capaces de crear el sistema AQUA, que combina el uso de agua a presi\u00f3n y temperatura, tanto para nuestras barricas como en alternativos, desarrollando una alternativa para vinos que persiguen un menor [&hellip;]<\/p>\n","protected":false},"author":1,"featured_media":0,"parent":3809,"menu_order":0,"comment_status":"closed","ping_status":"closed","template":"","meta":{"_acf_changed":false,"footnotes":""},"class_list":["post-3920","page","type-page","status-publish","hentry"],"acf":[],"yoast_head":"<!-- This site is optimized with the Yoast SEO plugin v27.6 - https:\/\/yoast.com\/product\/yoast-seo-wordpress\/ -->\n<title>Aqua System - TnCoopers<\/title>\n<meta name=\"robots\" content=\"index, follow, max-snippet:-1, max-image-preview:large, max-video-preview:-1\" \/>\n<link rel=\"canonical\" href=\"https:\/\/tncoopers.com\/it\/id\/innovacion\/aqua-system\/\" \/>\n<meta property=\"og:locale\" content=\"it_IT\" \/>\n<meta property=\"og:type\" content=\"article\" \/>\n<meta property=\"og:title\" content=\"Aqua System - TnCoopers\" \/>\n<meta property=\"og:description\" content=\"Aqua System Contribuye a suavizar y permitir una penetraci\u00f3n m\u00e1s lenta y profunda del tostado en la madera En TN Coopers hemos sido capaces de crear el sistema AQUA, que combina el uso de agua a presi\u00f3n y temperatura, tanto para nuestras barricas como en alternativos, desarrollando una alternativa para vinos que persiguen un menor [&hellip;]\" \/>\n<meta property=\"og:url\" content=\"https:\/\/tncoopers.com\/it\/id\/innovacion\/aqua-system\/\" \/>\n<meta property=\"og:site_name\" content=\"TnCoopers\" \/>\n<meta property=\"article:publisher\" content=\"https:\/\/www.facebook.com\/toneleria.nacional\" \/>\n<meta property=\"article:modified_time\" content=\"2024-11-29T03:27:48+00:00\" \/>\n<meta property=\"og:image\" content=\"https:\/\/tncoopers.com\/wp-content\/uploads\/2024\/09\/Aqua-Datos-Barrica-ESP-1.svg\" \/>\n<meta name=\"twitter:card\" content=\"summary_large_image\" \/>\n<meta name=\"twitter:label1\" content=\"Tempo di lettura stimato\" \/>\n\t<meta name=\"twitter:data1\" content=\"1 minuto\" \/>\n<script type=\"application\/ld+json\" class=\"yoast-schema-graph\">{\"@context\":\"https:\\\/\\\/schema.org\",\"@graph\":[{\"@type\":\"WebPage\",\"@id\":\"https:\\\/\\\/tncoopers.com\\\/en\\\/id\\\/innovacion\\\/aqua-system\\\/\",\"url\":\"https:\\\/\\\/tncoopers.com\\\/en\\\/id\\\/innovacion\\\/aqua-system\\\/\",\"name\":\"Aqua System - TnCoopers\",\"isPartOf\":{\"@id\":\"https:\\\/\\\/tncoopers.com\\\/#website\"},\"primaryImageOfPage\":{\"@id\":\"https:\\\/\\\/tncoopers.com\\\/en\\\/id\\\/innovacion\\\/aqua-system\\\/#primaryimage\"},\"image\":{\"@id\":\"https:\\\/\\\/tncoopers.com\\\/en\\\/id\\\/innovacion\\\/aqua-system\\\/#primaryimage\"},\"thumbnailUrl\":\"https:\\\/\\\/tncoopers.com\\\/wp-content\\\/uploads\\\/2024\\\/09\\\/Aqua-Datos-Barrica-ESP-1.svg\",\"datePublished\":\"2024-09-13T06:15:16+00:00\",\"dateModified\":\"2024-11-29T03:27:48+00:00\",\"breadcrumb\":{\"@id\":\"https:\\\/\\\/tncoopers.com\\\/en\\\/id\\\/innovacion\\\/aqua-system\\\/#breadcrumb\"},\"inLanguage\":\"it-IT\",\"potentialAction\":[{\"@type\":\"ReadAction\",\"target\":[\"https:\\\/\\\/tncoopers.com\\\/en\\\/id\\\/innovacion\\\/aqua-system\\\/\"]}]},{\"@type\":\"ImageObject\",\"inLanguage\":\"it-IT\",\"@id\":\"https:\\\/\\\/tncoopers.com\\\/en\\\/id\\\/innovacion\\\/aqua-system\\\/#primaryimage\",\"url\":\"https:\\\/\\\/tncoopers.com\\\/wp-content\\\/uploads\\\/2024\\\/09\\\/Aqua-Datos-Barrica-ESP-1.svg\",\"contentUrl\":\"https:\\\/\\\/tncoopers.com\\\/wp-content\\\/uploads\\\/2024\\\/09\\\/Aqua-Datos-Barrica-ESP-1.svg\"},{\"@type\":\"BreadcrumbList\",\"@id\":\"https:\\\/\\\/tncoopers.com\\\/en\\\/id\\\/innovacion\\\/aqua-system\\\/#breadcrumb\",\"itemListElement\":[{\"@type\":\"ListItem\",\"position\":1,\"name\":\"Portada\",\"item\":\"https:\\\/\\\/tncoopers.com\\\/\"},{\"@type\":\"ListItem\",\"position\":2,\"name\":\"I+D\",\"item\":\"https:\\\/\\\/tncoopers.com\\\/id\\\/\"},{\"@type\":\"ListItem\",\"position\":3,\"name\":\"Innovaci\u00f3n\",\"item\":\"https:\\\/\\\/tncoopers.com\\\/en\\\/id\\\/innovacion\\\/\"},{\"@type\":\"ListItem\",\"position\":4,\"name\":\"Aqua System\"}]},{\"@type\":\"WebSite\",\"@id\":\"https:\\\/\\\/tncoopers.com\\\/#website\",\"url\":\"https:\\\/\\\/tncoopers.com\\\/\",\"name\":\"TnCoopers\",\"description\":\"\",\"publisher\":{\"@id\":\"https:\\\/\\\/tncoopers.com\\\/#organization\"},\"potentialAction\":[{\"@type\":\"SearchAction\",\"target\":{\"@type\":\"EntryPoint\",\"urlTemplate\":\"https:\\\/\\\/tncoopers.com\\\/?s={search_term_string}\"},\"query-input\":{\"@type\":\"PropertyValueSpecification\",\"valueRequired\":true,\"valueName\":\"search_term_string\"}}],\"inLanguage\":\"it-IT\"},{\"@type\":\"Organization\",\"@id\":\"https:\\\/\\\/tncoopers.com\\\/#organization\",\"name\":\"TnCoopers\",\"url\":\"https:\\\/\\\/tncoopers.com\\\/\",\"logo\":{\"@type\":\"ImageObject\",\"inLanguage\":\"it-IT\",\"@id\":\"https:\\\/\\\/tncoopers.com\\\/#\\\/schema\\\/logo\\\/image\\\/\",\"url\":\"https:\\\/\\\/tncoopers.com\\\/wp-content\\\/uploads\\\/2023\\\/09\\\/logofinal.png\",\"contentUrl\":\"https:\\\/\\\/tncoopers.com\\\/wp-content\\\/uploads\\\/2023\\\/09\\\/logofinal.png\",\"width\":540,\"height\":265,\"caption\":\"TnCoopers\"},\"image\":{\"@id\":\"https:\\\/\\\/tncoopers.com\\\/#\\\/schema\\\/logo\\\/image\\\/\"},\"sameAs\":[\"https:\\\/\\\/www.facebook.com\\\/toneleria.nacional\",\"https:\\\/\\\/www.instagram.com\\\/tncoopers\\\/\"]}]}<\/script>\n<!-- \/ Yoast SEO plugin. -->","yoast_head_json":{"title":"Aqua System - TnCoopers","robots":{"index":"index","follow":"follow","max-snippet":"max-snippet:-1","max-image-preview":"max-image-preview:large","max-video-preview":"max-video-preview:-1"},"canonical":"https:\/\/tncoopers.com\/it\/id\/innovacion\/aqua-system\/","og_locale":"it_IT","og_type":"article","og_title":"Aqua System - TnCoopers","og_description":"Aqua System Contribuye a suavizar y permitir una penetraci\u00f3n m\u00e1s lenta y profunda del tostado en la madera En TN Coopers hemos sido capaces de crear el sistema AQUA, que combina el uso de agua a presi\u00f3n y temperatura, tanto para nuestras barricas como en alternativos, desarrollando una alternativa para vinos que persiguen un menor [&hellip;]","og_url":"https:\/\/tncoopers.com\/it\/id\/innovacion\/aqua-system\/","og_site_name":"TnCoopers","article_publisher":"https:\/\/www.facebook.com\/toneleria.nacional","article_modified_time":"2024-11-29T03:27:48+00:00","og_image":[{"url":"https:\/\/tncoopers.com\/wp-content\/uploads\/2024\/09\/Aqua-Datos-Barrica-ESP-1.svg","type":"","width":"","height":""}],"twitter_card":"summary_large_image","twitter_misc":{"Tempo di lettura stimato":"1 minuto"},"schema":{"@context":"https:\/\/schema.org","@graph":[{"@type":"WebPage","@id":"https:\/\/tncoopers.com\/en\/id\/innovacion\/aqua-system\/","url":"https:\/\/tncoopers.com\/en\/id\/innovacion\/aqua-system\/","name":"Aqua System - TnCoopers","isPartOf":{"@id":"https:\/\/tncoopers.com\/#website"},"primaryImageOfPage":{"@id":"https:\/\/tncoopers.com\/en\/id\/innovacion\/aqua-system\/#primaryimage"},"image":{"@id":"https:\/\/tncoopers.com\/en\/id\/innovacion\/aqua-system\/#primaryimage"},"thumbnailUrl":"https:\/\/tncoopers.com\/wp-content\/uploads\/2024\/09\/Aqua-Datos-Barrica-ESP-1.svg","datePublished":"2024-09-13T06:15:16+00:00","dateModified":"2024-11-29T03:27:48+00:00","breadcrumb":{"@id":"https:\/\/tncoopers.com\/en\/id\/innovacion\/aqua-system\/#breadcrumb"},"inLanguage":"it-IT","potentialAction":[{"@type":"ReadAction","target":["https:\/\/tncoopers.com\/en\/id\/innovacion\/aqua-system\/"]}]},{"@type":"ImageObject","inLanguage":"it-IT","@id":"https:\/\/tncoopers.com\/en\/id\/innovacion\/aqua-system\/#primaryimage","url":"https:\/\/tncoopers.com\/wp-content\/uploads\/2024\/09\/Aqua-Datos-Barrica-ESP-1.svg","contentUrl":"https:\/\/tncoopers.com\/wp-content\/uploads\/2024\/09\/Aqua-Datos-Barrica-ESP-1.svg"},{"@type":"BreadcrumbList","@id":"https:\/\/tncoopers.com\/en\/id\/innovacion\/aqua-system\/#breadcrumb","itemListElement":[{"@type":"ListItem","position":1,"name":"Portada","item":"https:\/\/tncoopers.com\/"},{"@type":"ListItem","position":2,"name":"I+D","item":"https:\/\/tncoopers.com\/id\/"},{"@type":"ListItem","position":3,"name":"Innovaci\u00f3n","item":"https:\/\/tncoopers.com\/en\/id\/innovacion\/"},{"@type":"ListItem","position":4,"name":"Aqua System"}]},{"@type":"WebSite","@id":"https:\/\/tncoopers.com\/#website","url":"https:\/\/tncoopers.com\/","name":"TnCoopers","description":"","publisher":{"@id":"https:\/\/tncoopers.com\/#organization"},"potentialAction":[{"@type":"SearchAction","target":{"@type":"EntryPoint","urlTemplate":"https:\/\/tncoopers.com\/?s={search_term_string}"},"query-input":{"@type":"PropertyValueSpecification","valueRequired":true,"valueName":"search_term_string"}}],"inLanguage":"it-IT"},{"@type":"Organization","@id":"https:\/\/tncoopers.com\/#organization","name":"TnCoopers","url":"https:\/\/tncoopers.com\/","logo":{"@type":"ImageObject","inLanguage":"it-IT","@id":"https:\/\/tncoopers.com\/#\/schema\/logo\/image\/","url":"https:\/\/tncoopers.com\/wp-content\/uploads\/2023\/09\/logofinal.png","contentUrl":"https:\/\/tncoopers.com\/wp-content\/uploads\/2023\/09\/logofinal.png","width":540,"height":265,"caption":"TnCoopers"},"image":{"@id":"https:\/\/tncoopers.com\/#\/schema\/logo\/image\/"},"sameAs":["https:\/\/www.facebook.com\/toneleria.nacional","https:\/\/www.instagram.com\/tncoopers\/"]}]}},"_links":{"self":[{"href":"https:\/\/tncoopers.com\/it\/wp-json\/wp\/v2\/pages\/3920","targetHints":{"allow":["GET"]}}],"collection":[{"href":"https:\/\/tncoopers.com\/it\/wp-json\/wp\/v2\/pages"}],"about":[{"href":"https:\/\/tncoopers.com\/it\/wp-json\/wp\/v2\/types\/page"}],"author":[{"embeddable":true,"href":"https:\/\/tncoopers.com\/it\/wp-json\/wp\/v2\/users\/1"}],"replies":[{"embeddable":true,"href":"https:\/\/tncoopers.com\/it\/wp-json\/wp\/v2\/comments?post=3920"}],"version-history":[{"count":26,"href":"https:\/\/tncoopers.com\/it\/wp-json\/wp\/v2\/pages\/3920\/revisions"}],"predecessor-version":[{"id":6811,"href":"https:\/\/tncoopers.com\/it\/wp-json\/wp\/v2\/pages\/3920\/revisions\/6811"}],"up":[{"embeddable":true,"href":"https:\/\/tncoopers.com\/it\/wp-json\/wp\/v2\/pages\/3809"}],"wp:attachment":[{"href":"https:\/\/tncoopers.com\/it\/wp-json\/wp\/v2\/media?parent=3920"}],"curies":[{"name":"wp","href":"https:\/\/api.w.org\/{rel}","templated":true}]}}