{"id":3381,"date":"2024-08-27T18:05:42","date_gmt":"2024-08-27T21:05:42","guid":{"rendered":"https:\/\/tncoopers.com\/?page_id=3381"},"modified":"2024-11-29T20:35:35","modified_gmt":"2024-11-29T23:35:35","slug":"lenga","status":"publish","type":"page","link":"https:\/\/tncoopers.com\/it\/maderas\/lenga\/","title":{"rendered":"Lenga"},"content":{"rendered":"<div data-elementor-type=\"wp-page\" data-elementor-id=\"3381\" class=\"elementor elementor-3381\" data-elementor-post-type=\"page\">\n\t\t\t\t<div class=\"elementor-element elementor-element-19a64d21 e-con-full e-flex e-con e-parent\" data-id=\"19a64d21\" data-element_type=\"container\" data-e-type=\"container\" data-settings=\"{&quot;background_background&quot;:&quot;classic&quot;}\">\n\t\t\t\t<div class=\"elementor-element elementor-element-21438a40 elementor-widget elementor-widget-heading\" data-id=\"21438a40\" data-element_type=\"widget\" data-e-type=\"widget\" data-widget_type=\"heading.default\">\n\t\t\t\t<div class=\"elementor-widget-container\">\n\t\t\t\t\t<h1 class=\"elementor-heading-title elementor-size-default\">LENGA <i>dalla Patagonia<\/i><\/h1>\t\t\t\t<\/div>\n\t\t\t\t<\/div>\n\t\t\t\t<div class=\"elementor-element elementor-element-dffec51 elementor-widget elementor-widget-text-editor\" data-id=\"dffec51\" data-element_type=\"widget\" data-e-type=\"widget\" data-widget_type=\"text-editor.default\">\n\t\t\t\t<div class=\"elementor-widget-container\">\n\t\t\t\t\t\t\t\t\t<p>Nothofagus Pumilio<\/p>\t\t\t\t\t\t\t\t<\/div>\n\t\t\t\t<\/div>\n\t\t\t\t<\/div>\n\t\t<div class=\"elementor-element elementor-element-b1d3c50 e-flex e-con-boxed e-con e-parent\" data-id=\"b1d3c50\" data-element_type=\"container\" data-e-type=\"container\">\n\t\t\t\t\t<div class=\"e-con-inner\">\n\t\t<div class=\"elementor-element elementor-element-728493e e-con-full e-flex e-con e-child\" data-id=\"728493e\" data-element_type=\"container\" data-e-type=\"container\">\n\t\t\t\t<div class=\"elementor-element elementor-element-6ca53fd elementor-widget elementor-widget-text-editor\" data-id=\"6ca53fd\" data-element_type=\"widget\" data-e-type=\"widget\" data-widget_type=\"text-editor.default\">\n\t\t\t\t<div class=\"elementor-widget-container\">\n\t\t\t\t\t\t\t\t\t<p class=\"translation-block\">Il lenga \u00e8 un albero autoctono che si trova <br> exclusivamente en la Patagonia<\/p>\t\t\t\t\t\t\t\t<\/div>\n\t\t\t\t<\/div>\n\t\t\t\t<\/div>\n\t\t<div class=\"elementor-element elementor-element-894a509 e-con-full elementor-hidden-mobile e-flex e-con e-child\" data-id=\"894a509\" data-element_type=\"container\" data-e-type=\"container\">\n\t\t\t\t<\/div>\n\t\t\t\t\t<\/div>\n\t\t\t\t<\/div>\n\t\t<div class=\"elementor-element elementor-element-e6e48ff e-flex e-con-boxed e-con e-parent\" data-id=\"e6e48ff\" data-element_type=\"container\" data-e-type=\"container\">\n\t\t\t\t\t<div class=\"e-con-inner\">\n\t\t<div class=\"elementor-element elementor-element-03240c1 e-con-full e-flex e-con e-child\" data-id=\"03240c1\" data-element_type=\"container\" data-e-type=\"container\">\n\t\t\t\t<div class=\"elementor-element elementor-element-e40ca51 elementor-widget elementor-widget-image\" data-id=\"e40ca51\" data-element_type=\"widget\" data-e-type=\"widget\" data-widget_type=\"image.default\">\n\t\t\t\t<div class=\"elementor-widget-container\">\n\t\t\t\t\t\t\t\t\t\t\t\t\t\t\t<img decoding=\"async\" width=\"53\" height=\"52\" src=\"https:\/\/tncoopers.com\/wp-content\/uploads\/2024\/08\/arbol.svg\" class=\"attachment-full size-full wp-image-1441\" alt=\"\" \/>\t\t\t\t\t\t\t\t\t\t\t\t\t\t\t<\/div>\n\t\t\t\t<\/div>\n\t\t\t\t<div class=\"elementor-element elementor-element-86c862c elementor-widget__width-initial elementor-widget-mobile__width-initial elementor-widget elementor-widget-text-editor\" data-id=\"86c862c\" data-element_type=\"widget\" data-e-type=\"widget\" data-widget_type=\"text-editor.default\">\n\t\t\t\t<div class=\"elementor-widget-container\">\n\t\t\t\t\t\t\t\t\t<div>Origine: Ande Patagoniche, Cile<\/div>\t\t\t\t\t\t\t\t<\/div>\n\t\t\t\t<\/div>\n\t\t\t\t<\/div>\n\t\t<div class=\"elementor-element elementor-element-8deaa7d e-con-full e-flex e-con e-child\" data-id=\"8deaa7d\" data-element_type=\"container\" data-e-type=\"container\">\n\t\t\t\t<div class=\"elementor-element elementor-element-44d0969 elementor-widget elementor-widget-image\" data-id=\"44d0969\" data-element_type=\"widget\" data-e-type=\"widget\" data-widget_type=\"image.default\">\n\t\t\t\t<div class=\"elementor-widget-container\">\n\t\t\t\t\t\t\t\t\t\t\t\t\t\t\t<img decoding=\"async\" width=\"52\" height=\"52\" src=\"https:\/\/tncoopers.com\/wp-content\/uploads\/2024\/08\/tala.svg\" class=\"attachment-full size-full wp-image-1442\" alt=\"\" \/>\t\t\t\t\t\t\t\t\t\t\t\t\t\t\t<\/div>\n\t\t\t\t<\/div>\n\t\t\t\t<div class=\"elementor-element elementor-element-48f0730 elementor-widget__width-initial elementor-widget-mobile__width-initial elementor-widget elementor-widget-text-editor\" data-id=\"48f0730\" data-element_type=\"widget\" data-e-type=\"widget\" data-widget_type=\"text-editor.default\">\n\t\t\t\t<div class=\"elementor-widget-container\">\n\t\t\t\t\t\t\t\t\t<div>Alberi maturi di et\u00e0 120-150 anni<\/div>\t\t\t\t\t\t\t\t<\/div>\n\t\t\t\t<\/div>\n\t\t\t\t<\/div>\n\t\t<div class=\"elementor-element elementor-element-4b89fa8 e-con-full e-flex e-con e-child\" data-id=\"4b89fa8\" data-element_type=\"container\" data-e-type=\"container\">\n\t\t\t\t<div class=\"elementor-element elementor-element-0950401 elementor-widget elementor-widget-image\" data-id=\"0950401\" data-element_type=\"widget\" data-e-type=\"widget\" data-widget_type=\"image.default\">\n\t\t\t\t<div class=\"elementor-widget-container\">\n\t\t\t\t\t\t\t\t\t\t\t\t\t\t\t<img decoding=\"async\" width=\"52\" height=\"53\" src=\"https:\/\/tncoopers.com\/wp-content\/uploads\/2024\/08\/fsc.svg\" class=\"attachment-full size-full wp-image-1511\" alt=\"\" \/>\t\t\t\t\t\t\t\t\t\t\t\t\t\t\t<\/div>\n\t\t\t\t<\/div>\n\t\t\t\t<div class=\"elementor-element elementor-element-99b7ffb elementor-widget__width-initial elementor-widget elementor-widget-text-editor\" data-id=\"99b7ffb\" data-element_type=\"widget\" data-e-type=\"widget\" data-widget_type=\"text-editor.default\">\n\t\t\t\t<div class=\"elementor-widget-container\">\n\t\t\t\t\t\t\t\t\t<div>Sfruttamento sostenibile sotto la guida di CONAF<\/div>\t\t\t\t\t\t\t\t<\/div>\n\t\t\t\t<\/div>\n\t\t\t\t<\/div>\n\t\t\t\t\t<\/div>\n\t\t\t\t<\/div>\n\t\t<div class=\"elementor-element elementor-element-1ef837f e-flex e-con-boxed e-con e-parent\" data-id=\"1ef837f\" data-element_type=\"container\" data-e-type=\"container\">\n\t\t\t\t\t<div class=\"e-con-inner\">\n\t\t<div class=\"elementor-element elementor-element-aa7e880 e-con-full e-flex e-con e-child\" data-id=\"aa7e880\" data-element_type=\"container\" data-e-type=\"container\">\n\t\t\t\t<div class=\"elementor-element elementor-element-278814b elementor-widget elementor-widget-text-editor\" data-id=\"278814b\" data-element_type=\"widget\" data-e-type=\"widget\" data-widget_type=\"text-editor.default\">\n\t\t\t\t<div class=\"elementor-widget-container\">\n\t\t\t\t\t\t\t\t\t<p>Immersa nella terra australis troviamo la Patagonia, nota per la maestosit\u00e0 dei suoi grandi contrasti geografici e dei suoi scenari naturali incomparabili. Qui nasce la Lenga, una specie rappresentativa della foresta andina patagonica. Il legno di Lenga \u00e8 ottenuto sotto sfruttamento forestale sostenibile guidato da CONAF.<br \/><br \/>Il legno di Lenga esalta i frutti rossi, fornisce note dolci e tocchi di cedro, completati da sottili note tostate. Al palato migliora il centro bocca, aggiungendo volume e esaltando le  note fruttate e floreali. Si caratterizza per una bassa astringenza e contribuisce con tannini morbidi e delicati, assicurando un'integrazione armoniosa nel vino.<br \/><br \/>Per distillati, il legno di Lenga conferisce un colore rosa pallido distintivo, migliorando i sapori di miele e fumo e aggiungendo una dimensione unica al profilo di sapore finale del prodotto.<\/p>\t\t\t\t\t\t\t\t<\/div>\n\t\t\t\t<\/div>\n\t\t\t\t<\/div>\n\t\t<div class=\"elementor-element elementor-element-981c2c5 e-con-full e-flex e-con e-child\" data-id=\"981c2c5\" data-element_type=\"container\" data-e-type=\"container\">\n\t\t\t\t<div class=\"elementor-element elementor-element-ac0ffa4 hide elementor-widget elementor-widget-image\" data-id=\"ac0ffa4\" data-element_type=\"widget\" data-e-type=\"widget\" data-widget_type=\"image.default\">\n\t\t\t\t<div class=\"elementor-widget-container\">\n\t\t\t\t\t\t\t\t\t\t\t\t\t\t\t<img loading=\"lazy\" decoding=\"async\" width=\"800\" height=\"657\" src=\"https:\/\/tncoopers.com\/wp-content\/uploads\/2024\/10\/image-1-3.png\" class=\"attachment-large size-large wp-image-3414\" alt=\"\" srcset=\"https:\/\/tncoopers.com\/wp-content\/uploads\/2024\/10\/image-1-3.png 639w, https:\/\/tncoopers.com\/wp-content\/uploads\/2024\/10\/image-1-3-300x246.png 300w, https:\/\/tncoopers.com\/wp-content\/uploads\/2024\/10\/image-1-3-15x12.png 15w\" sizes=\"(max-width: 800px) 100vw, 800px\" \/>\t\t\t\t\t\t\t\t\t\t\t\t\t\t\t<\/div>\n\t\t\t\t<\/div>\n\t\t\t\t<div class=\"elementor-element elementor-element-cf7c3cd elementor-widget elementor-widget-html\" data-id=\"cf7c3cd\" data-element_type=\"widget\" data-e-type=\"widget\" data-widget_type=\"html.default\">\n\t\t\t\t<div class=\"elementor-widget-container\">\n\t\t\t\t\t\n\n\n\n\n<img decoding=\"async\" src=\"https:\/\/tncoopers.com\/wp-content\/uploads\/2024\/10\/image-1-3.png\" alt=\"Patagonia Chilena\" \/>\n\t\t\t\t<\/div>\n\t\t\t\t<\/div>\n\t\t\t\t<\/div>\n\t\t\t\t\t<\/div>\n\t\t\t\t<\/div>\n\t\t<div class=\"elementor-element elementor-element-5b37bd4 e-flex e-con-boxed e-con e-parent\" data-id=\"5b37bd4\" data-element_type=\"container\" data-e-type=\"container\">\n\t\t\t\t\t<div class=\"e-con-inner\">\n\t\t<div class=\"elementor-element elementor-element-dbd85ea e-con-full e-flex e-con e-child\" data-id=\"dbd85ea\" data-element_type=\"container\" data-e-type=\"container\">\n\t\t\t\t<div class=\"elementor-element elementor-element-476d7a2 elementor-widget elementor-widget-image\" data-id=\"476d7a2\" data-element_type=\"widget\" data-e-type=\"widget\" data-widget_type=\"image.default\">\n\t\t\t\t<div class=\"elementor-widget-container\">\n\t\t\t\t\t\t\t\t\t\t\t\t\t\t\t<img loading=\"lazy\" decoding=\"async\" width=\"774\" height=\"768\" src=\"https:\/\/tncoopers.com\/wp-content\/uploads\/2024\/08\/Rectangle-22-3.jpg\" class=\"attachment-large size-large wp-image-3415\" alt=\"\" srcset=\"https:\/\/tncoopers.com\/wp-content\/uploads\/2024\/08\/Rectangle-22-3.jpg 774w, https:\/\/tncoopers.com\/wp-content\/uploads\/2024\/08\/Rectangle-22-3-300x298.jpg 300w, https:\/\/tncoopers.com\/wp-content\/uploads\/2024\/08\/Rectangle-22-3-150x150.jpg 150w, https:\/\/tncoopers.com\/wp-content\/uploads\/2024\/08\/Rectangle-22-3-768x762.jpg 768w, https:\/\/tncoopers.com\/wp-content\/uploads\/2024\/08\/Rectangle-22-3-12x12.jpg 12w\" sizes=\"(max-width: 774px) 100vw, 774px\" \/>\t\t\t\t\t\t\t\t\t\t\t\t\t\t\t<\/div>\n\t\t\t\t<\/div>\n\t\t\t\t<\/div>\n\t\t<div class=\"elementor-element elementor-element-5b24742 e-con-full e-flex e-con e-child\" data-id=\"5b24742\" data-element_type=\"container\" data-e-type=\"container\">\n\t\t\t\t<div class=\"elementor-element elementor-element-0889731 elementor-widget elementor-widget-image\" data-id=\"0889731\" data-element_type=\"widget\" data-e-type=\"widget\" data-widget_type=\"image.default\">\n\t\t\t\t<div class=\"elementor-widget-container\">\n\t\t\t\t\t\t\t\t\t\t\t\t\t\t\t<img loading=\"lazy\" decoding=\"async\" width=\"774\" height=\"768\" src=\"https:\/\/tncoopers.com\/wp-content\/uploads\/2024\/08\/Rectangle-23-3.jpg\" class=\"attachment-large size-large wp-image-3416\" alt=\"\" srcset=\"https:\/\/tncoopers.com\/wp-content\/uploads\/2024\/08\/Rectangle-23-3.jpg 774w, https:\/\/tncoopers.com\/wp-content\/uploads\/2024\/08\/Rectangle-23-3-300x298.jpg 300w, https:\/\/tncoopers.com\/wp-content\/uploads\/2024\/08\/Rectangle-23-3-150x150.jpg 150w, https:\/\/tncoopers.com\/wp-content\/uploads\/2024\/08\/Rectangle-23-3-768x762.jpg 768w, https:\/\/tncoopers.com\/wp-content\/uploads\/2024\/08\/Rectangle-23-3-12x12.jpg 12w\" sizes=\"(max-width: 774px) 100vw, 774px\" \/>\t\t\t\t\t\t\t\t\t\t\t\t\t\t\t<\/div>\n\t\t\t\t<\/div>\n\t\t\t\t<\/div>\n\t\t<div class=\"elementor-element elementor-element-6ea2b3d e-con-full e-flex e-con e-child\" data-id=\"6ea2b3d\" data-element_type=\"container\" data-e-type=\"container\">\n\t\t\t\t<div class=\"elementor-element elementor-element-9fab76d elementor-widget elementor-widget-image\" data-id=\"9fab76d\" data-element_type=\"widget\" data-e-type=\"widget\" data-widget_type=\"image.default\">\n\t\t\t\t<div class=\"elementor-widget-container\">\n\t\t\t\t\t\t\t\t\t\t\t\t\t\t\t<img loading=\"lazy\" decoding=\"async\" width=\"774\" height=\"768\" src=\"https:\/\/tncoopers.com\/wp-content\/uploads\/2024\/08\/Rectangle-24-3.jpg\" class=\"attachment-large size-large wp-image-3417\" alt=\"\" srcset=\"https:\/\/tncoopers.com\/wp-content\/uploads\/2024\/08\/Rectangle-24-3.jpg 774w, https:\/\/tncoopers.com\/wp-content\/uploads\/2024\/08\/Rectangle-24-3-300x298.jpg 300w, https:\/\/tncoopers.com\/wp-content\/uploads\/2024\/08\/Rectangle-24-3-150x150.jpg 150w, https:\/\/tncoopers.com\/wp-content\/uploads\/2024\/08\/Rectangle-24-3-768x762.jpg 768w, https:\/\/tncoopers.com\/wp-content\/uploads\/2024\/08\/Rectangle-24-3-12x12.jpg 12w\" sizes=\"(max-width: 774px) 100vw, 774px\" \/>\t\t\t\t\t\t\t\t\t\t\t\t\t\t\t<\/div>\n\t\t\t\t<\/div>\n\t\t\t\t<\/div>\n\t\t\t\t\t<\/div>\n\t\t\t\t<\/div>\n\t\t<div class=\"elementor-element elementor-element-b1b1cf0 e-flex e-con-boxed e-con e-parent\" data-id=\"b1b1cf0\" data-element_type=\"container\" data-e-type=\"container\">\n\t\t\t\t\t<div class=\"e-con-inner\">\n\t\t\t\t\t<\/div>\n\t\t\t\t<\/div>\n\t\t\t\t<\/div>","protected":false},"excerpt":{"rendered":"<p>LENGA from Patagonia Nothofagus Pumilio La lenga es un \u00e1rbol nativo que se encuentraexclusivamente en la Patagonia Origen: Patagonia Chilena Tala de \u00e1rboles maduros, entre 120 &#8211; 150 a\u00f1os Explotaci\u00f3n sustentable bajo la gu\u00eda de CONAF Sumergidos en la terra australis nos encontramos con la Patagonia, conocida por la majestuosidad de sus grandes contrastes geogr\u00e1ficos [&hellip;]<\/p>\n","protected":false},"author":1,"featured_media":0,"parent":3195,"menu_order":0,"comment_status":"closed","ping_status":"closed","template":"","meta":{"_acf_changed":false,"footnotes":""},"class_list":["post-3381","page","type-page","status-publish","hentry"],"acf":[],"yoast_head":"<!-- This site is optimized with the Yoast SEO plugin v27.5 - https:\/\/yoast.com\/product\/yoast-seo-wordpress\/ -->\n<title>Lenga - TnCoopers<\/title>\n<meta name=\"robots\" content=\"index, follow, max-snippet:-1, max-image-preview:large, max-video-preview:-1\" \/>\n<link rel=\"canonical\" href=\"https:\/\/tncoopers.com\/it\/maderas\/lenga\/\" \/>\n<meta property=\"og:locale\" content=\"it_IT\" \/>\n<meta property=\"og:type\" content=\"article\" \/>\n<meta property=\"og:title\" content=\"Lenga - TnCoopers\" \/>\n<meta property=\"og:description\" content=\"LENGA from Patagonia Nothofagus Pumilio La lenga es un \u00e1rbol nativo que se encuentraexclusivamente en la Patagonia Origen: Patagonia Chilena Tala de \u00e1rboles maduros, entre 120 &#8211; 150 a\u00f1os Explotaci\u00f3n sustentable bajo la gu\u00eda de CONAF Sumergidos en la terra australis nos encontramos con la Patagonia, conocida por la majestuosidad de sus grandes contrastes geogr\u00e1ficos [&hellip;]\" \/>\n<meta property=\"og:url\" content=\"https:\/\/tncoopers.com\/it\/maderas\/lenga\/\" \/>\n<meta property=\"og:site_name\" content=\"TnCoopers\" \/>\n<meta property=\"article:publisher\" content=\"https:\/\/www.facebook.com\/toneleria.nacional\" \/>\n<meta property=\"article:modified_time\" content=\"2024-11-29T23:35:35+00:00\" \/>\n<meta property=\"og:image\" content=\"https:\/\/tncoopers.com\/wp-content\/uploads\/2024\/08\/arbol.svg\" \/>\n<meta name=\"twitter:card\" content=\"summary_large_image\" \/>\n<meta name=\"twitter:label1\" content=\"Tempo di lettura stimato\" \/>\n\t<meta name=\"twitter:data1\" content=\"1 minuto\" \/>\n<script type=\"application\/ld+json\" class=\"yoast-schema-graph\">{\"@context\":\"https:\\\/\\\/schema.org\",\"@graph\":[{\"@type\":\"WebPage\",\"@id\":\"https:\\\/\\\/tncoopers.com\\\/en\\\/maderas\\\/lenga\\\/\",\"url\":\"https:\\\/\\\/tncoopers.com\\\/en\\\/maderas\\\/lenga\\\/\",\"name\":\"Lenga - TnCoopers\",\"isPartOf\":{\"@id\":\"https:\\\/\\\/tncoopers.com\\\/#website\"},\"primaryImageOfPage\":{\"@id\":\"https:\\\/\\\/tncoopers.com\\\/en\\\/maderas\\\/lenga\\\/#primaryimage\"},\"image\":{\"@id\":\"https:\\\/\\\/tncoopers.com\\\/en\\\/maderas\\\/lenga\\\/#primaryimage\"},\"thumbnailUrl\":\"https:\\\/\\\/tncoopers.com\\\/wp-content\\\/uploads\\\/2024\\\/08\\\/arbol.svg\",\"datePublished\":\"2024-08-27T21:05:42+00:00\",\"dateModified\":\"2024-11-29T23:35:35+00:00\",\"breadcrumb\":{\"@id\":\"https:\\\/\\\/tncoopers.com\\\/en\\\/maderas\\\/lenga\\\/#breadcrumb\"},\"inLanguage\":\"it-IT\",\"potentialAction\":[{\"@type\":\"ReadAction\",\"target\":[\"https:\\\/\\\/tncoopers.com\\\/en\\\/maderas\\\/lenga\\\/\"]}]},{\"@type\":\"ImageObject\",\"inLanguage\":\"it-IT\",\"@id\":\"https:\\\/\\\/tncoopers.com\\\/en\\\/maderas\\\/lenga\\\/#primaryimage\",\"url\":\"https:\\\/\\\/tncoopers.com\\\/wp-content\\\/uploads\\\/2024\\\/08\\\/arbol.svg\",\"contentUrl\":\"https:\\\/\\\/tncoopers.com\\\/wp-content\\\/uploads\\\/2024\\\/08\\\/arbol.svg\"},{\"@type\":\"BreadcrumbList\",\"@id\":\"https:\\\/\\\/tncoopers.com\\\/en\\\/maderas\\\/lenga\\\/#breadcrumb\",\"itemListElement\":[{\"@type\":\"ListItem\",\"position\":1,\"name\":\"Portada\",\"item\":\"https:\\\/\\\/tncoopers.com\\\/\"},{\"@type\":\"ListItem\",\"position\":2,\"name\":\"Maderas\",\"item\":\"https:\\\/\\\/tncoopers.com\\\/en\\\/maderas\\\/\"},{\"@type\":\"ListItem\",\"position\":3,\"name\":\"Lenga\"}]},{\"@type\":\"WebSite\",\"@id\":\"https:\\\/\\\/tncoopers.com\\\/#website\",\"url\":\"https:\\\/\\\/tncoopers.com\\\/\",\"name\":\"TnCoopers\",\"description\":\"\",\"publisher\":{\"@id\":\"https:\\\/\\\/tncoopers.com\\\/#organization\"},\"potentialAction\":[{\"@type\":\"SearchAction\",\"target\":{\"@type\":\"EntryPoint\",\"urlTemplate\":\"https:\\\/\\\/tncoopers.com\\\/?s={search_term_string}\"},\"query-input\":{\"@type\":\"PropertyValueSpecification\",\"valueRequired\":true,\"valueName\":\"search_term_string\"}}],\"inLanguage\":\"it-IT\"},{\"@type\":\"Organization\",\"@id\":\"https:\\\/\\\/tncoopers.com\\\/#organization\",\"name\":\"TnCoopers\",\"url\":\"https:\\\/\\\/tncoopers.com\\\/\",\"logo\":{\"@type\":\"ImageObject\",\"inLanguage\":\"it-IT\",\"@id\":\"https:\\\/\\\/tncoopers.com\\\/#\\\/schema\\\/logo\\\/image\\\/\",\"url\":\"https:\\\/\\\/tncoopers.com\\\/wp-content\\\/uploads\\\/2023\\\/09\\\/logofinal.png\",\"contentUrl\":\"https:\\\/\\\/tncoopers.com\\\/wp-content\\\/uploads\\\/2023\\\/09\\\/logofinal.png\",\"width\":540,\"height\":265,\"caption\":\"TnCoopers\"},\"image\":{\"@id\":\"https:\\\/\\\/tncoopers.com\\\/#\\\/schema\\\/logo\\\/image\\\/\"},\"sameAs\":[\"https:\\\/\\\/www.facebook.com\\\/toneleria.nacional\",\"https:\\\/\\\/www.instagram.com\\\/tncoopers\\\/\"]}]}<\/script>\n<!-- \/ Yoast SEO plugin. -->","yoast_head_json":{"title":"Lenga - TnCoopers","robots":{"index":"index","follow":"follow","max-snippet":"max-snippet:-1","max-image-preview":"max-image-preview:large","max-video-preview":"max-video-preview:-1"},"canonical":"https:\/\/tncoopers.com\/it\/maderas\/lenga\/","og_locale":"it_IT","og_type":"article","og_title":"Lenga - TnCoopers","og_description":"LENGA from Patagonia Nothofagus Pumilio La lenga es un \u00e1rbol nativo que se encuentraexclusivamente en la Patagonia Origen: Patagonia Chilena Tala de \u00e1rboles maduros, entre 120 &#8211; 150 a\u00f1os Explotaci\u00f3n sustentable bajo la gu\u00eda de CONAF Sumergidos en la terra australis nos encontramos con la Patagonia, conocida por la majestuosidad de sus grandes contrastes geogr\u00e1ficos [&hellip;]","og_url":"https:\/\/tncoopers.com\/it\/maderas\/lenga\/","og_site_name":"TnCoopers","article_publisher":"https:\/\/www.facebook.com\/toneleria.nacional","article_modified_time":"2024-11-29T23:35:35+00:00","og_image":[{"url":"https:\/\/tncoopers.com\/wp-content\/uploads\/2024\/08\/arbol.svg","type":"","width":"","height":""}],"twitter_card":"summary_large_image","twitter_misc":{"Tempo di lettura stimato":"1 minuto"},"schema":{"@context":"https:\/\/schema.org","@graph":[{"@type":"WebPage","@id":"https:\/\/tncoopers.com\/en\/maderas\/lenga\/","url":"https:\/\/tncoopers.com\/en\/maderas\/lenga\/","name":"Lenga - TnCoopers","isPartOf":{"@id":"https:\/\/tncoopers.com\/#website"},"primaryImageOfPage":{"@id":"https:\/\/tncoopers.com\/en\/maderas\/lenga\/#primaryimage"},"image":{"@id":"https:\/\/tncoopers.com\/en\/maderas\/lenga\/#primaryimage"},"thumbnailUrl":"https:\/\/tncoopers.com\/wp-content\/uploads\/2024\/08\/arbol.svg","datePublished":"2024-08-27T21:05:42+00:00","dateModified":"2024-11-29T23:35:35+00:00","breadcrumb":{"@id":"https:\/\/tncoopers.com\/en\/maderas\/lenga\/#breadcrumb"},"inLanguage":"it-IT","potentialAction":[{"@type":"ReadAction","target":["https:\/\/tncoopers.com\/en\/maderas\/lenga\/"]}]},{"@type":"ImageObject","inLanguage":"it-IT","@id":"https:\/\/tncoopers.com\/en\/maderas\/lenga\/#primaryimage","url":"https:\/\/tncoopers.com\/wp-content\/uploads\/2024\/08\/arbol.svg","contentUrl":"https:\/\/tncoopers.com\/wp-content\/uploads\/2024\/08\/arbol.svg"},{"@type":"BreadcrumbList","@id":"https:\/\/tncoopers.com\/en\/maderas\/lenga\/#breadcrumb","itemListElement":[{"@type":"ListItem","position":1,"name":"Portada","item":"https:\/\/tncoopers.com\/"},{"@type":"ListItem","position":2,"name":"Maderas","item":"https:\/\/tncoopers.com\/en\/maderas\/"},{"@type":"ListItem","position":3,"name":"Lenga"}]},{"@type":"WebSite","@id":"https:\/\/tncoopers.com\/#website","url":"https:\/\/tncoopers.com\/","name":"TnCoopers","description":"","publisher":{"@id":"https:\/\/tncoopers.com\/#organization"},"potentialAction":[{"@type":"SearchAction","target":{"@type":"EntryPoint","urlTemplate":"https:\/\/tncoopers.com\/?s={search_term_string}"},"query-input":{"@type":"PropertyValueSpecification","valueRequired":true,"valueName":"search_term_string"}}],"inLanguage":"it-IT"},{"@type":"Organization","@id":"https:\/\/tncoopers.com\/#organization","name":"TnCoopers","url":"https:\/\/tncoopers.com\/","logo":{"@type":"ImageObject","inLanguage":"it-IT","@id":"https:\/\/tncoopers.com\/#\/schema\/logo\/image\/","url":"https:\/\/tncoopers.com\/wp-content\/uploads\/2023\/09\/logofinal.png","contentUrl":"https:\/\/tncoopers.com\/wp-content\/uploads\/2023\/09\/logofinal.png","width":540,"height":265,"caption":"TnCoopers"},"image":{"@id":"https:\/\/tncoopers.com\/#\/schema\/logo\/image\/"},"sameAs":["https:\/\/www.facebook.com\/toneleria.nacional","https:\/\/www.instagram.com\/tncoopers\/"]}]}},"_links":{"self":[{"href":"https:\/\/tncoopers.com\/it\/wp-json\/wp\/v2\/pages\/3381","targetHints":{"allow":["GET"]}}],"collection":[{"href":"https:\/\/tncoopers.com\/it\/wp-json\/wp\/v2\/pages"}],"about":[{"href":"https:\/\/tncoopers.com\/it\/wp-json\/wp\/v2\/types\/page"}],"author":[{"embeddable":true,"href":"https:\/\/tncoopers.com\/it\/wp-json\/wp\/v2\/users\/1"}],"replies":[{"embeddable":true,"href":"https:\/\/tncoopers.com\/it\/wp-json\/wp\/v2\/comments?post=3381"}],"version-history":[{"count":23,"href":"https:\/\/tncoopers.com\/it\/wp-json\/wp\/v2\/pages\/3381\/revisions"}],"predecessor-version":[{"id":7000,"href":"https:\/\/tncoopers.com\/it\/wp-json\/wp\/v2\/pages\/3381\/revisions\/7000"}],"up":[{"embeddable":true,"href":"https:\/\/tncoopers.com\/it\/wp-json\/wp\/v2\/pages\/3195"}],"wp:attachment":[{"href":"https:\/\/tncoopers.com\/it\/wp-json\/wp\/v2\/media?parent=3381"}],"curies":[{"name":"wp","href":"https:\/\/api.w.org\/{rel}","templated":true}]}}