{"id":3380,"date":"2024-08-27T18:05:28","date_gmt":"2024-08-27T21:05:28","guid":{"rendered":"https:\/\/tncoopers.com\/?page_id=3380"},"modified":"2024-11-29T20:33:49","modified_gmt":"2024-11-29T23:33:49","slug":"cherry","status":"publish","type":"page","link":"https:\/\/tncoopers.com\/it\/maderas\/cherry\/","title":{"rendered":"Ciliegio"},"content":{"rendered":"<div data-elementor-type=\"wp-page\" data-elementor-id=\"3380\" class=\"elementor elementor-3380\" data-elementor-post-type=\"page\">\n\t\t\t\t<div class=\"elementor-element elementor-element-19a64d21 e-con-full e-flex e-con e-parent\" data-id=\"19a64d21\" data-element_type=\"container\" data-e-type=\"container\" data-settings=\"{&quot;background_background&quot;:&quot;classic&quot;}\">\n\t\t\t\t<div class=\"elementor-element elementor-element-21438a40 elementor-widget elementor-widget-heading\" data-id=\"21438a40\" data-element_type=\"widget\" data-e-type=\"widget\" data-widget_type=\"heading.default\">\n\t\t\t\t<div class=\"elementor-widget-container\">\n\t\t\t\t\t<h1 class=\"elementor-heading-title elementor-size-default\">CILIEGIO<\/h1>\t\t\t\t<\/div>\n\t\t\t\t<\/div>\n\t\t\t\t<div class=\"elementor-element elementor-element-dffec51 elementor-widget elementor-widget-text-editor\" data-id=\"dffec51\" data-element_type=\"widget\" data-e-type=\"widget\" data-widget_type=\"text-editor.default\">\n\t\t\t\t<div class=\"elementor-widget-container\">\n\t\t\t\t\t\t\t\t\t<p>Prunus Avium<\/p>\t\t\t\t\t\t\t\t<\/div>\n\t\t\t\t<\/div>\n\t\t\t\t<\/div>\n\t\t<div class=\"elementor-element elementor-element-b1d3c50 e-flex e-con-boxed e-con e-parent\" data-id=\"b1d3c50\" data-element_type=\"container\" data-e-type=\"container\">\n\t\t\t\t\t<div class=\"e-con-inner\">\n\t\t<div class=\"elementor-element elementor-element-728493e e-con-full e-flex e-con e-child\" data-id=\"728493e\" data-element_type=\"container\" data-e-type=\"container\">\n\t\t\t\t<div class=\"elementor-element elementor-element-6ca53fd elementor-widget elementor-widget-text-editor\" data-id=\"6ca53fd\" data-element_type=\"widget\" data-e-type=\"widget\" data-widget_type=\"text-editor.default\">\n\t\t\t\t<div class=\"elementor-widget-container\">\n\t\t\t\t\t\t\t\t\t<p data-pm-slice=\"1 1 []\">La nostra selezione di legno di Ciliegio proviene dalla grande catena montuosa dei Monti Carpazi.<\/p>\t\t\t\t\t\t\t\t<\/div>\n\t\t\t\t<\/div>\n\t\t\t\t<\/div>\n\t\t<div class=\"elementor-element elementor-element-894a509 e-con-full e-flex e-con e-child\" data-id=\"894a509\" data-element_type=\"container\" data-e-type=\"container\">\n\t\t\t\t<\/div>\n\t\t\t\t\t<\/div>\n\t\t\t\t<\/div>\n\t\t<div class=\"elementor-element elementor-element-8faa48e e-flex e-con-boxed e-con e-parent\" data-id=\"8faa48e\" data-element_type=\"container\" data-e-type=\"container\">\n\t\t\t\t\t<div class=\"e-con-inner\">\n\t\t<div class=\"elementor-element elementor-element-374c486 e-con-full e-flex e-con e-child\" data-id=\"374c486\" data-element_type=\"container\" data-e-type=\"container\">\n\t\t\t\t<div class=\"elementor-element elementor-element-46fd3c9 elementor-widget elementor-widget-image\" data-id=\"46fd3c9\" data-element_type=\"widget\" data-e-type=\"widget\" data-widget_type=\"image.default\">\n\t\t\t\t<div class=\"elementor-widget-container\">\n\t\t\t\t\t\t\t\t\t\t\t\t\t\t\t<img decoding=\"async\" width=\"53\" height=\"52\" src=\"https:\/\/tncoopers.com\/wp-content\/uploads\/2024\/08\/arbol.svg\" class=\"attachment-full size-full wp-image-1441\" alt=\"\" \/>\t\t\t\t\t\t\t\t\t\t\t\t\t\t\t<\/div>\n\t\t\t\t<\/div>\n\t\t\t\t<div class=\"elementor-element elementor-element-c33cfe9 elementor-widget__width-initial elementor-widget elementor-widget-text-editor\" data-id=\"c33cfe9\" data-element_type=\"widget\" data-e-type=\"widget\" data-widget_type=\"text-editor.default\">\n\t\t\t\t<div class=\"elementor-widget-container\">\n\t\t\t\t\t\t\t\t\t<div>Origine: Europa Orientale<\/div>\t\t\t\t\t\t\t\t<\/div>\n\t\t\t\t<\/div>\n\t\t\t\t<\/div>\n\t\t<div class=\"elementor-element elementor-element-ea9c708 e-con-full e-flex e-con e-child\" data-id=\"ea9c708\" data-element_type=\"container\" data-e-type=\"container\">\n\t\t\t\t<div class=\"elementor-element elementor-element-2e95f59 elementor-widget elementor-widget-image\" data-id=\"2e95f59\" data-element_type=\"widget\" data-e-type=\"widget\" data-widget_type=\"image.default\">\n\t\t\t\t<div class=\"elementor-widget-container\">\n\t\t\t\t\t\t\t\t\t\t\t\t\t\t\t<img decoding=\"async\" width=\"52\" height=\"52\" src=\"https:\/\/tncoopers.com\/wp-content\/uploads\/2024\/08\/tala.svg\" class=\"attachment-full size-full wp-image-1442\" alt=\"\" \/>\t\t\t\t\t\t\t\t\t\t\t\t\t\t\t<\/div>\n\t\t\t\t<\/div>\n\t\t\t\t<div class=\"elementor-element elementor-element-042d938 elementor-widget__width-initial elementor-widget elementor-widget-text-editor\" data-id=\"042d938\" data-element_type=\"widget\" data-e-type=\"widget\" data-widget_type=\"text-editor.default\">\n\t\t\t\t<div class=\"elementor-widget-container\">\n\t\t\t\t\t\t\t\t\t<div>Alberi di et\u00e0 40-50 anni<\/div>\t\t\t\t\t\t\t\t<\/div>\n\t\t\t\t<\/div>\n\t\t\t\t<\/div>\n\t\t<div class=\"elementor-element elementor-element-63c886e e-con-full e-flex e-con e-child\" data-id=\"63c886e\" data-element_type=\"container\" data-e-type=\"container\">\n\t\t\t\t<div class=\"elementor-element elementor-element-891a5df elementor-widget elementor-widget-image\" data-id=\"891a5df\" data-element_type=\"widget\" data-e-type=\"widget\" data-widget_type=\"image.default\">\n\t\t\t\t<div class=\"elementor-widget-container\">\n\t\t\t\t\t\t\t\t\t\t\t\t\t\t\t<img decoding=\"async\" width=\"52\" height=\"53\" src=\"https:\/\/tncoopers.com\/wp-content\/uploads\/2024\/08\/fsc.svg\" class=\"attachment-full size-full wp-image-1511\" alt=\"\" \/>\t\t\t\t\t\t\t\t\t\t\t\t\t\t\t<\/div>\n\t\t\t\t<\/div>\n\t\t\t\t<div class=\"elementor-element elementor-element-fda6cc2 elementor-widget__width-initial elementor-widget elementor-widget-text-editor\" data-id=\"fda6cc2\" data-element_type=\"widget\" data-e-type=\"widget\" data-widget_type=\"text-editor.default\">\n\t\t\t\t<div class=\"elementor-widget-container\">\n\t\t\t\t\t\t\t\t\t<div>Certificazione FSC<\/div>\t\t\t\t\t\t\t\t<\/div>\n\t\t\t\t<\/div>\n\t\t\t\t<\/div>\n\t\t\t\t\t<\/div>\n\t\t\t\t<\/div>\n\t\t<div class=\"elementor-element elementor-element-1ef837f e-flex e-con-boxed e-con e-parent\" data-id=\"1ef837f\" data-element_type=\"container\" data-e-type=\"container\">\n\t\t\t\t\t<div class=\"e-con-inner\">\n\t\t<div class=\"elementor-element elementor-element-aa7e880 e-con-full e-flex e-con e-child\" data-id=\"aa7e880\" data-element_type=\"container\" data-e-type=\"container\">\n\t\t\t\t<div class=\"elementor-element elementor-element-278814b elementor-widget elementor-widget-text-editor\" data-id=\"278814b\" data-element_type=\"widget\" data-e-type=\"widget\" data-widget_type=\"text-editor.default\">\n\t\t\t\t<div class=\"elementor-widget-container\">\n\t\t\t\t\t\t\t\t\t<p>Il legno di ciliegio \u00e8 particolarmente adatto per un breve invecchiamento dei vini. La sua composizione fenolica permette una rapida estrazione dei suoi componenti, fornendo tannini che assomigliano a quelli naturalmente presenti nelle uve. Questo processo non solo accelera l'evoluzione del vino, ma aggiunge anche una complessit\u00e0 aromatica ineguagliabile. L'alto contenuto di lignina nel legno di ciliegio pu\u00f2 portare a note di vaniglia, che conferiscono una dolcezza sottile e raffinata, arricchendo il profilo sensoriale del vino.<\/p><p>Per i distillati, il legno di ciliegio facilita un rapido invecchiamento, aggiungendo sapori e aromi unici che completano e elevano il profilo sensoriale del prodotto. Le note di vaniglia e i tannini morbidi contribuiscono a una maggiore complessit\u00e0 ed equilibrio, rendendo ogni distillato invecchiato in botti di ciliegio un'esperienza sensoriale distinta e attraente.<\/p>\t\t\t\t\t\t\t\t<\/div>\n\t\t\t\t<\/div>\n\t\t\t\t<\/div>\n\t\t<div class=\"elementor-element elementor-element-981c2c5 e-con-full e-flex e-con e-child\" data-id=\"981c2c5\" data-element_type=\"container\" data-e-type=\"container\">\n\t\t\t\t<div class=\"elementor-element elementor-element-ac0ffa4 hide elementor-widget elementor-widget-image\" data-id=\"ac0ffa4\" data-element_type=\"widget\" data-e-type=\"widget\" data-widget_type=\"image.default\">\n\t\t\t\t<div class=\"elementor-widget-container\">\n\t\t\t\t\t\t\t\t\t\t\t\t\t\t\t<img loading=\"lazy\" decoding=\"async\" width=\"800\" height=\"582\" src=\"https:\/\/tncoopers.com\/wp-content\/uploads\/2024\/10\/image-1-1.png\" class=\"attachment-large size-large wp-image-3371\" alt=\"\" srcset=\"https:\/\/tncoopers.com\/wp-content\/uploads\/2024\/10\/image-1-1.png 639w, https:\/\/tncoopers.com\/wp-content\/uploads\/2024\/10\/image-1-1-300x218.png 300w, https:\/\/tncoopers.com\/wp-content\/uploads\/2024\/10\/image-1-1-16x12.png 16w\" sizes=\"(max-width: 800px) 100vw, 800px\" \/>\t\t\t\t\t\t\t\t\t\t\t\t\t\t\t<\/div>\n\t\t\t\t<\/div>\n\t\t\t\t<div class=\"elementor-element elementor-element-629619c elementor-widget elementor-widget-html\" data-id=\"629619c\" data-element_type=\"widget\" data-e-type=\"widget\" data-widget_type=\"html.default\">\n\t\t\t\t<div class=\"elementor-widget-container\">\n\t\t\t\t\t\n\n\n\n\n<img decoding=\"async\" src=\"https:\/\/tncoopers.com\/wp-content\/uploads\/2024\/10\/image-1-1.png\" alt=\"Europa del Este\" \/>\n\t\t\t\t<\/div>\n\t\t\t\t<\/div>\n\t\t\t\t<\/div>\n\t\t\t\t\t<\/div>\n\t\t\t\t<\/div>\n\t\t<div class=\"elementor-element elementor-element-5b37bd4 e-flex e-con-boxed e-con e-parent\" data-id=\"5b37bd4\" data-element_type=\"container\" data-e-type=\"container\">\n\t\t\t\t\t<div class=\"e-con-inner\">\n\t\t<div class=\"elementor-element elementor-element-dbd85ea e-con-full e-flex e-con e-child\" data-id=\"dbd85ea\" data-element_type=\"container\" data-e-type=\"container\">\n\t\t\t\t<div class=\"elementor-element elementor-element-476d7a2 elementor-widget elementor-widget-image\" data-id=\"476d7a2\" data-element_type=\"widget\" data-e-type=\"widget\" data-widget_type=\"image.default\">\n\t\t\t\t<div class=\"elementor-widget-container\">\n\t\t\t\t\t\t\t\t\t\t\t\t\t\t\t<img loading=\"lazy\" decoding=\"async\" width=\"774\" height=\"768\" src=\"https:\/\/tncoopers.com\/wp-content\/uploads\/2024\/08\/Rectangle-22-2.jpg\" class=\"attachment-large size-large wp-image-3398\" alt=\"\" srcset=\"https:\/\/tncoopers.com\/wp-content\/uploads\/2024\/08\/Rectangle-22-2.jpg 774w, https:\/\/tncoopers.com\/wp-content\/uploads\/2024\/08\/Rectangle-22-2-300x298.jpg 300w, https:\/\/tncoopers.com\/wp-content\/uploads\/2024\/08\/Rectangle-22-2-150x150.jpg 150w, https:\/\/tncoopers.com\/wp-content\/uploads\/2024\/08\/Rectangle-22-2-768x762.jpg 768w, https:\/\/tncoopers.com\/wp-content\/uploads\/2024\/08\/Rectangle-22-2-12x12.jpg 12w\" sizes=\"(max-width: 774px) 100vw, 774px\" \/>\t\t\t\t\t\t\t\t\t\t\t\t\t\t\t<\/div>\n\t\t\t\t<\/div>\n\t\t\t\t<\/div>\n\t\t<div class=\"elementor-element elementor-element-5b24742 e-con-full e-flex e-con e-child\" data-id=\"5b24742\" data-element_type=\"container\" data-e-type=\"container\">\n\t\t\t\t<div class=\"elementor-element elementor-element-0889731 elementor-widget elementor-widget-image\" data-id=\"0889731\" data-element_type=\"widget\" data-e-type=\"widget\" data-widget_type=\"image.default\">\n\t\t\t\t<div class=\"elementor-widget-container\">\n\t\t\t\t\t\t\t\t\t\t\t\t\t\t\t<img loading=\"lazy\" decoding=\"async\" width=\"774\" height=\"768\" src=\"https:\/\/tncoopers.com\/wp-content\/uploads\/2024\/08\/Rectangle-23-2.jpg\" class=\"attachment-large size-large wp-image-3399\" alt=\"\" srcset=\"https:\/\/tncoopers.com\/wp-content\/uploads\/2024\/08\/Rectangle-23-2.jpg 774w, https:\/\/tncoopers.com\/wp-content\/uploads\/2024\/08\/Rectangle-23-2-300x298.jpg 300w, https:\/\/tncoopers.com\/wp-content\/uploads\/2024\/08\/Rectangle-23-2-150x150.jpg 150w, https:\/\/tncoopers.com\/wp-content\/uploads\/2024\/08\/Rectangle-23-2-768x762.jpg 768w, https:\/\/tncoopers.com\/wp-content\/uploads\/2024\/08\/Rectangle-23-2-12x12.jpg 12w\" sizes=\"(max-width: 774px) 100vw, 774px\" \/>\t\t\t\t\t\t\t\t\t\t\t\t\t\t\t<\/div>\n\t\t\t\t<\/div>\n\t\t\t\t<\/div>\n\t\t<div class=\"elementor-element elementor-element-6ea2b3d e-con-full e-flex e-con e-child\" data-id=\"6ea2b3d\" data-element_type=\"container\" data-e-type=\"container\">\n\t\t\t\t<div class=\"elementor-element elementor-element-9fab76d elementor-widget elementor-widget-image\" data-id=\"9fab76d\" data-element_type=\"widget\" data-e-type=\"widget\" data-widget_type=\"image.default\">\n\t\t\t\t<div class=\"elementor-widget-container\">\n\t\t\t\t\t\t\t\t\t\t\t\t\t\t\t<img loading=\"lazy\" decoding=\"async\" width=\"774\" height=\"768\" src=\"https:\/\/tncoopers.com\/wp-content\/uploads\/2024\/08\/Rectangle-24-2.jpg\" class=\"attachment-large size-large wp-image-3400\" alt=\"\" srcset=\"https:\/\/tncoopers.com\/wp-content\/uploads\/2024\/08\/Rectangle-24-2.jpg 774w, https:\/\/tncoopers.com\/wp-content\/uploads\/2024\/08\/Rectangle-24-2-300x298.jpg 300w, https:\/\/tncoopers.com\/wp-content\/uploads\/2024\/08\/Rectangle-24-2-150x150.jpg 150w, https:\/\/tncoopers.com\/wp-content\/uploads\/2024\/08\/Rectangle-24-2-768x762.jpg 768w, https:\/\/tncoopers.com\/wp-content\/uploads\/2024\/08\/Rectangle-24-2-12x12.jpg 12w\" sizes=\"(max-width: 774px) 100vw, 774px\" \/>\t\t\t\t\t\t\t\t\t\t\t\t\t\t\t<\/div>\n\t\t\t\t<\/div>\n\t\t\t\t<\/div>\n\t\t\t\t\t<\/div>\n\t\t\t\t<\/div>\n\t\t\t\t<\/div>","protected":false},"excerpt":{"rendered":"<p>CHERRY Prunus Avium Nuestra selecci\u00f3n de madera de Cerezo tiene origen en la gran cadena monta\u00f1osa de los Montes C\u00e1rpatos Origen: Europa del Este Tala de \u00e1rboles entre 40 &#8211; 50 a\u00f1os Certificado FSC Su composici\u00f3n fen\u00f3lica permite una r\u00e1pida extracci\u00f3n de sus componentes, aportando taninos que se asemejan a los naturales de la uva. [&hellip;]<\/p>\n","protected":false},"author":1,"featured_media":0,"parent":3195,"menu_order":0,"comment_status":"closed","ping_status":"closed","template":"","meta":{"_acf_changed":false,"footnotes":""},"class_list":["post-3380","page","type-page","status-publish","hentry"],"acf":[],"yoast_head":"<!-- This site is optimized with the Yoast SEO plugin v27.6 - https:\/\/yoast.com\/product\/yoast-seo-wordpress\/ -->\n<title>Cherry - TnCoopers<\/title>\n<meta name=\"robots\" content=\"index, follow, max-snippet:-1, max-image-preview:large, max-video-preview:-1\" \/>\n<link rel=\"canonical\" href=\"https:\/\/tncoopers.com\/it\/maderas\/cherry\/\" \/>\n<meta property=\"og:locale\" content=\"it_IT\" \/>\n<meta property=\"og:type\" content=\"article\" \/>\n<meta property=\"og:title\" content=\"Cherry - TnCoopers\" \/>\n<meta property=\"og:description\" content=\"CHERRY Prunus Avium Nuestra selecci\u00f3n de madera de Cerezo tiene origen en la gran cadena monta\u00f1osa de los Montes C\u00e1rpatos Origen: Europa del Este Tala de \u00e1rboles entre 40 &#8211; 50 a\u00f1os Certificado FSC Su composici\u00f3n fen\u00f3lica permite una r\u00e1pida extracci\u00f3n de sus componentes, aportando taninos que se asemejan a los naturales de la uva. [&hellip;]\" \/>\n<meta property=\"og:url\" content=\"https:\/\/tncoopers.com\/it\/maderas\/cherry\/\" \/>\n<meta property=\"og:site_name\" content=\"TnCoopers\" \/>\n<meta property=\"article:publisher\" content=\"https:\/\/www.facebook.com\/toneleria.nacional\" \/>\n<meta property=\"article:modified_time\" content=\"2024-11-29T23:33:49+00:00\" \/>\n<meta property=\"og:image\" content=\"https:\/\/tncoopers.com\/wp-content\/uploads\/2024\/08\/arbol.svg\" \/>\n<meta name=\"twitter:card\" content=\"summary_large_image\" \/>\n<meta name=\"twitter:label1\" content=\"Tempo di lettura stimato\" \/>\n\t<meta name=\"twitter:data1\" content=\"1 minuto\" \/>\n<script type=\"application\/ld+json\" class=\"yoast-schema-graph\">{\"@context\":\"https:\\\/\\\/schema.org\",\"@graph\":[{\"@type\":\"WebPage\",\"@id\":\"https:\\\/\\\/tncoopers.com\\\/en\\\/maderas\\\/cherry\\\/\",\"url\":\"https:\\\/\\\/tncoopers.com\\\/en\\\/maderas\\\/cherry\\\/\",\"name\":\"Cherry - TnCoopers\",\"isPartOf\":{\"@id\":\"https:\\\/\\\/tncoopers.com\\\/#website\"},\"primaryImageOfPage\":{\"@id\":\"https:\\\/\\\/tncoopers.com\\\/en\\\/maderas\\\/cherry\\\/#primaryimage\"},\"image\":{\"@id\":\"https:\\\/\\\/tncoopers.com\\\/en\\\/maderas\\\/cherry\\\/#primaryimage\"},\"thumbnailUrl\":\"https:\\\/\\\/tncoopers.com\\\/wp-content\\\/uploads\\\/2024\\\/08\\\/arbol.svg\",\"datePublished\":\"2024-08-27T21:05:28+00:00\",\"dateModified\":\"2024-11-29T23:33:49+00:00\",\"breadcrumb\":{\"@id\":\"https:\\\/\\\/tncoopers.com\\\/en\\\/maderas\\\/cherry\\\/#breadcrumb\"},\"inLanguage\":\"it-IT\",\"potentialAction\":[{\"@type\":\"ReadAction\",\"target\":[\"https:\\\/\\\/tncoopers.com\\\/en\\\/maderas\\\/cherry\\\/\"]}]},{\"@type\":\"ImageObject\",\"inLanguage\":\"it-IT\",\"@id\":\"https:\\\/\\\/tncoopers.com\\\/en\\\/maderas\\\/cherry\\\/#primaryimage\",\"url\":\"https:\\\/\\\/tncoopers.com\\\/wp-content\\\/uploads\\\/2024\\\/08\\\/arbol.svg\",\"contentUrl\":\"https:\\\/\\\/tncoopers.com\\\/wp-content\\\/uploads\\\/2024\\\/08\\\/arbol.svg\"},{\"@type\":\"BreadcrumbList\",\"@id\":\"https:\\\/\\\/tncoopers.com\\\/en\\\/maderas\\\/cherry\\\/#breadcrumb\",\"itemListElement\":[{\"@type\":\"ListItem\",\"position\":1,\"name\":\"Portada\",\"item\":\"https:\\\/\\\/tncoopers.com\\\/\"},{\"@type\":\"ListItem\",\"position\":2,\"name\":\"Maderas\",\"item\":\"https:\\\/\\\/tncoopers.com\\\/en\\\/maderas\\\/\"},{\"@type\":\"ListItem\",\"position\":3,\"name\":\"Cherry\"}]},{\"@type\":\"WebSite\",\"@id\":\"https:\\\/\\\/tncoopers.com\\\/#website\",\"url\":\"https:\\\/\\\/tncoopers.com\\\/\",\"name\":\"TnCoopers\",\"description\":\"\",\"publisher\":{\"@id\":\"https:\\\/\\\/tncoopers.com\\\/#organization\"},\"potentialAction\":[{\"@type\":\"SearchAction\",\"target\":{\"@type\":\"EntryPoint\",\"urlTemplate\":\"https:\\\/\\\/tncoopers.com\\\/?s={search_term_string}\"},\"query-input\":{\"@type\":\"PropertyValueSpecification\",\"valueRequired\":true,\"valueName\":\"search_term_string\"}}],\"inLanguage\":\"it-IT\"},{\"@type\":\"Organization\",\"@id\":\"https:\\\/\\\/tncoopers.com\\\/#organization\",\"name\":\"TnCoopers\",\"url\":\"https:\\\/\\\/tncoopers.com\\\/\",\"logo\":{\"@type\":\"ImageObject\",\"inLanguage\":\"it-IT\",\"@id\":\"https:\\\/\\\/tncoopers.com\\\/#\\\/schema\\\/logo\\\/image\\\/\",\"url\":\"https:\\\/\\\/tncoopers.com\\\/wp-content\\\/uploads\\\/2023\\\/09\\\/logofinal.png\",\"contentUrl\":\"https:\\\/\\\/tncoopers.com\\\/wp-content\\\/uploads\\\/2023\\\/09\\\/logofinal.png\",\"width\":540,\"height\":265,\"caption\":\"TnCoopers\"},\"image\":{\"@id\":\"https:\\\/\\\/tncoopers.com\\\/#\\\/schema\\\/logo\\\/image\\\/\"},\"sameAs\":[\"https:\\\/\\\/www.facebook.com\\\/toneleria.nacional\",\"https:\\\/\\\/www.instagram.com\\\/tncoopers\\\/\"]}]}<\/script>\n<!-- \/ Yoast SEO plugin. -->","yoast_head_json":{"title":"Cherry - TnCoopers","robots":{"index":"index","follow":"follow","max-snippet":"max-snippet:-1","max-image-preview":"max-image-preview:large","max-video-preview":"max-video-preview:-1"},"canonical":"https:\/\/tncoopers.com\/it\/maderas\/cherry\/","og_locale":"it_IT","og_type":"article","og_title":"Cherry - TnCoopers","og_description":"CHERRY Prunus Avium Nuestra selecci\u00f3n de madera de Cerezo tiene origen en la gran cadena monta\u00f1osa de los Montes C\u00e1rpatos Origen: Europa del Este Tala de \u00e1rboles entre 40 &#8211; 50 a\u00f1os Certificado FSC Su composici\u00f3n fen\u00f3lica permite una r\u00e1pida extracci\u00f3n de sus componentes, aportando taninos que se asemejan a los naturales de la uva. [&hellip;]","og_url":"https:\/\/tncoopers.com\/it\/maderas\/cherry\/","og_site_name":"TnCoopers","article_publisher":"https:\/\/www.facebook.com\/toneleria.nacional","article_modified_time":"2024-11-29T23:33:49+00:00","og_image":[{"url":"https:\/\/tncoopers.com\/wp-content\/uploads\/2024\/08\/arbol.svg","type":"","width":"","height":""}],"twitter_card":"summary_large_image","twitter_misc":{"Tempo di lettura stimato":"1 minuto"},"schema":{"@context":"https:\/\/schema.org","@graph":[{"@type":"WebPage","@id":"https:\/\/tncoopers.com\/en\/maderas\/cherry\/","url":"https:\/\/tncoopers.com\/en\/maderas\/cherry\/","name":"Cherry - TnCoopers","isPartOf":{"@id":"https:\/\/tncoopers.com\/#website"},"primaryImageOfPage":{"@id":"https:\/\/tncoopers.com\/en\/maderas\/cherry\/#primaryimage"},"image":{"@id":"https:\/\/tncoopers.com\/en\/maderas\/cherry\/#primaryimage"},"thumbnailUrl":"https:\/\/tncoopers.com\/wp-content\/uploads\/2024\/08\/arbol.svg","datePublished":"2024-08-27T21:05:28+00:00","dateModified":"2024-11-29T23:33:49+00:00","breadcrumb":{"@id":"https:\/\/tncoopers.com\/en\/maderas\/cherry\/#breadcrumb"},"inLanguage":"it-IT","potentialAction":[{"@type":"ReadAction","target":["https:\/\/tncoopers.com\/en\/maderas\/cherry\/"]}]},{"@type":"ImageObject","inLanguage":"it-IT","@id":"https:\/\/tncoopers.com\/en\/maderas\/cherry\/#primaryimage","url":"https:\/\/tncoopers.com\/wp-content\/uploads\/2024\/08\/arbol.svg","contentUrl":"https:\/\/tncoopers.com\/wp-content\/uploads\/2024\/08\/arbol.svg"},{"@type":"BreadcrumbList","@id":"https:\/\/tncoopers.com\/en\/maderas\/cherry\/#breadcrumb","itemListElement":[{"@type":"ListItem","position":1,"name":"Portada","item":"https:\/\/tncoopers.com\/"},{"@type":"ListItem","position":2,"name":"Maderas","item":"https:\/\/tncoopers.com\/en\/maderas\/"},{"@type":"ListItem","position":3,"name":"Cherry"}]},{"@type":"WebSite","@id":"https:\/\/tncoopers.com\/#website","url":"https:\/\/tncoopers.com\/","name":"TnCoopers","description":"","publisher":{"@id":"https:\/\/tncoopers.com\/#organization"},"potentialAction":[{"@type":"SearchAction","target":{"@type":"EntryPoint","urlTemplate":"https:\/\/tncoopers.com\/?s={search_term_string}"},"query-input":{"@type":"PropertyValueSpecification","valueRequired":true,"valueName":"search_term_string"}}],"inLanguage":"it-IT"},{"@type":"Organization","@id":"https:\/\/tncoopers.com\/#organization","name":"TnCoopers","url":"https:\/\/tncoopers.com\/","logo":{"@type":"ImageObject","inLanguage":"it-IT","@id":"https:\/\/tncoopers.com\/#\/schema\/logo\/image\/","url":"https:\/\/tncoopers.com\/wp-content\/uploads\/2023\/09\/logofinal.png","contentUrl":"https:\/\/tncoopers.com\/wp-content\/uploads\/2023\/09\/logofinal.png","width":540,"height":265,"caption":"TnCoopers"},"image":{"@id":"https:\/\/tncoopers.com\/#\/schema\/logo\/image\/"},"sameAs":["https:\/\/www.facebook.com\/toneleria.nacional","https:\/\/www.instagram.com\/tncoopers\/"]}]}},"_links":{"self":[{"href":"https:\/\/tncoopers.com\/it\/wp-json\/wp\/v2\/pages\/3380","targetHints":{"allow":["GET"]}}],"collection":[{"href":"https:\/\/tncoopers.com\/it\/wp-json\/wp\/v2\/pages"}],"about":[{"href":"https:\/\/tncoopers.com\/it\/wp-json\/wp\/v2\/types\/page"}],"author":[{"embeddable":true,"href":"https:\/\/tncoopers.com\/it\/wp-json\/wp\/v2\/users\/1"}],"replies":[{"embeddable":true,"href":"https:\/\/tncoopers.com\/it\/wp-json\/wp\/v2\/comments?post=3380"}],"version-history":[{"count":17,"href":"https:\/\/tncoopers.com\/it\/wp-json\/wp\/v2\/pages\/3380\/revisions"}],"predecessor-version":[{"id":6997,"href":"https:\/\/tncoopers.com\/it\/wp-json\/wp\/v2\/pages\/3380\/revisions\/6997"}],"up":[{"embeddable":true,"href":"https:\/\/tncoopers.com\/it\/wp-json\/wp\/v2\/pages\/3195"}],"wp:attachment":[{"href":"https:\/\/tncoopers.com\/it\/wp-json\/wp\/v2\/media?parent=3380"}],"curies":[{"name":"wp","href":"https:\/\/api.w.org\/{rel}","templated":true}]}}