{"id":3074,"date":"2024-08-26T10:33:28","date_gmt":"2024-08-26T13:33:28","guid":{"rendered":"https:\/\/tncoopers.com\/?page_id=3074"},"modified":"2024-11-26T03:07:08","modified_gmt":"2024-11-26T06:07:08","slug":"staves","status":"publish","type":"page","link":"https:\/\/tncoopers.com\/it\/alternativos\/staves\/","title":{"rendered":"Doghe"},"content":{"rendered":"<div data-elementor-type=\"wp-page\" data-elementor-id=\"3074\" class=\"elementor elementor-3074\" data-elementor-post-type=\"page\">\n\t\t\t\t<div class=\"elementor-element elementor-element-3666c1d7 e-con-full e-flex e-con e-parent\" data-id=\"3666c1d7\" data-element_type=\"container\" data-e-type=\"container\" data-settings=\"{&quot;background_background&quot;:&quot;classic&quot;}\">\n\t\t\t\t<div class=\"elementor-element elementor-element-4d62dbcf elementor-widget elementor-widget-heading\" data-id=\"4d62dbcf\" data-element_type=\"widget\" data-e-type=\"widget\" data-widget_type=\"heading.default\">\n\t\t\t\t<div class=\"elementor-widget-container\">\n\t\t\t\t\t<h1 class=\"elementor-heading-title elementor-size-default\">Doghe<\/h1>\t\t\t\t<\/div>\n\t\t\t\t<\/div>\n\t\t\t\t<div class=\"elementor-element elementor-element-55e9b919 elementor-widget elementor-widget-text-editor\" data-id=\"55e9b919\" data-element_type=\"widget\" data-e-type=\"widget\" data-widget_type=\"text-editor.default\">\n\t\t\t\t<div class=\"elementor-widget-container\">\n\t\t\t\t\t\t\t\t\t<p>Aqua &#8211; Fan Staves &#8211; Inserstaves<\/p>\t\t\t\t\t\t\t\t<\/div>\n\t\t\t\t<\/div>\n\t\t\t\t<\/div>\n\t\t<div class=\"elementor-element elementor-element-1a97279e e-flex e-con-boxed e-con e-parent\" data-id=\"1a97279e\" data-element_type=\"container\" data-e-type=\"container\">\n\t\t\t\t\t<div class=\"e-con-inner\">\n\t\t\t\t<div class=\"elementor-element elementor-element-63b6efad elementor-widget elementor-widget-heading\" data-id=\"63b6efad\" data-element_type=\"widget\" data-e-type=\"widget\" data-widget_type=\"heading.default\">\n\t\t\t\t<div class=\"elementor-widget-container\">\n\t\t\t\t\t<h3 class=\"elementor-heading-title elementor-size-default\">Personalizzazione su misura<\/h3>\t\t\t\t<\/div>\n\t\t\t\t<\/div>\n\t\t\t\t<div class=\"elementor-element elementor-element-24e70840 elementor-widget__width-initial elementor-widget elementor-widget-text-editor\" data-id=\"24e70840\" data-element_type=\"widget\" data-e-type=\"widget\" data-widget_type=\"text-editor.default\">\n\t\t\t\t<div class=\"elementor-widget-container\">\n\t\t\t\t\t\t\t\t\t<p data-pm-slice=\"0 0 []\">Permette di miscelare querce, livelli di tostatura e scelta della superficie di contatto vino-legno.<\/p>\t\t\t\t\t\t\t\t<\/div>\n\t\t\t\t<\/div>\n\t\t\t\t\t<\/div>\n\t\t\t\t<\/div>\n\t\t<div class=\"elementor-element elementor-element-c7dc3d5 e-flex e-con-boxed e-con e-parent\" data-id=\"c7dc3d5\" data-element_type=\"container\" data-e-type=\"container\">\n\t\t\t\t\t<div class=\"e-con-inner\">\n\t\t<a class=\"elementor-element elementor-element-ede1dfe e-con-full e-flex e-con e-child\" data-id=\"ede1dfe\" data-element_type=\"container\" data-e-type=\"container\" data-settings=\"{&quot;background_background&quot;:&quot;classic&quot;}\" href=\"https:\/\/tncoopers.com\/it\/alternativos\/staves\/duelasaqua\/\">\n\t\t\t\t<div class=\"elementor-element elementor-element-d0a1e56 elementor-widget elementor-widget-image\" data-id=\"d0a1e56\" data-element_type=\"widget\" data-e-type=\"widget\" data-widget_type=\"image.default\">\n\t\t\t\t<div class=\"elementor-widget-container\">\n\t\t\t\t\t\t\t\t\t\t\t\t\t\t\t<img fetchpriority=\"high\" decoding=\"async\" width=\"387\" height=\"138\" src=\"https:\/\/tncoopers.com\/wp-content\/uploads\/2024\/08\/Fontainebleau-25.png\" class=\"attachment-large size-large wp-image-3115\" alt=\"\" srcset=\"https:\/\/tncoopers.com\/wp-content\/uploads\/2024\/08\/Fontainebleau-25.png 387w, https:\/\/tncoopers.com\/wp-content\/uploads\/2024\/08\/Fontainebleau-25-300x107.png 300w, https:\/\/tncoopers.com\/wp-content\/uploads\/2024\/08\/Fontainebleau-25-18x6.png 18w\" sizes=\"(max-width: 387px) 100vw, 387px\" \/>\t\t\t\t\t\t\t\t\t\t\t\t\t\t\t<\/div>\n\t\t\t\t<\/div>\n\t\t\t\t<div class=\"elementor-element elementor-element-3727858 elementor-widget elementor-widget-heading\" data-id=\"3727858\" data-element_type=\"widget\" data-e-type=\"widget\" data-widget_type=\"heading.default\">\n\t\t\t\t<div class=\"elementor-widget-container\">\n\t\t\t\t\t<h2 class=\"elementor-heading-title elementor-size-default\">DOGHE AQUA<\/h2>\t\t\t\t<\/div>\n\t\t\t\t<\/div>\n\t\t<div class=\"elementor-element elementor-element-771a17b e-con-full e-flex e-con e-child\" data-id=\"771a17b\" data-element_type=\"container\" data-e-type=\"container\">\n\t\t\t\t<div class=\"elementor-element elementor-element-58f4d3a elementor-widget elementor-widget-heading\" data-id=\"58f4d3a\" data-element_type=\"widget\" data-e-type=\"widget\" data-widget_type=\"heading.default\">\n\t\t\t\t<div class=\"elementor-widget-container\">\n\t\t\t\t\t<h2 class=\"elementor-heading-title elementor-size-default\">Scopri<\/h2>\t\t\t\t<\/div>\n\t\t\t\t<\/div>\n\t\t\t\t<div class=\"elementor-element elementor-element-79d1158 elementor-view-default elementor-widget elementor-widget-icon\" data-id=\"79d1158\" data-element_type=\"widget\" data-e-type=\"widget\" data-widget_type=\"icon.default\">\n\t\t\t\t<div class=\"elementor-widget-container\">\n\t\t\t\t\t\t\t<div class=\"elementor-icon-wrapper\">\n\t\t\t<div class=\"elementor-icon\">\n\t\t\t<svg xmlns=\"http:\/\/www.w3.org\/2000\/svg\" width=\"20\" height=\"12\" viewbox=\"0 0 20 12\" fill=\"none\"><path d=\"M18.9116 6.73614C19.2045 6.44325 19.2045 5.96837 18.9116 5.67548L14.1386 0.90251C13.8457 0.609616 13.3708 0.609616 13.078 0.90251C12.7851 1.1954 12.7851 1.67028 13.078 1.96317L17.3206 6.20581L13.078 10.4485C12.7851 10.7413 12.7851 11.2162 13.078 11.5091C13.3708 11.802 13.8457 11.802 14.1386 11.5091L18.9116 6.73614ZM0.0795898 6.95581H18.3813V5.45581H0.0795898V6.95581Z\" fill=\"#7D1927\"><\/path><\/svg>\t\t\t<\/div>\n\t\t<\/div>\n\t\t\t\t\t\t<\/div>\n\t\t\t\t<\/div>\n\t\t\t\t<\/div>\n\t\t\t\t<\/a>\n\t\t<a class=\"elementor-element elementor-element-9ab3096 e-con-full e-flex e-con e-child\" data-id=\"9ab3096\" data-element_type=\"container\" data-e-type=\"container\" data-settings=\"{&quot;background_background&quot;:&quot;classic&quot;}\" href=\"https:\/\/tncoopers.com\/it\/alternativos\/staves\/fan-staves\/\">\n\t\t\t\t<div class=\"elementor-element elementor-element-7e6fbda elementor-widget elementor-widget-image\" data-id=\"7e6fbda\" data-element_type=\"widget\" data-e-type=\"widget\" data-widget_type=\"image.default\">\n\t\t\t\t<div class=\"elementor-widget-container\">\n\t\t\t\t\t\t\t\t\t\t\t\t\t\t\t<img decoding=\"async\" width=\"388\" height=\"138\" src=\"https:\/\/tncoopers.com\/wp-content\/uploads\/2024\/08\/Fontainebleau-23.png\" class=\"attachment-large size-large wp-image-3112\" alt=\"\" srcset=\"https:\/\/tncoopers.com\/wp-content\/uploads\/2024\/08\/Fontainebleau-23.png 388w, https:\/\/tncoopers.com\/wp-content\/uploads\/2024\/08\/Fontainebleau-23-300x107.png 300w, https:\/\/tncoopers.com\/wp-content\/uploads\/2024\/08\/Fontainebleau-23-18x6.png 18w\" sizes=\"(max-width: 388px) 100vw, 388px\" \/>\t\t\t\t\t\t\t\t\t\t\t\t\t\t\t<\/div>\n\t\t\t\t<\/div>\n\t\t\t\t<div class=\"elementor-element elementor-element-8078b8d elementor-widget elementor-widget-heading\" data-id=\"8078b8d\" data-element_type=\"widget\" data-e-type=\"widget\" data-widget_type=\"heading.default\">\n\t\t\t\t<div class=\"elementor-widget-container\">\n\t\t\t\t\t<h2 class=\"elementor-heading-title elementor-size-default\">FANSTAVES<\/h2>\t\t\t\t<\/div>\n\t\t\t\t<\/div>\n\t\t<div class=\"elementor-element elementor-element-450cd53 e-con-full e-flex e-con e-child\" data-id=\"450cd53\" data-element_type=\"container\" data-e-type=\"container\">\n\t\t\t\t<div class=\"elementor-element elementor-element-ec0ab91 elementor-widget elementor-widget-heading\" data-id=\"ec0ab91\" data-element_type=\"widget\" data-e-type=\"widget\" data-widget_type=\"heading.default\">\n\t\t\t\t<div class=\"elementor-widget-container\">\n\t\t\t\t\t<h2 class=\"elementor-heading-title elementor-size-default\">Scopri<\/h2>\t\t\t\t<\/div>\n\t\t\t\t<\/div>\n\t\t\t\t<div class=\"elementor-element elementor-element-5e70a3e elementor-view-default elementor-widget elementor-widget-icon\" data-id=\"5e70a3e\" data-element_type=\"widget\" data-e-type=\"widget\" data-widget_type=\"icon.default\">\n\t\t\t\t<div class=\"elementor-widget-container\">\n\t\t\t\t\t\t\t<div class=\"elementor-icon-wrapper\">\n\t\t\t<div class=\"elementor-icon\">\n\t\t\t<svg xmlns=\"http:\/\/www.w3.org\/2000\/svg\" width=\"20\" height=\"12\" viewbox=\"0 0 20 12\" fill=\"none\"><path d=\"M18.9116 6.73614C19.2045 6.44325 19.2045 5.96837 18.9116 5.67548L14.1386 0.90251C13.8457 0.609616 13.3708 0.609616 13.078 0.90251C12.7851 1.1954 12.7851 1.67028 13.078 1.96317L17.3206 6.20581L13.078 10.4485C12.7851 10.7413 12.7851 11.2162 13.078 11.5091C13.3708 11.802 13.8457 11.802 14.1386 11.5091L18.9116 6.73614ZM0.0795898 6.95581H18.3813V5.45581H0.0795898V6.95581Z\" fill=\"#7D1927\"><\/path><\/svg>\t\t\t<\/div>\n\t\t<\/div>\n\t\t\t\t\t\t<\/div>\n\t\t\t\t<\/div>\n\t\t\t\t<\/div>\n\t\t\t\t<\/a>\n\t\t<a class=\"elementor-element elementor-element-a9baa3e e-con-full e-flex e-con e-child\" data-id=\"a9baa3e\" data-element_type=\"container\" data-e-type=\"container\" data-settings=\"{&quot;background_background&quot;:&quot;classic&quot;}\" href=\"https:\/\/tncoopers.com\/it\/alternativos\/staves\/inserstaves\/\">\n\t\t\t\t<div class=\"elementor-element elementor-element-3346cdc elementor-widget elementor-widget-image\" data-id=\"3346cdc\" data-element_type=\"widget\" data-e-type=\"widget\" data-widget_type=\"image.default\">\n\t\t\t\t<div class=\"elementor-widget-container\">\n\t\t\t\t\t\t\t\t\t\t\t\t\t\t\t<img decoding=\"async\" width=\"387\" height=\"138\" src=\"https:\/\/tncoopers.com\/wp-content\/uploads\/2024\/08\/Fontainebleau-24.png\" class=\"attachment-large size-large wp-image-3113\" alt=\"\" srcset=\"https:\/\/tncoopers.com\/wp-content\/uploads\/2024\/08\/Fontainebleau-24.png 387w, https:\/\/tncoopers.com\/wp-content\/uploads\/2024\/08\/Fontainebleau-24-300x107.png 300w, https:\/\/tncoopers.com\/wp-content\/uploads\/2024\/08\/Fontainebleau-24-18x6.png 18w\" sizes=\"(max-width: 387px) 100vw, 387px\" \/>\t\t\t\t\t\t\t\t\t\t\t\t\t\t\t<\/div>\n\t\t\t\t<\/div>\n\t\t\t\t<div class=\"elementor-element elementor-element-0d890c6 elementor-widget elementor-widget-heading\" data-id=\"0d890c6\" data-element_type=\"widget\" data-e-type=\"widget\" data-widget_type=\"heading.default\">\n\t\t\t\t<div class=\"elementor-widget-container\">\n\t\t\t\t\t<h2 class=\"elementor-heading-title elementor-size-default\">INSERSTAVES<\/h2>\t\t\t\t<\/div>\n\t\t\t\t<\/div>\n\t\t<div class=\"elementor-element elementor-element-a7a507f e-con-full e-flex e-con e-child\" data-id=\"a7a507f\" data-element_type=\"container\" data-e-type=\"container\">\n\t\t\t\t<div class=\"elementor-element elementor-element-208349e elementor-widget elementor-widget-heading\" data-id=\"208349e\" data-element_type=\"widget\" data-e-type=\"widget\" data-widget_type=\"heading.default\">\n\t\t\t\t<div class=\"elementor-widget-container\">\n\t\t\t\t\t<h2 class=\"elementor-heading-title elementor-size-default\">Scopri<\/h2>\t\t\t\t<\/div>\n\t\t\t\t<\/div>\n\t\t\t\t<div class=\"elementor-element elementor-element-4b21499 elementor-view-default elementor-widget elementor-widget-icon\" data-id=\"4b21499\" data-element_type=\"widget\" data-e-type=\"widget\" data-widget_type=\"icon.default\">\n\t\t\t\t<div class=\"elementor-widget-container\">\n\t\t\t\t\t\t\t<div class=\"elementor-icon-wrapper\">\n\t\t\t<div class=\"elementor-icon\">\n\t\t\t<svg xmlns=\"http:\/\/www.w3.org\/2000\/svg\" width=\"20\" height=\"12\" viewbox=\"0 0 20 12\" fill=\"none\"><path d=\"M18.9116 6.73614C19.2045 6.44325 19.2045 5.96837 18.9116 5.67548L14.1386 0.90251C13.8457 0.609616 13.3708 0.609616 13.078 0.90251C12.7851 1.1954 12.7851 1.67028 13.078 1.96317L17.3206 6.20581L13.078 10.4485C12.7851 10.7413 12.7851 11.2162 13.078 11.5091C13.3708 11.802 13.8457 11.802 14.1386 11.5091L18.9116 6.73614ZM0.0795898 6.95581H18.3813V5.45581H0.0795898V6.95581Z\" fill=\"#7D1927\"><\/path><\/svg>\t\t\t<\/div>\n\t\t<\/div>\n\t\t\t\t\t\t<\/div>\n\t\t\t\t<\/div>\n\t\t\t\t<\/div>\n\t\t\t\t<\/a>\n\t\t\t\t\t<\/div>\n\t\t\t\t<\/div>\n\t\t\t\t<\/div>","protected":false},"excerpt":{"rendered":"<p>Duelas Aqua &#8211; Fan Staves &#8211; Inserstaves Personalizaci\u00f3n a tu medida Permite mezclar distintos or\u00edgenes de madera, niveles de tostado y elecci\u00f3n de superficie de contacto vino-madera. DUELAS AQUA Descubrir FANSTAVES Descubrir INSERSTAVES Descubrir<\/p>","protected":false},"author":1,"featured_media":0,"parent":2211,"menu_order":0,"comment_status":"closed","ping_status":"closed","template":"","meta":{"_acf_changed":false,"footnotes":""},"class_list":["post-3074","page","type-page","status-publish","hentry"],"acf":[],"yoast_head":"<!-- This site is optimized with the Yoast SEO plugin v27.6 - https:\/\/yoast.com\/product\/yoast-seo-wordpress\/ -->\n<title>Duelas - TnCoopers<\/title>\n<meta name=\"robots\" content=\"index, follow, max-snippet:-1, max-image-preview:large, max-video-preview:-1\" \/>\n<link rel=\"canonical\" href=\"https:\/\/tncoopers.com\/it\/alternativos\/staves\/\" \/>\n<meta property=\"og:locale\" content=\"it_IT\" \/>\n<meta property=\"og:type\" content=\"article\" \/>\n<meta property=\"og:title\" content=\"Duelas - TnCoopers\" \/>\n<meta property=\"og:description\" content=\"Duelas Aqua &#8211; Fan Staves &#8211; Inserstaves Personalizaci\u00f3n a tu medida Permite mezclar distintos or\u00edgenes de madera, niveles de tostado y elecci\u00f3n de superficie de contacto vino-madera. DUELAS AQUA Descubrir FANSTAVES Descubrir INSERSTAVES Descubrir\" \/>\n<meta property=\"og:url\" content=\"https:\/\/tncoopers.com\/it\/alternativos\/staves\/\" \/>\n<meta property=\"og:site_name\" content=\"TnCoopers\" \/>\n<meta property=\"article:publisher\" content=\"https:\/\/www.facebook.com\/toneleria.nacional\" \/>\n<meta property=\"article:modified_time\" content=\"2024-11-26T06:07:08+00:00\" \/>\n<meta property=\"og:image\" content=\"https:\/\/tncoopers.com\/wp-content\/uploads\/2024\/08\/Fontainebleau-25.png\" \/>\n<meta name=\"twitter:card\" content=\"summary_large_image\" \/>\n<script type=\"application\/ld+json\" class=\"yoast-schema-graph\">{\"@context\":\"https:\\\/\\\/schema.org\",\"@graph\":[{\"@type\":\"WebPage\",\"@id\":\"https:\\\/\\\/tncoopers.com\\\/alternativos\\\/staves\\\/\",\"url\":\"https:\\\/\\\/tncoopers.com\\\/alternativos\\\/staves\\\/\",\"name\":\"Duelas - TnCoopers\",\"isPartOf\":{\"@id\":\"https:\\\/\\\/tncoopers.com\\\/#website\"},\"primaryImageOfPage\":{\"@id\":\"https:\\\/\\\/tncoopers.com\\\/alternativos\\\/staves\\\/#primaryimage\"},\"image\":{\"@id\":\"https:\\\/\\\/tncoopers.com\\\/alternativos\\\/staves\\\/#primaryimage\"},\"thumbnailUrl\":\"https:\\\/\\\/tncoopers.com\\\/wp-content\\\/uploads\\\/2024\\\/08\\\/Fontainebleau-25.png\",\"datePublished\":\"2024-08-26T13:33:28+00:00\",\"dateModified\":\"2024-11-26T06:07:08+00:00\",\"breadcrumb\":{\"@id\":\"https:\\\/\\\/tncoopers.com\\\/alternativos\\\/staves\\\/#breadcrumb\"},\"inLanguage\":\"it-IT\",\"potentialAction\":[{\"@type\":\"ReadAction\",\"target\":[\"https:\\\/\\\/tncoopers.com\\\/alternativos\\\/staves\\\/\"]}]},{\"@type\":\"ImageObject\",\"inLanguage\":\"it-IT\",\"@id\":\"https:\\\/\\\/tncoopers.com\\\/alternativos\\\/staves\\\/#primaryimage\",\"url\":\"https:\\\/\\\/tncoopers.com\\\/wp-content\\\/uploads\\\/2024\\\/08\\\/Fontainebleau-25.png\",\"contentUrl\":\"https:\\\/\\\/tncoopers.com\\\/wp-content\\\/uploads\\\/2024\\\/08\\\/Fontainebleau-25.png\"},{\"@type\":\"BreadcrumbList\",\"@id\":\"https:\\\/\\\/tncoopers.com\\\/alternativos\\\/staves\\\/#breadcrumb\",\"itemListElement\":[{\"@type\":\"ListItem\",\"position\":1,\"name\":\"Portada\",\"item\":\"https:\\\/\\\/tncoopers.com\\\/\"},{\"@type\":\"ListItem\",\"position\":2,\"name\":\"Alternativos\",\"item\":\"https:\\\/\\\/tncoopers.com\\\/alternativos\\\/\"},{\"@type\":\"ListItem\",\"position\":3,\"name\":\"Duelas\"}]},{\"@type\":\"WebSite\",\"@id\":\"https:\\\/\\\/tncoopers.com\\\/#website\",\"url\":\"https:\\\/\\\/tncoopers.com\\\/\",\"name\":\"TnCoopers\",\"description\":\"\",\"publisher\":{\"@id\":\"https:\\\/\\\/tncoopers.com\\\/#organization\"},\"potentialAction\":[{\"@type\":\"SearchAction\",\"target\":{\"@type\":\"EntryPoint\",\"urlTemplate\":\"https:\\\/\\\/tncoopers.com\\\/?s={search_term_string}\"},\"query-input\":{\"@type\":\"PropertyValueSpecification\",\"valueRequired\":true,\"valueName\":\"search_term_string\"}}],\"inLanguage\":\"it-IT\"},{\"@type\":\"Organization\",\"@id\":\"https:\\\/\\\/tncoopers.com\\\/#organization\",\"name\":\"TnCoopers\",\"url\":\"https:\\\/\\\/tncoopers.com\\\/\",\"logo\":{\"@type\":\"ImageObject\",\"inLanguage\":\"it-IT\",\"@id\":\"https:\\\/\\\/tncoopers.com\\\/#\\\/schema\\\/logo\\\/image\\\/\",\"url\":\"https:\\\/\\\/tncoopers.com\\\/wp-content\\\/uploads\\\/2023\\\/09\\\/logofinal.png\",\"contentUrl\":\"https:\\\/\\\/tncoopers.com\\\/wp-content\\\/uploads\\\/2023\\\/09\\\/logofinal.png\",\"width\":540,\"height\":265,\"caption\":\"TnCoopers\"},\"image\":{\"@id\":\"https:\\\/\\\/tncoopers.com\\\/#\\\/schema\\\/logo\\\/image\\\/\"},\"sameAs\":[\"https:\\\/\\\/www.facebook.com\\\/toneleria.nacional\",\"https:\\\/\\\/www.instagram.com\\\/tncoopers\\\/\"]}]}<\/script>\n<!-- \/ Yoast SEO plugin. -->","yoast_head_json":{"title":"Duelas - TnCoopers","robots":{"index":"index","follow":"follow","max-snippet":"max-snippet:-1","max-image-preview":"max-image-preview:large","max-video-preview":"max-video-preview:-1"},"canonical":"https:\/\/tncoopers.com\/it\/alternativos\/staves\/","og_locale":"it_IT","og_type":"article","og_title":"Duelas - TnCoopers","og_description":"Duelas Aqua &#8211; Fan Staves &#8211; Inserstaves Personalizaci\u00f3n a tu medida Permite mezclar distintos or\u00edgenes de madera, niveles de tostado y elecci\u00f3n de superficie de contacto vino-madera. DUELAS AQUA Descubrir FANSTAVES Descubrir INSERSTAVES Descubrir","og_url":"https:\/\/tncoopers.com\/it\/alternativos\/staves\/","og_site_name":"TnCoopers","article_publisher":"https:\/\/www.facebook.com\/toneleria.nacional","article_modified_time":"2024-11-26T06:07:08+00:00","og_image":[{"url":"https:\/\/tncoopers.com\/wp-content\/uploads\/2024\/08\/Fontainebleau-25.png","type":"","width":"","height":""}],"twitter_card":"summary_large_image","schema":{"@context":"https:\/\/schema.org","@graph":[{"@type":"WebPage","@id":"https:\/\/tncoopers.com\/alternativos\/staves\/","url":"https:\/\/tncoopers.com\/alternativos\/staves\/","name":"Duelas - TnCoopers","isPartOf":{"@id":"https:\/\/tncoopers.com\/#website"},"primaryImageOfPage":{"@id":"https:\/\/tncoopers.com\/alternativos\/staves\/#primaryimage"},"image":{"@id":"https:\/\/tncoopers.com\/alternativos\/staves\/#primaryimage"},"thumbnailUrl":"https:\/\/tncoopers.com\/wp-content\/uploads\/2024\/08\/Fontainebleau-25.png","datePublished":"2024-08-26T13:33:28+00:00","dateModified":"2024-11-26T06:07:08+00:00","breadcrumb":{"@id":"https:\/\/tncoopers.com\/alternativos\/staves\/#breadcrumb"},"inLanguage":"it-IT","potentialAction":[{"@type":"ReadAction","target":["https:\/\/tncoopers.com\/alternativos\/staves\/"]}]},{"@type":"ImageObject","inLanguage":"it-IT","@id":"https:\/\/tncoopers.com\/alternativos\/staves\/#primaryimage","url":"https:\/\/tncoopers.com\/wp-content\/uploads\/2024\/08\/Fontainebleau-25.png","contentUrl":"https:\/\/tncoopers.com\/wp-content\/uploads\/2024\/08\/Fontainebleau-25.png"},{"@type":"BreadcrumbList","@id":"https:\/\/tncoopers.com\/alternativos\/staves\/#breadcrumb","itemListElement":[{"@type":"ListItem","position":1,"name":"Portada","item":"https:\/\/tncoopers.com\/"},{"@type":"ListItem","position":2,"name":"Alternativos","item":"https:\/\/tncoopers.com\/alternativos\/"},{"@type":"ListItem","position":3,"name":"Duelas"}]},{"@type":"WebSite","@id":"https:\/\/tncoopers.com\/#website","url":"https:\/\/tncoopers.com\/","name":"TnCoopers","description":"","publisher":{"@id":"https:\/\/tncoopers.com\/#organization"},"potentialAction":[{"@type":"SearchAction","target":{"@type":"EntryPoint","urlTemplate":"https:\/\/tncoopers.com\/?s={search_term_string}"},"query-input":{"@type":"PropertyValueSpecification","valueRequired":true,"valueName":"search_term_string"}}],"inLanguage":"it-IT"},{"@type":"Organization","@id":"https:\/\/tncoopers.com\/#organization","name":"TnCoopers","url":"https:\/\/tncoopers.com\/","logo":{"@type":"ImageObject","inLanguage":"it-IT","@id":"https:\/\/tncoopers.com\/#\/schema\/logo\/image\/","url":"https:\/\/tncoopers.com\/wp-content\/uploads\/2023\/09\/logofinal.png","contentUrl":"https:\/\/tncoopers.com\/wp-content\/uploads\/2023\/09\/logofinal.png","width":540,"height":265,"caption":"TnCoopers"},"image":{"@id":"https:\/\/tncoopers.com\/#\/schema\/logo\/image\/"},"sameAs":["https:\/\/www.facebook.com\/toneleria.nacional","https:\/\/www.instagram.com\/tncoopers\/"]}]}},"_links":{"self":[{"href":"https:\/\/tncoopers.com\/it\/wp-json\/wp\/v2\/pages\/3074","targetHints":{"allow":["GET"]}}],"collection":[{"href":"https:\/\/tncoopers.com\/it\/wp-json\/wp\/v2\/pages"}],"about":[{"href":"https:\/\/tncoopers.com\/it\/wp-json\/wp\/v2\/types\/page"}],"author":[{"embeddable":true,"href":"https:\/\/tncoopers.com\/it\/wp-json\/wp\/v2\/users\/1"}],"replies":[{"embeddable":true,"href":"https:\/\/tncoopers.com\/it\/wp-json\/wp\/v2\/comments?post=3074"}],"version-history":[{"count":32,"href":"https:\/\/tncoopers.com\/it\/wp-json\/wp\/v2\/pages\/3074\/revisions"}],"predecessor-version":[{"id":6378,"href":"https:\/\/tncoopers.com\/it\/wp-json\/wp\/v2\/pages\/3074\/revisions\/6378"}],"up":[{"embeddable":true,"href":"https:\/\/tncoopers.com\/it\/wp-json\/wp\/v2\/pages\/2211"}],"wp:attachment":[{"href":"https:\/\/tncoopers.com\/it\/wp-json\/wp\/v2\/media?parent=3074"}],"curies":[{"name":"wp","href":"https:\/\/api.w.org\/{rel}","templated":true}]}}