{"id":4125,"date":"2024-09-17T10:17:18","date_gmt":"2024-09-17T13:17:18","guid":{"rendered":"https:\/\/tncoopers.com\/?page_id=4125"},"modified":"2024-11-29T00:37:02","modified_gmt":"2024-11-29T03:37:02","slug":"estudios-y-colaboraciones","status":"publish","type":"page","link":"https:\/\/tncoopers.com\/en\/id\/estudios-y-colaboraciones\/","title":{"rendered":"Studies and Collaborations"},"content":{"rendered":"<div data-elementor-type=\"wp-page\" data-elementor-id=\"4125\" class=\"elementor elementor-4125\" data-elementor-post-type=\"page\">\n\t\t\t\t<div class=\"elementor-element elementor-element-371399d8 e-con-full e-flex e-con e-parent\" data-id=\"371399d8\" data-element_type=\"container\" data-e-type=\"container\" data-settings=\"{&quot;background_background&quot;:&quot;classic&quot;}\">\n\t\t\t\t<div class=\"elementor-element elementor-element-155de102 elementor-widget elementor-widget-heading\" data-id=\"155de102\" data-element_type=\"widget\" data-e-type=\"widget\" data-widget_type=\"heading.default\">\n\t\t\t\t<div class=\"elementor-widget-container\">\n\t\t\t\t\t<h1 class=\"elementor-heading-title elementor-size-default\">Studies and Collaborations<\/h1>\t\t\t\t<\/div>\n\t\t\t\t<\/div>\n\t\t\t\t<\/div>\n\t\t<div class=\"elementor-element elementor-element-9072c58 e-flex e-con-boxed e-con e-parent\" data-id=\"9072c58\" data-element_type=\"container\" data-e-type=\"container\">\n\t\t\t\t\t<div class=\"e-con-inner\">\n\t\t\t\t<div class=\"elementor-element elementor-element-706a5d1 elementor-widget__width-initial elementor-widget elementor-widget-text-editor\" data-id=\"706a5d1\" data-element_type=\"widget\" data-e-type=\"widget\" data-widget_type=\"text-editor.default\">\n\t\t\t\t<div class=\"elementor-widget-container\">\n\t\t\t\t\t\t\t\t\t<p>We work closely with universities and research centers in Chile and other parts of the world.<\/p>\t\t\t\t\t\t\t\t<\/div>\n\t\t\t\t<\/div>\n\t\t\t\t<div class=\"elementor-element elementor-element-023bf79 elementor-widget__width-initial elementor-widget elementor-widget-text-editor\" data-id=\"023bf79\" data-element_type=\"widget\" data-e-type=\"widget\" data-widget_type=\"text-editor.default\">\n\t\t\t\t<div class=\"elementor-widget-container\">\n\t\t\t\t\t\t\t\t\t<p>Discover how our research and development programs contribute to innovation in the cooperage industry and beyond.<\/p>\t\t\t\t\t\t\t\t<\/div>\n\t\t\t\t<\/div>\n\t\t\t\t<div class=\"elementor-element elementor-element-fa84b31 elementor-widget elementor-widget-heading\" data-id=\"fa84b31\" data-element_type=\"widget\" data-e-type=\"widget\" data-widget_type=\"heading.default\">\n\t\t\t\t<div class=\"elementor-widget-container\">\n\t\t\t\t\t<h2 class=\"elementor-heading-title elementor-size-default\">Studies<\/h2>\t\t\t\t<\/div>\n\t\t\t\t<\/div>\n\t\t\t\t\t<\/div>\n\t\t\t\t<\/div>\n\t\t<div class=\"elementor-element elementor-element-9903a7f e-flex e-con-boxed e-con e-parent\" data-id=\"9903a7f\" data-element_type=\"container\" data-e-type=\"container\">\n\t\t\t\t\t<div class=\"e-con-inner\">\n\t\t\t\t<div class=\"elementor-element elementor-element-16a2f5b togglebox elementor-widget elementor-widget-toggle\" data-id=\"16a2f5b\" data-element_type=\"widget\" data-e-type=\"widget\" data-widget_type=\"toggle.default\">\n\t\t\t\t<div class=\"elementor-widget-container\">\n\t\t\t\t\t\t\t<div class=\"elementor-toggle\">\n\t\t\t\t\t\t\t<div class=\"elementor-toggle-item\">\n\t\t\t\t\t<div id=\"elementor-tab-title-2371\" class=\"elementor-tab-title\" data-tab=\"1\" role=\"button\" aria-controls=\"elementor-tab-content-2371\" aria-expanded=\"false\">\n\t\t\t\t\t\t\t\t\t\t\t\t<span class=\"elementor-toggle-icon elementor-toggle-icon-right\" aria-hidden=\"true\">\n\t\t\t\t\t\t\t\t\t\t\t\t\t\t\t<span class=\"elementor-toggle-icon-closed\"><i class=\"fas fa-chevron-down\"><\/i><\/span>\n\t\t\t\t\t\t\t\t<span class=\"elementor-toggle-icon-opened\"><i class=\"elementor-toggle-icon-opened fas fa-chevron-up\"><\/i><\/span>\n\t\t\t\t\t\t\t\t\t\t\t\t\t<\/span>\n\t\t\t\t\t\t\t\t\t\t\t\t<a class=\"elementor-toggle-title\" tabindex=\"0\"><div class=\"certificaciones\"><div class=\"certificaciones__img\"><img decoding=\"async\" src=\"https:\/\/tncoopers.com\/wp-content\/uploads\/2024\/09\/Frame-154.svg\"><\/div><div class=\"certificaciones__txt estudios\"><h2>Study: Impact of Using Alternative Woods to Traditional Ones on the Final Composition of White Wines<\/h2><h3>University of Valladolid<\/h3><\/div><\/div><\/a>\n\t\t\t\t\t<\/div>\n\n\t\t\t\t\t<div id=\"elementor-tab-content-2371\" class=\"elementor-tab-content elementor-clearfix\" data-tab=\"1\" role=\"region\" aria-labelledby=\"elementor-tab-title-2371\"><div class=\"certificaciones__content\"><p><strong>Conclusions:<\/strong><\/p><ul><li>Aging with different woods increased the content of phenolic compounds.<\/li><li>Condensed tannins increased with wood aging, except in Quercus candicans and Nothofagus pumilio.<\/li><li>Tartaric esters were better preserved in wines with woods, and even increased, with alternative woods following traditional patterns.<\/li><li>Wines aged with Quercus humboldtii (Columbian Oak) were the most favored by tasters among alternative woods, followed by Robinia pseudoacacia.<\/li><li>The color intensity increase of wines with alternative woods was similar to that of traditional woods, except for wines aged with Acacia (Robinia pseudoacacia and Acacia dealbata).<\/li><\/ul><p><strong>For more information, contact daraya@tncoopers.com<\/strong><\/p><\/div><\/div>\n\t\t\t\t<\/div>\n\t\t\t\t\t\t\t<div class=\"elementor-toggle-item\">\n\t\t\t\t\t<div id=\"elementor-tab-title-2372\" class=\"elementor-tab-title\" data-tab=\"2\" role=\"button\" aria-controls=\"elementor-tab-content-2372\" aria-expanded=\"false\">\n\t\t\t\t\t\t\t\t\t\t\t\t<span class=\"elementor-toggle-icon elementor-toggle-icon-right\" aria-hidden=\"true\">\n\t\t\t\t\t\t\t\t\t\t\t\t\t\t\t<span class=\"elementor-toggle-icon-closed\"><i class=\"fas fa-chevron-down\"><\/i><\/span>\n\t\t\t\t\t\t\t\t<span class=\"elementor-toggle-icon-opened\"><i class=\"elementor-toggle-icon-opened fas fa-chevron-up\"><\/i><\/span>\n\t\t\t\t\t\t\t\t\t\t\t\t\t<\/span>\n\t\t\t\t\t\t\t\t\t\t\t\t<a class=\"elementor-toggle-title\" tabindex=\"0\"><div class=\"certificaciones\">     <div class=\"certificaciones__img\"><img decoding=\"async\" src=\"https:\/\/tncoopers.com\/wp-content\/uploads\/2024\/09\/Frame-154.svg\"><\/div>     <div class=\"certificaciones__txt estudios\">         <h2>IAM Astringency Project<\/h2>         <h3>Study conducted by TN Coopers together with the Faculty of Agronomy and Natural Systems of the Pontifical Catholic University of Chile<\/h3>     <\/div> <\/div><\/a>\n\t\t\t\t\t<\/div>\n\n\t\t\t\t\t<div id=\"elementor-tab-content-2372\" class=\"elementor-tab-content elementor-clearfix\" data-tab=\"2\" role=\"region\" aria-labelledby=\"elementor-tab-title-2372\"><div class=\"certificaciones__content\"><strong>General Objective:<\/strong> Characterize the astringency that different wood origins and drying times contribute\nto barrel manufacturing.<\/div><div class=\"certificaciones__content\"><p><strong>General Conclusions of the Study:<\/strong><\/p><ul><li>Various techniques were analyzed for determining astringency in woods with different drying\ntimes and origins, such as: Wood Astringency Index (by tribology), Total Polyphenol Content,\nand Tasting.<\/li><li>Both total polyphenol content and sensory analysis showed high variability in their results,\nmaking their ability to discriminate between different woods less clear than the Wood\nAstringency Index obtained by tribology (IAM), highlighting the interest in this technique for\nmonitoring astringency over time.<\/li><\/ul><\/div><div>\u00a0<\/div><div class=\"certificaciones__content\"><p>The results obtained by IAM can therefore assist in decision-making such as:<\/p><ul><li>Shortening drying times for woods.<\/li><li>Defining similarities or differences between suppliers and origins.<\/li><li>Objectively classifying woods in terms of astringency. This can contribute to optimizing\ndrying times on the ground (which translates into wood inventory efficiency) as well as\nto better market segmentation for both wood acquisition (suppliers) and barrel sales\n(customers).<\/li><\/ul><p><strong>For more information, contact daraya@tncoopers.com<\/strong><\/p><\/div><\/div>\n\t\t\t\t<\/div>\n\t\t\t\t\t\t\t<div class=\"elementor-toggle-item\">\n\t\t\t\t\t<div id=\"elementor-tab-title-2373\" class=\"elementor-tab-title\" data-tab=\"3\" role=\"button\" aria-controls=\"elementor-tab-content-2373\" aria-expanded=\"false\">\n\t\t\t\t\t\t\t\t\t\t\t\t<span class=\"elementor-toggle-icon elementor-toggle-icon-right\" aria-hidden=\"true\">\n\t\t\t\t\t\t\t\t\t\t\t\t\t\t\t<span class=\"elementor-toggle-icon-closed\"><i class=\"fas fa-chevron-down\"><\/i><\/span>\n\t\t\t\t\t\t\t\t<span class=\"elementor-toggle-icon-opened\"><i class=\"elementor-toggle-icon-opened fas fa-chevron-up\"><\/i><\/span>\n\t\t\t\t\t\t\t\t\t\t\t\t\t<\/span>\n\t\t\t\t\t\t\t\t\t\t\t\t<a class=\"elementor-toggle-title\" tabindex=\"0\"><div class=\"certificaciones\">     <div class=\"certificaciones__img\"><img decoding=\"async\"             src=\"https:\/\/tncoopers.com\/wp-content\/uploads\/2024\/09\/Frame-154.svg\"><\/div>     <div class=\"certificaciones__txt estudios\">         <h2>Comparative Study of a Cell-Based Biosensor and an Electrochemical Biosensor for the Rapid Detection of 246-Trichloroanisole in Barrel Water Extracts<\/h2>         <h3>Laboratory of Cell Technology Department of Biotechnology Agricultural University of Athens &amp; TN Coopers         <\/h3>     <\/div> <\/div><\/a>\n\t\t\t\t\t<\/div>\n\n\t\t\t\t\t<div id=\"elementor-tab-content-2373\" class=\"elementor-tab-content elementor-clearfix\" data-tab=\"3\" role=\"region\" aria-labelledby=\"elementor-tab-title-2373\"><div class=\"certificaciones__content\"><strong>Conclusions:<\/strong> This study can potentially serve as a basis for the future development of a POT biosensor\ndevice for routine and high-throughput detection of 246-TCA in oak barrel water extracts.<\/div><div class=\"certificaciones__content\"><p><strong>For more information, contact daraya@tncoopers.com<\/strong><\/p><\/div><\/div>\n\t\t\t\t<\/div>\n\t\t\t\t\t\t\t<div class=\"elementor-toggle-item\">\n\t\t\t\t\t<div id=\"elementor-tab-title-2374\" class=\"elementor-tab-title\" data-tab=\"4\" role=\"button\" aria-controls=\"elementor-tab-content-2374\" aria-expanded=\"false\">\n\t\t\t\t\t\t\t\t\t\t\t\t<span class=\"elementor-toggle-icon elementor-toggle-icon-right\" aria-hidden=\"true\">\n\t\t\t\t\t\t\t\t\t\t\t\t\t\t\t<span class=\"elementor-toggle-icon-closed\"><i class=\"fas fa-chevron-down\"><\/i><\/span>\n\t\t\t\t\t\t\t\t<span class=\"elementor-toggle-icon-opened\"><i class=\"elementor-toggle-icon-opened fas fa-chevron-up\"><\/i><\/span>\n\t\t\t\t\t\t\t\t\t\t\t\t\t<\/span>\n\t\t\t\t\t\t\t\t\t\t\t\t<a class=\"elementor-toggle-title\" tabindex=\"0\"><div class=\"certificaciones\">     <div class=\"certificaciones__img\"><img decoding=\"async\"             src=\"https:\/\/tncoopers.com\/wp-content\/uploads\/2024\/09\/Frame-154.svg\"><\/div>     <div class=\"certificaciones__txt estudios\">         <h2>Comparative Study of French and European Oak<\/h2>         <h3>TN Coopers         <\/h3>     <\/div> <\/div><\/a>\n\t\t\t\t\t<\/div>\n\n\t\t\t\t\t<div id=\"elementor-tab-content-2374\" class=\"elementor-tab-content elementor-clearfix\" data-tab=\"4\" role=\"region\" aria-labelledby=\"elementor-tab-title-2374\"><div class=\"certificaciones__content\"><p><strong>Conclusions:<\/strong><\/p><ul><li>Regarding the total content of phenolic aldehydes, there were differences in green and dried woods.<br \/>However, in toasted woods, which is how they are used for wine aging, there were none<br \/>significant differences.<\/li><li>Regarding the total content of phenolic acids, toasting increased their concentration, with<br \/>French wood showing the highest content, although without significant differences compared to Romanian wood<br \/>(both Q. sessilis).<\/li><li>The sensory profile of trial wine (cr) in contact with French oak chips for 90 days is noted to be spicier,<br \/>with accentuated coconut and vanilla attributes. Its persistence is also enhanced<br \/>compared to Romanian oak.<\/li><li>Contrary to what was observed with chips, in the case of 12-month aging with barrels of origin<br \/>French and Romanian, similar profiles are noted.<\/li><li>A preference test among different tasters reveals a clear inclination towards the wine aged in<br \/>Romanian oak barrels.<\/li><\/ul><\/div><div class=\"certificaciones__content\"><p><strong>For more information, contact daraya@tncoopers.com<\/strong><\/p><\/div><\/div>\n\t\t\t\t<\/div>\n\t\t\t\t\t\t\t<div class=\"elementor-toggle-item\">\n\t\t\t\t\t<div id=\"elementor-tab-title-2375\" class=\"elementor-tab-title\" data-tab=\"5\" role=\"button\" aria-controls=\"elementor-tab-content-2375\" aria-expanded=\"false\">\n\t\t\t\t\t\t\t\t\t\t\t\t<span class=\"elementor-toggle-icon elementor-toggle-icon-right\" aria-hidden=\"true\">\n\t\t\t\t\t\t\t\t\t\t\t\t\t\t\t<span class=\"elementor-toggle-icon-closed\"><i class=\"fas fa-chevron-down\"><\/i><\/span>\n\t\t\t\t\t\t\t\t<span class=\"elementor-toggle-icon-opened\"><i class=\"elementor-toggle-icon-opened fas fa-chevron-up\"><\/i><\/span>\n\t\t\t\t\t\t\t\t\t\t\t\t\t<\/span>\n\t\t\t\t\t\t\t\t\t\t\t\t<a class=\"elementor-toggle-title\" tabindex=\"0\"><div class=\"certificaciones\">     <div class=\"certificaciones__img\"><img decoding=\"async\"             src=\"https:\/\/tncoopers.com\/wp-content\/uploads\/2024\/09\/Frame-154.svg\"><\/div>     <div class=\"certificaciones__txt estudios\">         <h2>Explore Our Studies<\/h2>         <h3>TN Coopers         <\/h3>     <\/div> <\/div><\/a>\n\t\t\t\t\t<\/div>\n\n\t\t\t\t\t<div id=\"elementor-tab-content-2375\" class=\"elementor-tab-content elementor-clearfix\" data-tab=\"5\" role=\"region\" aria-labelledby=\"elementor-tab-title-2375\"><div class=\"certificaciones__content\">Explore the list of studies we have conducted in collaboration with prestigious universities and institutes. To access any of these detailed reports, please contact us -\u00a0david@tncoopers.com, and we will gladly send it to you.<\/div><div>\u00a0<\/div><div class=\"certificaciones__content\"><ul><li><strong> Study on the Chemical and Sensory Influence of Oak Wood in the Aging of Chilean Red Wines.<\/strong> University of Chile<\/li><li><strong>Volatile Compounds in Quercus humboldtii (Colombian Oak) and the Wines Aged with Them Compared to Traditional Oak Woods Used in Cooperage:<\/strong> University of Talca \/ J. Bouchon<\/li><li><strong>Study on the Evolution and Effect of Barrel Refreshers.<\/strong> University of Chile \/ VSP<\/li><li><strong>Commercial Enological Tannins: Characterization and Their Relative Impact on the Phenolic and Sensory Composition of Carmenere Wine During Bottle Aging:<\/strong> University of Chile<\/li><li><strong>Development of Alternative Products to Oak Barrels in the Aging of Fine Wines, Using Native Chilean Woods.<\/strong>University of Chile \/ Miguel Torres<\/li><li><strong>Comparison of the Effect of Different Toasting Times and Flows by Convection on the Physical, Chemical, and Sensory Characteristics of French Oak Staves.<\/strong> University of Chile<\/li><\/ul><p><strong>For more information, contact daraya@tncoopers.com<\/strong><\/p><\/div><\/div>\n\t\t\t\t<\/div>\n\t\t\t\t\t\t\t\t<\/div>\n\t\t\t\t\t\t<\/div>\n\t\t\t\t<\/div>\n\t\t\t\t\t<\/div>\n\t\t\t\t<\/div>\n\t\t\t\t<\/div>","protected":false},"excerpt":{"rendered":"<p>Estudios y Colaboraciones Trabajamos en estrecha colaboraci\u00f3n con universidades y centros de investigaci\u00f3n en Chile y otras partes del mundo Esta red global de cooperaci\u00f3n nos permite integrar las \u00faltimas innovaciones y descubrimientos cient\u00edficos en nuestros procesos de fabricaci\u00f3n, asegurando que nuestras barricas no solo sean modernas y tecnol\u00f3gicamente avanzadas, sino tambi\u00e9n perfectamente adaptadas a [&hellip;]<\/p>\n","protected":false},"author":1,"featured_media":0,"parent":3718,"menu_order":0,"comment_status":"closed","ping_status":"closed","template":"","meta":{"_acf_changed":false,"footnotes":""},"class_list":["post-4125","page","type-page","status-publish","hentry"],"acf":[],"yoast_head":"<!-- This site is optimized with the Yoast SEO plugin v27.6 - https:\/\/yoast.com\/product\/yoast-seo-wordpress\/ -->\n<title>Estudios y Colaboraciones - TnCoopers<\/title>\n<meta name=\"robots\" content=\"index, follow, max-snippet:-1, max-image-preview:large, max-video-preview:-1\" \/>\n<link rel=\"canonical\" href=\"https:\/\/tncoopers.com\/en\/id\/estudios-y-colaboraciones\/\" \/>\n<meta property=\"og:locale\" content=\"en_US\" \/>\n<meta property=\"og:type\" content=\"article\" \/>\n<meta property=\"og:title\" content=\"Estudios y Colaboraciones - TnCoopers\" \/>\n<meta property=\"og:description\" content=\"Estudios y Colaboraciones Trabajamos en estrecha colaboraci\u00f3n con universidades y centros de investigaci\u00f3n en Chile y otras partes del mundo Esta red global de cooperaci\u00f3n nos permite integrar las \u00faltimas innovaciones y descubrimientos cient\u00edficos en nuestros procesos de fabricaci\u00f3n, asegurando que nuestras barricas no solo sean modernas y tecnol\u00f3gicamente avanzadas, sino tambi\u00e9n perfectamente adaptadas a [&hellip;]\" \/>\n<meta property=\"og:url\" content=\"https:\/\/tncoopers.com\/en\/id\/estudios-y-colaboraciones\/\" \/>\n<meta property=\"og:site_name\" content=\"TnCoopers\" \/>\n<meta property=\"article:publisher\" content=\"https:\/\/www.facebook.com\/toneleria.nacional\" \/>\n<meta property=\"article:modified_time\" content=\"2024-11-29T03:37:02+00:00\" \/>\n<meta property=\"og:image\" content=\"https:\/\/tncoopers.com\/wp-content\/uploads\/2024\/09\/Frame-154.svg\" \/>\n<meta name=\"twitter:card\" content=\"summary_large_image\" \/>\n<meta name=\"twitter:label1\" content=\"Est. reading time\" \/>\n\t<meta name=\"twitter:data1\" content=\"5 minutes\" \/>\n<script type=\"application\/ld+json\" class=\"yoast-schema-graph\">{\"@context\":\"https:\\\/\\\/schema.org\",\"@graph\":[{\"@type\":\"WebPage\",\"@id\":\"https:\\\/\\\/tncoopers.com\\\/id\\\/estudios-y-colaboraciones\\\/\",\"url\":\"https:\\\/\\\/tncoopers.com\\\/id\\\/estudios-y-colaboraciones\\\/\",\"name\":\"Estudios y Colaboraciones - TnCoopers\",\"isPartOf\":{\"@id\":\"https:\\\/\\\/tncoopers.com\\\/#website\"},\"primaryImageOfPage\":{\"@id\":\"https:\\\/\\\/tncoopers.com\\\/id\\\/estudios-y-colaboraciones\\\/#primaryimage\"},\"image\":{\"@id\":\"https:\\\/\\\/tncoopers.com\\\/id\\\/estudios-y-colaboraciones\\\/#primaryimage\"},\"thumbnailUrl\":\"https:\\\/\\\/tncoopers.com\\\/wp-content\\\/uploads\\\/2024\\\/09\\\/Frame-154.svg\",\"datePublished\":\"2024-09-17T13:17:18+00:00\",\"dateModified\":\"2024-11-29T03:37:02+00:00\",\"breadcrumb\":{\"@id\":\"https:\\\/\\\/tncoopers.com\\\/id\\\/estudios-y-colaboraciones\\\/#breadcrumb\"},\"inLanguage\":\"en-US\",\"potentialAction\":[{\"@type\":\"ReadAction\",\"target\":[\"https:\\\/\\\/tncoopers.com\\\/id\\\/estudios-y-colaboraciones\\\/\"]}]},{\"@type\":\"ImageObject\",\"inLanguage\":\"en-US\",\"@id\":\"https:\\\/\\\/tncoopers.com\\\/id\\\/estudios-y-colaboraciones\\\/#primaryimage\",\"url\":\"https:\\\/\\\/tncoopers.com\\\/wp-content\\\/uploads\\\/2024\\\/09\\\/Frame-154.svg\",\"contentUrl\":\"https:\\\/\\\/tncoopers.com\\\/wp-content\\\/uploads\\\/2024\\\/09\\\/Frame-154.svg\"},{\"@type\":\"BreadcrumbList\",\"@id\":\"https:\\\/\\\/tncoopers.com\\\/id\\\/estudios-y-colaboraciones\\\/#breadcrumb\",\"itemListElement\":[{\"@type\":\"ListItem\",\"position\":1,\"name\":\"Portada\",\"item\":\"https:\\\/\\\/tncoopers.com\\\/\"},{\"@type\":\"ListItem\",\"position\":2,\"name\":\"I+D\",\"item\":\"https:\\\/\\\/tncoopers.com\\\/id\\\/\"},{\"@type\":\"ListItem\",\"position\":3,\"name\":\"Estudios y Colaboraciones\"}]},{\"@type\":\"WebSite\",\"@id\":\"https:\\\/\\\/tncoopers.com\\\/#website\",\"url\":\"https:\\\/\\\/tncoopers.com\\\/\",\"name\":\"TnCoopers\",\"description\":\"\",\"publisher\":{\"@id\":\"https:\\\/\\\/tncoopers.com\\\/#organization\"},\"potentialAction\":[{\"@type\":\"SearchAction\",\"target\":{\"@type\":\"EntryPoint\",\"urlTemplate\":\"https:\\\/\\\/tncoopers.com\\\/?s={search_term_string}\"},\"query-input\":{\"@type\":\"PropertyValueSpecification\",\"valueRequired\":true,\"valueName\":\"search_term_string\"}}],\"inLanguage\":\"en-US\"},{\"@type\":\"Organization\",\"@id\":\"https:\\\/\\\/tncoopers.com\\\/#organization\",\"name\":\"TnCoopers\",\"url\":\"https:\\\/\\\/tncoopers.com\\\/\",\"logo\":{\"@type\":\"ImageObject\",\"inLanguage\":\"en-US\",\"@id\":\"https:\\\/\\\/tncoopers.com\\\/#\\\/schema\\\/logo\\\/image\\\/\",\"url\":\"https:\\\/\\\/tncoopers.com\\\/wp-content\\\/uploads\\\/2023\\\/09\\\/logofinal.png\",\"contentUrl\":\"https:\\\/\\\/tncoopers.com\\\/wp-content\\\/uploads\\\/2023\\\/09\\\/logofinal.png\",\"width\":540,\"height\":265,\"caption\":\"TnCoopers\"},\"image\":{\"@id\":\"https:\\\/\\\/tncoopers.com\\\/#\\\/schema\\\/logo\\\/image\\\/\"},\"sameAs\":[\"https:\\\/\\\/www.facebook.com\\\/toneleria.nacional\",\"https:\\\/\\\/www.instagram.com\\\/tncoopers\\\/\"]}]}<\/script>\n<!-- \/ Yoast SEO plugin. -->","yoast_head_json":{"title":"Estudios y Colaboraciones - TnCoopers","robots":{"index":"index","follow":"follow","max-snippet":"max-snippet:-1","max-image-preview":"max-image-preview:large","max-video-preview":"max-video-preview:-1"},"canonical":"https:\/\/tncoopers.com\/en\/id\/estudios-y-colaboraciones\/","og_locale":"en_US","og_type":"article","og_title":"Estudios y Colaboraciones - TnCoopers","og_description":"Estudios y Colaboraciones Trabajamos en estrecha colaboraci\u00f3n con universidades y centros de investigaci\u00f3n en Chile y otras partes del mundo Esta red global de cooperaci\u00f3n nos permite integrar las \u00faltimas innovaciones y descubrimientos cient\u00edficos en nuestros procesos de fabricaci\u00f3n, asegurando que nuestras barricas no solo sean modernas y tecnol\u00f3gicamente avanzadas, sino tambi\u00e9n perfectamente adaptadas a [&hellip;]","og_url":"https:\/\/tncoopers.com\/en\/id\/estudios-y-colaboraciones\/","og_site_name":"TnCoopers","article_publisher":"https:\/\/www.facebook.com\/toneleria.nacional","article_modified_time":"2024-11-29T03:37:02+00:00","og_image":[{"url":"https:\/\/tncoopers.com\/wp-content\/uploads\/2024\/09\/Frame-154.svg","type":"","width":"","height":""}],"twitter_card":"summary_large_image","twitter_misc":{"Est. reading time":"5 minutes"},"schema":{"@context":"https:\/\/schema.org","@graph":[{"@type":"WebPage","@id":"https:\/\/tncoopers.com\/id\/estudios-y-colaboraciones\/","url":"https:\/\/tncoopers.com\/id\/estudios-y-colaboraciones\/","name":"Estudios y Colaboraciones - TnCoopers","isPartOf":{"@id":"https:\/\/tncoopers.com\/#website"},"primaryImageOfPage":{"@id":"https:\/\/tncoopers.com\/id\/estudios-y-colaboraciones\/#primaryimage"},"image":{"@id":"https:\/\/tncoopers.com\/id\/estudios-y-colaboraciones\/#primaryimage"},"thumbnailUrl":"https:\/\/tncoopers.com\/wp-content\/uploads\/2024\/09\/Frame-154.svg","datePublished":"2024-09-17T13:17:18+00:00","dateModified":"2024-11-29T03:37:02+00:00","breadcrumb":{"@id":"https:\/\/tncoopers.com\/id\/estudios-y-colaboraciones\/#breadcrumb"},"inLanguage":"en-US","potentialAction":[{"@type":"ReadAction","target":["https:\/\/tncoopers.com\/id\/estudios-y-colaboraciones\/"]}]},{"@type":"ImageObject","inLanguage":"en-US","@id":"https:\/\/tncoopers.com\/id\/estudios-y-colaboraciones\/#primaryimage","url":"https:\/\/tncoopers.com\/wp-content\/uploads\/2024\/09\/Frame-154.svg","contentUrl":"https:\/\/tncoopers.com\/wp-content\/uploads\/2024\/09\/Frame-154.svg"},{"@type":"BreadcrumbList","@id":"https:\/\/tncoopers.com\/id\/estudios-y-colaboraciones\/#breadcrumb","itemListElement":[{"@type":"ListItem","position":1,"name":"Portada","item":"https:\/\/tncoopers.com\/"},{"@type":"ListItem","position":2,"name":"I+D","item":"https:\/\/tncoopers.com\/id\/"},{"@type":"ListItem","position":3,"name":"Estudios y Colaboraciones"}]},{"@type":"WebSite","@id":"https:\/\/tncoopers.com\/#website","url":"https:\/\/tncoopers.com\/","name":"TnCoopers","description":"","publisher":{"@id":"https:\/\/tncoopers.com\/#organization"},"potentialAction":[{"@type":"SearchAction","target":{"@type":"EntryPoint","urlTemplate":"https:\/\/tncoopers.com\/?s={search_term_string}"},"query-input":{"@type":"PropertyValueSpecification","valueRequired":true,"valueName":"search_term_string"}}],"inLanguage":"en-US"},{"@type":"Organization","@id":"https:\/\/tncoopers.com\/#organization","name":"TnCoopers","url":"https:\/\/tncoopers.com\/","logo":{"@type":"ImageObject","inLanguage":"en-US","@id":"https:\/\/tncoopers.com\/#\/schema\/logo\/image\/","url":"https:\/\/tncoopers.com\/wp-content\/uploads\/2023\/09\/logofinal.png","contentUrl":"https:\/\/tncoopers.com\/wp-content\/uploads\/2023\/09\/logofinal.png","width":540,"height":265,"caption":"TnCoopers"},"image":{"@id":"https:\/\/tncoopers.com\/#\/schema\/logo\/image\/"},"sameAs":["https:\/\/www.facebook.com\/toneleria.nacional","https:\/\/www.instagram.com\/tncoopers\/"]}]}},"_links":{"self":[{"href":"https:\/\/tncoopers.com\/en\/wp-json\/wp\/v2\/pages\/4125","targetHints":{"allow":["GET"]}}],"collection":[{"href":"https:\/\/tncoopers.com\/en\/wp-json\/wp\/v2\/pages"}],"about":[{"href":"https:\/\/tncoopers.com\/en\/wp-json\/wp\/v2\/types\/page"}],"author":[{"embeddable":true,"href":"https:\/\/tncoopers.com\/en\/wp-json\/wp\/v2\/users\/1"}],"replies":[{"embeddable":true,"href":"https:\/\/tncoopers.com\/en\/wp-json\/wp\/v2\/comments?post=4125"}],"version-history":[{"count":26,"href":"https:\/\/tncoopers.com\/en\/wp-json\/wp\/v2\/pages\/4125\/revisions"}],"predecessor-version":[{"id":6826,"href":"https:\/\/tncoopers.com\/en\/wp-json\/wp\/v2\/pages\/4125\/revisions\/6826"}],"up":[{"embeddable":true,"href":"https:\/\/tncoopers.com\/en\/wp-json\/wp\/v2\/pages\/3718"}],"wp:attachment":[{"href":"https:\/\/tncoopers.com\/en\/wp-json\/wp\/v2\/media?parent=4125"}],"curies":[{"name":"wp","href":"https:\/\/api.w.org\/{rel}","templated":true}]}}