{"id":3809,"date":"2024-09-13T01:08:55","date_gmt":"2024-09-13T04:08:55","guid":{"rendered":"https:\/\/tncoopers.com\/?page_id=3809"},"modified":"2024-11-28T03:21:26","modified_gmt":"2024-11-28T06:21:26","slug":"innovacion","status":"publish","type":"page","link":"https:\/\/tncoopers.com\/en\/id\/innovacion\/","title":{"rendered":"Innovation"},"content":{"rendered":"<div data-elementor-type=\"wp-page\" data-elementor-id=\"3809\" class=\"elementor elementor-3809\" data-elementor-post-type=\"page\">\n\t\t\t\t<div class=\"elementor-element elementor-element-7ded5fe5 e-con-full e-flex e-con e-parent\" data-id=\"7ded5fe5\" data-element_type=\"container\" data-e-type=\"container\" data-settings=\"{&quot;background_background&quot;:&quot;classic&quot;}\">\n\t\t\t\t<div class=\"elementor-element elementor-element-2f3b4a62 elementor-widget elementor-widget-heading\" data-id=\"2f3b4a62\" data-element_type=\"widget\" data-e-type=\"widget\" data-widget_type=\"heading.default\">\n\t\t\t\t<div class=\"elementor-widget-container\">\n\t\t\t\t\t<h1 class=\"elementor-heading-title elementor-size-default\">Innovation<\/h1>\t\t\t\t<\/div>\n\t\t\t\t<\/div>\n\t\t\t\t<\/div>\n\t\t<div class=\"elementor-element elementor-element-c7dc3d5 e-flex e-con-boxed e-con e-parent\" data-id=\"c7dc3d5\" data-element_type=\"container\" data-e-type=\"container\" data-settings=\"{&quot;background_background&quot;:&quot;classic&quot;}\">\n\t\t\t\t\t<div class=\"e-con-inner\">\n\t\t\t\t<div class=\"elementor-element elementor-element-a2bcef6 elementor-widget elementor-widget-text-editor\" data-id=\"a2bcef6\" data-element_type=\"widget\" data-e-type=\"widget\" data-widget_type=\"text-editor.default\">\n\t\t\t\t<div class=\"elementor-widget-container\">\n\t\t\t\t\t\t\t\t\t<p>Technologies developed by TN Coopers:<br \/>discover what makes us unique and different.<\/p>\t\t\t\t\t\t\t\t<\/div>\n\t\t\t\t<\/div>\n\t\t<div class=\"elementor-element elementor-element-5e8ca29 e-flex e-con-boxed e-con e-child\" data-id=\"5e8ca29\" data-element_type=\"container\" data-e-type=\"container\">\n\t\t\t\t\t<div class=\"e-con-inner\">\n\t\t<a class=\"elementor-element elementor-element-ede1dfe e-con-full e-flex e-con e-child\" data-id=\"ede1dfe\" data-element_type=\"container\" data-e-type=\"container\" data-settings=\"{&quot;background_background&quot;:&quot;classic&quot;}\" href=\"https:\/\/tncoopers.com\/en\/id\/innovacion\/tostado-por-conveccion\/\">\n\t\t\t\t<div class=\"elementor-element elementor-element-d0a1e56 elementor-widget elementor-widget-image\" data-id=\"d0a1e56\" data-element_type=\"widget\" data-e-type=\"widget\" data-widget_type=\"image.default\">\n\t\t\t\t<div class=\"elementor-widget-container\">\n\t\t\t\t\t\t\t\t\t\t\t\t\t\t\t<img fetchpriority=\"high\" decoding=\"async\" width=\"438\" height=\"331\" src=\"https:\/\/tncoopers.com\/wp-content\/uploads\/2024\/10\/Foto-convection-1.jpg\" class=\"attachment-large size-large wp-image-5303\" alt=\"\" srcset=\"https:\/\/tncoopers.com\/wp-content\/uploads\/2024\/10\/Foto-convection-1.jpg 438w, https:\/\/tncoopers.com\/wp-content\/uploads\/2024\/10\/Foto-convection-1-300x227.jpg 300w, https:\/\/tncoopers.com\/wp-content\/uploads\/2024\/10\/Foto-convection-1-16x12.jpg 16w\" sizes=\"(max-width: 438px) 100vw, 438px\" \/>\t\t\t\t\t\t\t\t\t\t\t\t\t\t\t<\/div>\n\t\t\t\t<\/div>\n\t\t\t\t<div class=\"elementor-element elementor-element-3727858 elementor-widget elementor-widget-heading\" data-id=\"3727858\" data-element_type=\"widget\" data-e-type=\"widget\" data-widget_type=\"heading.default\">\n\t\t\t\t<div class=\"elementor-widget-container\">\n\t\t\t\t\t<h2 class=\"elementor-heading-title elementor-size-default\">Convection\nToast<\/h2>\t\t\t\t<\/div>\n\t\t\t\t<\/div>\n\t\t\t\t<div class=\"elementor-element elementor-element-6c1724a elementor-widget elementor-widget-text-editor\" data-id=\"6c1724a\" data-element_type=\"widget\" data-e-type=\"widget\" data-widget_type=\"text-editor.default\">\n\t\t\t\t<div class=\"elementor-widget-container\">\n\t\t\t\t\t\t\t\t\t<p>Our exclusive and patented convection toasting technology for barrels.<\/p>\t\t\t\t\t\t\t\t<\/div>\n\t\t\t\t<\/div>\n\t\t<div class=\"elementor-element elementor-element-771a17b e-con-full e-flex e-con e-child\" data-id=\"771a17b\" data-element_type=\"container\" data-e-type=\"container\" data-settings=\"{&quot;position&quot;:&quot;absolute&quot;}\">\n\t\t\t\t<div class=\"elementor-element elementor-element-58f4d3a elementor-widget elementor-widget-heading\" data-id=\"58f4d3a\" data-element_type=\"widget\" data-e-type=\"widget\" data-widget_type=\"heading.default\">\n\t\t\t\t<div class=\"elementor-widget-container\">\n\t\t\t\t\t<h2 class=\"elementor-heading-title elementor-size-default\">DISCOVER<\/h2>\t\t\t\t<\/div>\n\t\t\t\t<\/div>\n\t\t\t\t<div class=\"elementor-element elementor-element-79d1158 elementor-view-default elementor-widget elementor-widget-icon\" data-id=\"79d1158\" data-element_type=\"widget\" data-e-type=\"widget\" data-widget_type=\"icon.default\">\n\t\t\t\t<div class=\"elementor-widget-container\">\n\t\t\t\t\t\t\t<div class=\"elementor-icon-wrapper\">\n\t\t\t<div class=\"elementor-icon\">\n\t\t\t<svg xmlns=\"http:\/\/www.w3.org\/2000\/svg\" width=\"20\" height=\"12\" viewbox=\"0 0 20 12\" fill=\"none\"><path d=\"M18.9907 6.66131C19.2836 6.36842 19.2836 5.89354 18.9907 5.60065L14.2177 0.827681C13.9248 0.534787 13.4499 0.534787 13.1571 0.827681C12.8642 1.12057 12.8642 1.59545 13.1571 1.88834L17.3997 6.13098L13.1571 10.3736C12.8642 10.6665 12.8642 11.1414 13.1571 11.4343C13.4499 11.7272 13.9248 11.7272 14.2177 11.4343L18.9907 6.66131ZM0.158691 6.88098H18.4604V5.38098H0.158691V6.88098Z\" fill=\"#B4A269\"><\/path><\/svg>\t\t\t<\/div>\n\t\t<\/div>\n\t\t\t\t\t\t<\/div>\n\t\t\t\t<\/div>\n\t\t\t\t<\/div>\n\t\t\t\t<\/a>\n\t\t<a class=\"elementor-element elementor-element-c2484bd e-con-full e-flex e-con e-child\" data-id=\"c2484bd\" data-element_type=\"container\" data-e-type=\"container\" data-settings=\"{&quot;background_background&quot;:&quot;classic&quot;}\" href=\"https:\/\/tncoopers.com\/en\/id\/innovacion\/natinga\/\">\n\t\t\t\t<div class=\"elementor-element elementor-element-5e0043a elementor-widget elementor-widget-image\" data-id=\"5e0043a\" data-element_type=\"widget\" data-e-type=\"widget\" data-widget_type=\"image.default\">\n\t\t\t\t<div class=\"elementor-widget-container\">\n\t\t\t\t\t\t\t\t\t\t\t\t\t\t\t<img decoding=\"async\" width=\"428\" height=\"331\" src=\"https:\/\/tncoopers.com\/wp-content\/uploads\/2024\/09\/Sticker-Aqua.jpg\" class=\"attachment-large size-large wp-image-3812\" alt=\"\" srcset=\"https:\/\/tncoopers.com\/wp-content\/uploads\/2024\/09\/Sticker-Aqua.jpg 428w, https:\/\/tncoopers.com\/wp-content\/uploads\/2024\/09\/Sticker-Aqua-300x232.jpg 300w, https:\/\/tncoopers.com\/wp-content\/uploads\/2024\/09\/Sticker-Aqua-16x12.jpg 16w\" sizes=\"(max-width: 428px) 100vw, 428px\" \/>\t\t\t\t\t\t\t\t\t\t\t\t\t\t\t<\/div>\n\t\t\t\t<\/div>\n\t\t\t\t<div class=\"elementor-element elementor-element-57d1afe elementor-widget elementor-widget-heading\" data-id=\"57d1afe\" data-element_type=\"widget\" data-e-type=\"widget\" data-widget_type=\"heading.default\">\n\t\t\t\t<div class=\"elementor-widget-container\">\n\t\t\t\t\t<h2 class=\"elementor-heading-title elementor-size-default\">Natinga\nProgram<\/h2>\t\t\t\t<\/div>\n\t\t\t\t<\/div>\n\t\t\t\t<div class=\"elementor-element elementor-element-76bfc24 elementor-widget elementor-widget-text-editor\" data-id=\"76bfc24\" data-element_type=\"widget\" data-e-type=\"widget\" data-widget_type=\"text-editor.default\">\n\t\t\t\t<div class=\"elementor-widget-container\">\n\t\t\t\t\t\t\t\t\t<p>A revolutionary tool to detect contaminants that affect the flavor and aroma of wine.<\/p>\t\t\t\t\t\t\t\t<\/div>\n\t\t\t\t<\/div>\n\t\t<div class=\"elementor-element elementor-element-3b668f7 e-con-full e-flex e-con e-child\" data-id=\"3b668f7\" data-element_type=\"container\" data-e-type=\"container\" data-settings=\"{&quot;position&quot;:&quot;absolute&quot;}\">\n\t\t\t\t<div class=\"elementor-element elementor-element-2c70cb1 elementor-widget elementor-widget-heading\" data-id=\"2c70cb1\" data-element_type=\"widget\" data-e-type=\"widget\" data-widget_type=\"heading.default\">\n\t\t\t\t<div class=\"elementor-widget-container\">\n\t\t\t\t\t<h2 class=\"elementor-heading-title elementor-size-default\">DISCOVER<\/h2>\t\t\t\t<\/div>\n\t\t\t\t<\/div>\n\t\t\t\t<div class=\"elementor-element elementor-element-ff428fd elementor-view-default elementor-widget elementor-widget-icon\" data-id=\"ff428fd\" data-element_type=\"widget\" data-e-type=\"widget\" data-widget_type=\"icon.default\">\n\t\t\t\t<div class=\"elementor-widget-container\">\n\t\t\t\t\t\t\t<div class=\"elementor-icon-wrapper\">\n\t\t\t<div class=\"elementor-icon\">\n\t\t\t<svg xmlns=\"http:\/\/www.w3.org\/2000\/svg\" width=\"20\" height=\"12\" viewbox=\"0 0 20 12\" fill=\"none\"><path d=\"M18.9907 6.66131C19.2836 6.36842 19.2836 5.89354 18.9907 5.60065L14.2177 0.827681C13.9248 0.534787 13.4499 0.534787 13.1571 0.827681C12.8642 1.12057 12.8642 1.59545 13.1571 1.88834L17.3997 6.13098L13.1571 10.3736C12.8642 10.6665 12.8642 11.1414 13.1571 11.4343C13.4499 11.7272 13.9248 11.7272 14.2177 11.4343L18.9907 6.66131ZM0.158691 6.88098H18.4604V5.38098H0.158691V6.88098Z\" fill=\"#B4A269\"><\/path><\/svg>\t\t\t<\/div>\n\t\t<\/div>\n\t\t\t\t\t\t<\/div>\n\t\t\t\t<\/div>\n\t\t\t\t<\/div>\n\t\t\t\t<\/a>\n\t\t<a class=\"elementor-element elementor-element-9ab3096 e-con-full e-flex e-con e-child\" data-id=\"9ab3096\" data-element_type=\"container\" data-e-type=\"container\" data-settings=\"{&quot;background_background&quot;:&quot;classic&quot;}\" href=\"https:\/\/tncoopers.com\/en\/id\/innovacion\/aqua-system\/\">\n\t\t\t\t<div class=\"elementor-element elementor-element-7e6fbda elementor-widget elementor-widget-image\" data-id=\"7e6fbda\" data-element_type=\"widget\" data-e-type=\"widget\" data-widget_type=\"image.default\">\n\t\t\t\t<div class=\"elementor-widget-container\">\n\t\t\t\t\t\t\t\t\t\t\t\t\t\t\t<img decoding=\"async\" width=\"428\" height=\"331\" src=\"https:\/\/tncoopers.com\/wp-content\/uploads\/2024\/09\/Sticker-Aqua-1.jpg\" class=\"attachment-large size-large wp-image-3813\" alt=\"\" srcset=\"https:\/\/tncoopers.com\/wp-content\/uploads\/2024\/09\/Sticker-Aqua-1.jpg 428w, https:\/\/tncoopers.com\/wp-content\/uploads\/2024\/09\/Sticker-Aqua-1-300x232.jpg 300w, https:\/\/tncoopers.com\/wp-content\/uploads\/2024\/09\/Sticker-Aqua-1-16x12.jpg 16w\" sizes=\"(max-width: 428px) 100vw, 428px\" \/>\t\t\t\t\t\t\t\t\t\t\t\t\t\t\t<\/div>\n\t\t\t\t<\/div>\n\t\t\t\t<div class=\"elementor-element elementor-element-aeedc29 elementor-widget elementor-widget-heading\" data-id=\"aeedc29\" data-element_type=\"widget\" data-e-type=\"widget\" data-widget_type=\"heading.default\">\n\t\t\t\t<div class=\"elementor-widget-container\">\n\t\t\t\t\t<h2 class=\"elementor-heading-title elementor-size-default\">Aqua\nSystem<\/h2>\t\t\t\t<\/div>\n\t\t\t\t<\/div>\n\t\t\t\t<div class=\"elementor-element elementor-element-9a9898e elementor-widget elementor-widget-text-editor\" data-id=\"9a9898e\" data-element_type=\"widget\" data-e-type=\"widget\" data-widget_type=\"text-editor.default\">\n\t\t\t\t<div class=\"elementor-widget-container\">\n\t\t\t\t\t\t\t\t\t<p>Contributes to softening and a slower and deeper penetration of toasting into the wood.<\/p>\t\t\t\t\t\t\t\t<\/div>\n\t\t\t\t<\/div>\n\t\t<div class=\"elementor-element elementor-element-450cd53 e-con-full e-flex e-con e-child\" data-id=\"450cd53\" data-element_type=\"container\" data-e-type=\"container\" data-settings=\"{&quot;position&quot;:&quot;absolute&quot;}\">\n\t\t\t\t<div class=\"elementor-element elementor-element-ec0ab91 elementor-widget elementor-widget-heading\" data-id=\"ec0ab91\" data-element_type=\"widget\" data-e-type=\"widget\" data-widget_type=\"heading.default\">\n\t\t\t\t<div class=\"elementor-widget-container\">\n\t\t\t\t\t<h2 class=\"elementor-heading-title elementor-size-default\">DISCOVER<\/h2>\t\t\t\t<\/div>\n\t\t\t\t<\/div>\n\t\t\t\t<div class=\"elementor-element elementor-element-5e70a3e elementor-view-default elementor-widget elementor-widget-icon\" data-id=\"5e70a3e\" data-element_type=\"widget\" data-e-type=\"widget\" data-widget_type=\"icon.default\">\n\t\t\t\t<div class=\"elementor-widget-container\">\n\t\t\t\t\t\t\t<div class=\"elementor-icon-wrapper\">\n\t\t\t<div class=\"elementor-icon\">\n\t\t\t<svg xmlns=\"http:\/\/www.w3.org\/2000\/svg\" width=\"20\" height=\"12\" viewbox=\"0 0 20 12\" fill=\"none\"><path d=\"M18.9907 6.66131C19.2836 6.36842 19.2836 5.89354 18.9907 5.60065L14.2177 0.827681C13.9248 0.534787 13.4499 0.534787 13.1571 0.827681C12.8642 1.12057 12.8642 1.59545 13.1571 1.88834L17.3997 6.13098L13.1571 10.3736C12.8642 10.6665 12.8642 11.1414 13.1571 11.4343C13.4499 11.7272 13.9248 11.7272 14.2177 11.4343L18.9907 6.66131ZM0.158691 6.88098H18.4604V5.38098H0.158691V6.88098Z\" fill=\"#B4A269\"><\/path><\/svg>\t\t\t<\/div>\n\t\t<\/div>\n\t\t\t\t\t\t<\/div>\n\t\t\t\t<\/div>\n\t\t\t\t<\/div>\n\t\t\t\t<\/a>\n\t\t<a class=\"elementor-element elementor-element-a9baa3e e-con-full e-flex e-con e-child\" data-id=\"a9baa3e\" data-element_type=\"container\" data-e-type=\"container\" data-settings=\"{&quot;background_background&quot;:&quot;classic&quot;}\" href=\"https:\/\/tncoopers.com\/en\/id\/innovacion\/specialties\/\">\n\t\t\t\t<div class=\"elementor-element elementor-element-3346cdc elementor-widget elementor-widget-image\" data-id=\"3346cdc\" data-element_type=\"widget\" data-e-type=\"widget\" data-widget_type=\"image.default\">\n\t\t\t\t<div class=\"elementor-widget-container\">\n\t\t\t\t\t\t\t\t\t\t\t\t\t\t\t<img loading=\"lazy\" decoding=\"async\" width=\"428\" height=\"331\" src=\"https:\/\/tncoopers.com\/wp-content\/uploads\/2024\/09\/Sticker-Aqua-2.jpg\" class=\"attachment-large size-large wp-image-3814\" alt=\"\" srcset=\"https:\/\/tncoopers.com\/wp-content\/uploads\/2024\/09\/Sticker-Aqua-2.jpg 428w, https:\/\/tncoopers.com\/wp-content\/uploads\/2024\/09\/Sticker-Aqua-2-300x232.jpg 300w, https:\/\/tncoopers.com\/wp-content\/uploads\/2024\/09\/Sticker-Aqua-2-16x12.jpg 16w\" sizes=\"(max-width: 428px) 100vw, 428px\" \/>\t\t\t\t\t\t\t\t\t\t\t\t\t\t\t<\/div>\n\t\t\t\t<\/div>\n\t\t\t\t<div class=\"elementor-element elementor-element-f24827d elementor-widget elementor-widget-heading\" data-id=\"f24827d\" data-element_type=\"widget\" data-e-type=\"widget\" data-widget_type=\"heading.default\">\n\t\t\t\t<div class=\"elementor-widget-container\">\n\t\t\t\t\t<h2 class=\"elementor-heading-title elementor-size-default\">Specialties<\/h2>\t\t\t\t<\/div>\n\t\t\t\t<\/div>\n\t\t\t\t<div class=\"elementor-element elementor-element-278a8ec elementor-widget elementor-widget-text-editor\" data-id=\"278a8ec\" data-element_type=\"widget\" data-e-type=\"widget\" data-widget_type=\"text-editor.default\">\n\t\t\t\t<div class=\"elementor-widget-container\">\n\t\t\t\t\t\t\t\t\t<p>Specialties toasting: unique organoleptic profiles for barrels and alternatives.<\/p>\t\t\t\t\t\t\t\t<\/div>\n\t\t\t\t<\/div>\n\t\t<div class=\"elementor-element elementor-element-a7a507f e-con-full e-flex e-con e-child\" data-id=\"a7a507f\" data-element_type=\"container\" data-e-type=\"container\" data-settings=\"{&quot;position&quot;:&quot;absolute&quot;}\">\n\t\t\t\t<div class=\"elementor-element elementor-element-208349e elementor-widget elementor-widget-heading\" data-id=\"208349e\" data-element_type=\"widget\" data-e-type=\"widget\" data-widget_type=\"heading.default\">\n\t\t\t\t<div class=\"elementor-widget-container\">\n\t\t\t\t\t<h2 class=\"elementor-heading-title elementor-size-default\">DISCOVER<\/h2>\t\t\t\t<\/div>\n\t\t\t\t<\/div>\n\t\t\t\t<div class=\"elementor-element elementor-element-4b21499 elementor-view-default elementor-widget elementor-widget-icon\" data-id=\"4b21499\" data-element_type=\"widget\" data-e-type=\"widget\" data-widget_type=\"icon.default\">\n\t\t\t\t<div class=\"elementor-widget-container\">\n\t\t\t\t\t\t\t<div class=\"elementor-icon-wrapper\">\n\t\t\t<div class=\"elementor-icon\">\n\t\t\t<svg xmlns=\"http:\/\/www.w3.org\/2000\/svg\" width=\"20\" height=\"12\" viewbox=\"0 0 20 12\" fill=\"none\"><path d=\"M18.9907 6.66131C19.2836 6.36842 19.2836 5.89354 18.9907 5.60065L14.2177 0.827681C13.9248 0.534787 13.4499 0.534787 13.1571 0.827681C12.8642 1.12057 12.8642 1.59545 13.1571 1.88834L17.3997 6.13098L13.1571 10.3736C12.8642 10.6665 12.8642 11.1414 13.1571 11.4343C13.4499 11.7272 13.9248 11.7272 14.2177 11.4343L18.9907 6.66131ZM0.158691 6.88098H18.4604V5.38098H0.158691V6.88098Z\" fill=\"#B4A269\"><\/path><\/svg>\t\t\t<\/div>\n\t\t<\/div>\n\t\t\t\t\t\t<\/div>\n\t\t\t\t<\/div>\n\t\t\t\t<\/div>\n\t\t\t\t<\/a>\n\t\t\t\t\t<\/div>\n\t\t\t\t<\/div>\n\t\t\t\t\t<\/div>\n\t\t\t\t<\/div>\n\t\t\t\t<\/div>","protected":false},"excerpt":{"rendered":"<p>Innovaci\u00f3n Tecnolog\u00edas desarrolladas por TN Coopers:conoce lo que nos hace \u00fanicos y diferentes. Convection Toast Tecnolog\u00eda exclusiva y patentada de tostado por convecci\u00f3n en barricas. Descubrir Programa Natinga Revolucionaria herramienta para detectar contaminantes que afectan el sabor y aromas del vino. Descubrir Aqua System Contribuye a suavizar y permitir una penetraci\u00f3n m\u00e1s lenta y profunda [&hellip;]<\/p>\n","protected":false},"author":1,"featured_media":0,"parent":3718,"menu_order":0,"comment_status":"closed","ping_status":"closed","template":"","meta":{"_acf_changed":false,"footnotes":""},"class_list":["post-3809","page","type-page","status-publish","hentry"],"acf":[],"yoast_head":"<!-- This site is optimized with the Yoast SEO plugin v27.5 - https:\/\/yoast.com\/product\/yoast-seo-wordpress\/ -->\n<title>Innovaci\u00f3n - TnCoopers<\/title>\n<meta name=\"robots\" content=\"index, follow, max-snippet:-1, max-image-preview:large, max-video-preview:-1\" \/>\n<link rel=\"canonical\" href=\"https:\/\/tncoopers.com\/en\/id\/innovacion\/\" \/>\n<meta property=\"og:locale\" content=\"en_US\" \/>\n<meta property=\"og:type\" content=\"article\" \/>\n<meta property=\"og:title\" content=\"Innovaci\u00f3n - TnCoopers\" \/>\n<meta property=\"og:description\" content=\"Innovaci\u00f3n Tecnolog\u00edas desarrolladas por TN Coopers:conoce lo que nos hace \u00fanicos y diferentes. Convection Toast Tecnolog\u00eda exclusiva y patentada de tostado por convecci\u00f3n en barricas. Descubrir Programa Natinga Revolucionaria herramienta para detectar contaminantes que afectan el sabor y aromas del vino. Descubrir Aqua System Contribuye a suavizar y permitir una penetraci\u00f3n m\u00e1s lenta y profunda [&hellip;]\" \/>\n<meta property=\"og:url\" content=\"https:\/\/tncoopers.com\/en\/id\/innovacion\/\" \/>\n<meta property=\"og:site_name\" content=\"TnCoopers\" \/>\n<meta property=\"article:publisher\" content=\"https:\/\/www.facebook.com\/toneleria.nacional\" \/>\n<meta property=\"article:modified_time\" content=\"2024-11-28T06:21:26+00:00\" \/>\n<meta property=\"og:image\" content=\"https:\/\/tncoopers.com\/wp-content\/uploads\/2024\/10\/Foto-convection-1.jpg\" \/>\n<meta name=\"twitter:card\" content=\"summary_large_image\" \/>\n<script type=\"application\/ld+json\" class=\"yoast-schema-graph\">{\"@context\":\"https:\\\/\\\/schema.org\",\"@graph\":[{\"@type\":\"WebPage\",\"@id\":\"https:\\\/\\\/tncoopers.com\\\/en\\\/id\\\/innovacion\\\/\",\"url\":\"https:\\\/\\\/tncoopers.com\\\/en\\\/id\\\/innovacion\\\/\",\"name\":\"Innovaci\u00f3n - TnCoopers\",\"isPartOf\":{\"@id\":\"https:\\\/\\\/tncoopers.com\\\/#website\"},\"primaryImageOfPage\":{\"@id\":\"https:\\\/\\\/tncoopers.com\\\/en\\\/id\\\/innovacion\\\/#primaryimage\"},\"image\":{\"@id\":\"https:\\\/\\\/tncoopers.com\\\/en\\\/id\\\/innovacion\\\/#primaryimage\"},\"thumbnailUrl\":\"https:\\\/\\\/tncoopers.com\\\/wp-content\\\/uploads\\\/2024\\\/10\\\/Foto-convection-1.jpg\",\"datePublished\":\"2024-09-13T04:08:55+00:00\",\"dateModified\":\"2024-11-28T06:21:26+00:00\",\"breadcrumb\":{\"@id\":\"https:\\\/\\\/tncoopers.com\\\/en\\\/id\\\/innovacion\\\/#breadcrumb\"},\"inLanguage\":\"en-US\",\"potentialAction\":[{\"@type\":\"ReadAction\",\"target\":[\"https:\\\/\\\/tncoopers.com\\\/en\\\/id\\\/innovacion\\\/\"]}]},{\"@type\":\"ImageObject\",\"inLanguage\":\"en-US\",\"@id\":\"https:\\\/\\\/tncoopers.com\\\/en\\\/id\\\/innovacion\\\/#primaryimage\",\"url\":\"https:\\\/\\\/tncoopers.com\\\/wp-content\\\/uploads\\\/2024\\\/10\\\/Foto-convection-1.jpg\",\"contentUrl\":\"https:\\\/\\\/tncoopers.com\\\/wp-content\\\/uploads\\\/2024\\\/10\\\/Foto-convection-1.jpg\"},{\"@type\":\"BreadcrumbList\",\"@id\":\"https:\\\/\\\/tncoopers.com\\\/en\\\/id\\\/innovacion\\\/#breadcrumb\",\"itemListElement\":[{\"@type\":\"ListItem\",\"position\":1,\"name\":\"Portada\",\"item\":\"https:\\\/\\\/tncoopers.com\\\/\"},{\"@type\":\"ListItem\",\"position\":2,\"name\":\"I+D\",\"item\":\"https:\\\/\\\/tncoopers.com\\\/id\\\/\"},{\"@type\":\"ListItem\",\"position\":3,\"name\":\"Innovaci\u00f3n\"}]},{\"@type\":\"WebSite\",\"@id\":\"https:\\\/\\\/tncoopers.com\\\/#website\",\"url\":\"https:\\\/\\\/tncoopers.com\\\/\",\"name\":\"TnCoopers\",\"description\":\"\",\"publisher\":{\"@id\":\"https:\\\/\\\/tncoopers.com\\\/#organization\"},\"potentialAction\":[{\"@type\":\"SearchAction\",\"target\":{\"@type\":\"EntryPoint\",\"urlTemplate\":\"https:\\\/\\\/tncoopers.com\\\/?s={search_term_string}\"},\"query-input\":{\"@type\":\"PropertyValueSpecification\",\"valueRequired\":true,\"valueName\":\"search_term_string\"}}],\"inLanguage\":\"en-US\"},{\"@type\":\"Organization\",\"@id\":\"https:\\\/\\\/tncoopers.com\\\/#organization\",\"name\":\"TnCoopers\",\"url\":\"https:\\\/\\\/tncoopers.com\\\/\",\"logo\":{\"@type\":\"ImageObject\",\"inLanguage\":\"en-US\",\"@id\":\"https:\\\/\\\/tncoopers.com\\\/#\\\/schema\\\/logo\\\/image\\\/\",\"url\":\"https:\\\/\\\/tncoopers.com\\\/wp-content\\\/uploads\\\/2023\\\/09\\\/logofinal.png\",\"contentUrl\":\"https:\\\/\\\/tncoopers.com\\\/wp-content\\\/uploads\\\/2023\\\/09\\\/logofinal.png\",\"width\":540,\"height\":265,\"caption\":\"TnCoopers\"},\"image\":{\"@id\":\"https:\\\/\\\/tncoopers.com\\\/#\\\/schema\\\/logo\\\/image\\\/\"},\"sameAs\":[\"https:\\\/\\\/www.facebook.com\\\/toneleria.nacional\",\"https:\\\/\\\/www.instagram.com\\\/tncoopers\\\/\"]}]}<\/script>\n<!-- \/ Yoast SEO plugin. -->","yoast_head_json":{"title":"Innovaci\u00f3n - TnCoopers","robots":{"index":"index","follow":"follow","max-snippet":"max-snippet:-1","max-image-preview":"max-image-preview:large","max-video-preview":"max-video-preview:-1"},"canonical":"https:\/\/tncoopers.com\/en\/id\/innovacion\/","og_locale":"en_US","og_type":"article","og_title":"Innovaci\u00f3n - TnCoopers","og_description":"Innovaci\u00f3n Tecnolog\u00edas desarrolladas por TN Coopers:conoce lo que nos hace \u00fanicos y diferentes. Convection Toast Tecnolog\u00eda exclusiva y patentada de tostado por convecci\u00f3n en barricas. Descubrir Programa Natinga Revolucionaria herramienta para detectar contaminantes que afectan el sabor y aromas del vino. Descubrir Aqua System Contribuye a suavizar y permitir una penetraci\u00f3n m\u00e1s lenta y profunda [&hellip;]","og_url":"https:\/\/tncoopers.com\/en\/id\/innovacion\/","og_site_name":"TnCoopers","article_publisher":"https:\/\/www.facebook.com\/toneleria.nacional","article_modified_time":"2024-11-28T06:21:26+00:00","og_image":[{"url":"https:\/\/tncoopers.com\/wp-content\/uploads\/2024\/10\/Foto-convection-1.jpg","type":"","width":"","height":""}],"twitter_card":"summary_large_image","schema":{"@context":"https:\/\/schema.org","@graph":[{"@type":"WebPage","@id":"https:\/\/tncoopers.com\/en\/id\/innovacion\/","url":"https:\/\/tncoopers.com\/en\/id\/innovacion\/","name":"Innovaci\u00f3n - TnCoopers","isPartOf":{"@id":"https:\/\/tncoopers.com\/#website"},"primaryImageOfPage":{"@id":"https:\/\/tncoopers.com\/en\/id\/innovacion\/#primaryimage"},"image":{"@id":"https:\/\/tncoopers.com\/en\/id\/innovacion\/#primaryimage"},"thumbnailUrl":"https:\/\/tncoopers.com\/wp-content\/uploads\/2024\/10\/Foto-convection-1.jpg","datePublished":"2024-09-13T04:08:55+00:00","dateModified":"2024-11-28T06:21:26+00:00","breadcrumb":{"@id":"https:\/\/tncoopers.com\/en\/id\/innovacion\/#breadcrumb"},"inLanguage":"en-US","potentialAction":[{"@type":"ReadAction","target":["https:\/\/tncoopers.com\/en\/id\/innovacion\/"]}]},{"@type":"ImageObject","inLanguage":"en-US","@id":"https:\/\/tncoopers.com\/en\/id\/innovacion\/#primaryimage","url":"https:\/\/tncoopers.com\/wp-content\/uploads\/2024\/10\/Foto-convection-1.jpg","contentUrl":"https:\/\/tncoopers.com\/wp-content\/uploads\/2024\/10\/Foto-convection-1.jpg"},{"@type":"BreadcrumbList","@id":"https:\/\/tncoopers.com\/en\/id\/innovacion\/#breadcrumb","itemListElement":[{"@type":"ListItem","position":1,"name":"Portada","item":"https:\/\/tncoopers.com\/"},{"@type":"ListItem","position":2,"name":"I+D","item":"https:\/\/tncoopers.com\/id\/"},{"@type":"ListItem","position":3,"name":"Innovaci\u00f3n"}]},{"@type":"WebSite","@id":"https:\/\/tncoopers.com\/#website","url":"https:\/\/tncoopers.com\/","name":"TnCoopers","description":"","publisher":{"@id":"https:\/\/tncoopers.com\/#organization"},"potentialAction":[{"@type":"SearchAction","target":{"@type":"EntryPoint","urlTemplate":"https:\/\/tncoopers.com\/?s={search_term_string}"},"query-input":{"@type":"PropertyValueSpecification","valueRequired":true,"valueName":"search_term_string"}}],"inLanguage":"en-US"},{"@type":"Organization","@id":"https:\/\/tncoopers.com\/#organization","name":"TnCoopers","url":"https:\/\/tncoopers.com\/","logo":{"@type":"ImageObject","inLanguage":"en-US","@id":"https:\/\/tncoopers.com\/#\/schema\/logo\/image\/","url":"https:\/\/tncoopers.com\/wp-content\/uploads\/2023\/09\/logofinal.png","contentUrl":"https:\/\/tncoopers.com\/wp-content\/uploads\/2023\/09\/logofinal.png","width":540,"height":265,"caption":"TnCoopers"},"image":{"@id":"https:\/\/tncoopers.com\/#\/schema\/logo\/image\/"},"sameAs":["https:\/\/www.facebook.com\/toneleria.nacional","https:\/\/www.instagram.com\/tncoopers\/"]}]}},"_links":{"self":[{"href":"https:\/\/tncoopers.com\/en\/wp-json\/wp\/v2\/pages\/3809","targetHints":{"allow":["GET"]}}],"collection":[{"href":"https:\/\/tncoopers.com\/en\/wp-json\/wp\/v2\/pages"}],"about":[{"href":"https:\/\/tncoopers.com\/en\/wp-json\/wp\/v2\/types\/page"}],"author":[{"embeddable":true,"href":"https:\/\/tncoopers.com\/en\/wp-json\/wp\/v2\/users\/1"}],"replies":[{"embeddable":true,"href":"https:\/\/tncoopers.com\/en\/wp-json\/wp\/v2\/comments?post=3809"}],"version-history":[{"count":56,"href":"https:\/\/tncoopers.com\/en\/wp-json\/wp\/v2\/pages\/3809\/revisions"}],"predecessor-version":[{"id":6507,"href":"https:\/\/tncoopers.com\/en\/wp-json\/wp\/v2\/pages\/3809\/revisions\/6507"}],"up":[{"embeddable":true,"href":"https:\/\/tncoopers.com\/en\/wp-json\/wp\/v2\/pages\/3718"}],"wp:attachment":[{"href":"https:\/\/tncoopers.com\/en\/wp-json\/wp\/v2\/media?parent=3809"}],"curies":[{"name":"wp","href":"https:\/\/api.w.org\/{rel}","templated":true}]}}