{"id":3365,"date":"2024-08-27T17:41:41","date_gmt":"2024-08-27T20:41:41","guid":{"rendered":"https:\/\/tncoopers.com\/?page_id=3365"},"modified":"2024-11-29T20:32:00","modified_gmt":"2024-11-29T23:32:00","slug":"roble-europeo","status":"publish","type":"page","link":"https:\/\/tncoopers.com\/en\/maderas\/roble-europeo\/","title":{"rendered":"European\nOak"},"content":{"rendered":"<div data-elementor-type=\"wp-page\" data-elementor-id=\"3365\" class=\"elementor elementor-3365\" data-elementor-post-type=\"page\">\n\t\t\t\t<div class=\"elementor-element elementor-element-19a64d21 e-con-full e-flex e-con e-parent\" data-id=\"19a64d21\" data-element_type=\"container\" data-e-type=\"container\" data-settings=\"{&quot;background_background&quot;:&quot;classic&quot;}\">\n\t\t\t\t<div class=\"elementor-element elementor-element-21438a40 elementor-widget elementor-widget-heading\" data-id=\"21438a40\" data-element_type=\"widget\" data-e-type=\"widget\" data-widget_type=\"heading.default\">\n\t\t\t\t<div class=\"elementor-widget-container\">\n\t\t\t\t\t<h1 class=\"elementor-heading-title elementor-size-default\">EUROPEAN OAK<\/h1>\t\t\t\t<\/div>\n\t\t\t\t<\/div>\n\t\t\t\t<div class=\"elementor-element elementor-element-dffec51 elementor-widget elementor-widget-text-editor\" data-id=\"dffec51\" data-element_type=\"widget\" data-e-type=\"widget\" data-widget_type=\"text-editor.default\">\n\t\t\t\t<div class=\"elementor-widget-container\">\n\t\t\t\t\t\t\t\t\t<p>Quercus Petraea \/ Quercus Sessilis<\/p>\t\t\t\t\t\t\t\t<\/div>\n\t\t\t\t<\/div>\n\t\t\t\t<\/div>\n\t\t<div class=\"elementor-element elementor-element-b1d3c50 e-flex e-con-boxed e-con e-parent\" data-id=\"b1d3c50\" data-element_type=\"container\" data-e-type=\"container\">\n\t\t\t\t\t<div class=\"e-con-inner\">\n\t\t<div class=\"elementor-element elementor-element-728493e e-con-full e-flex e-con e-child\" data-id=\"728493e\" data-element_type=\"container\" data-e-type=\"container\">\n\t\t\t\t<div class=\"elementor-element elementor-element-6ca53fd elementor-widget elementor-widget-text-editor\" data-id=\"6ca53fd\" data-element_type=\"widget\" data-e-type=\"widget\" data-widget_type=\"text-editor.default\">\n\t\t\t\t<div class=\"elementor-widget-container\">\n\t\t\t\t\t\t\t\t\t<p>This wood is ideal for preserving fruit and keeping wines fresh<\/p>\t\t\t\t\t\t\t\t<\/div>\n\t\t\t\t<\/div>\n\t\t\t\t<\/div>\n\t\t<div class=\"elementor-element elementor-element-894a509 e-con-full elementor-hidden-mobile e-flex e-con e-child\" data-id=\"894a509\" data-element_type=\"container\" data-e-type=\"container\">\n\t\t\t\t<\/div>\n\t\t\t\t\t<\/div>\n\t\t\t\t<\/div>\n\t\t<div class=\"elementor-element elementor-element-8faa48e e-flex e-con-boxed e-con e-parent\" data-id=\"8faa48e\" data-element_type=\"container\" data-e-type=\"container\">\n\t\t\t\t\t<div class=\"e-con-inner\">\n\t\t<div class=\"elementor-element elementor-element-374c486 e-con-full e-flex e-con e-child\" data-id=\"374c486\" data-element_type=\"container\" data-e-type=\"container\">\n\t\t\t\t<div class=\"elementor-element elementor-element-46fd3c9 elementor-widget elementor-widget-image\" data-id=\"46fd3c9\" data-element_type=\"widget\" data-e-type=\"widget\" data-widget_type=\"image.default\">\n\t\t\t\t<div class=\"elementor-widget-container\">\n\t\t\t\t\t\t\t\t\t\t\t\t\t\t\t<img decoding=\"async\" width=\"52\" height=\"53\" src=\"https:\/\/tncoopers.com\/wp-content\/uploads\/2024\/08\/secado-1.svg\" class=\"attachment-full size-full wp-image-1484\" alt=\"\" \/>\t\t\t\t\t\t\t\t\t\t\t\t\t\t\t<\/div>\n\t\t\t\t<\/div>\n\t\t\t\t<div class=\"elementor-element elementor-element-c33cfe9 elementor-widget__width-initial elementor-widget elementor-widget-text-editor\" data-id=\"c33cfe9\" data-element_type=\"widget\" data-e-type=\"widget\" data-widget_type=\"text-editor.default\">\n\t\t\t\t<div class=\"elementor-widget-container\">\n\t\t\t\t\t\t\t\t\t<div>Air-dried for 24 months<\/div>\t\t\t\t\t\t\t\t<\/div>\n\t\t\t\t<\/div>\n\t\t\t\t<\/div>\n\t\t<div class=\"elementor-element elementor-element-51fba81 e-con-full e-flex e-con e-child\" data-id=\"51fba81\" data-element_type=\"container\" data-e-type=\"container\">\n\t\t\t\t<div class=\"elementor-element elementor-element-d90e332 elementor-widget elementor-widget-image\" data-id=\"d90e332\" data-element_type=\"widget\" data-e-type=\"widget\" data-widget_type=\"image.default\">\n\t\t\t\t<div class=\"elementor-widget-container\">\n\t\t\t\t\t\t\t\t\t\t\t\t\t\t\t<img decoding=\"async\" width=\"52\" height=\"53\" src=\"https:\/\/tncoopers.com\/wp-content\/uploads\/2024\/08\/gfino.svg\" class=\"attachment-full size-full wp-image-1483\" alt=\"\" \/>\t\t\t\t\t\t\t\t\t\t\t\t\t\t\t<\/div>\n\t\t\t\t<\/div>\n\t\t\t\t<div class=\"elementor-element elementor-element-a37d9e5 elementor-widget__width-initial elementor-widget elementor-widget-text-editor\" data-id=\"a37d9e5\" data-element_type=\"widget\" data-e-type=\"widget\" data-widget_type=\"text-editor.default\">\n\t\t\t\t<div class=\"elementor-widget-container\">\n\t\t\t\t\t\t\t\t\t<div>Fine grain<\/div>\t\t\t\t\t\t\t\t<\/div>\n\t\t\t\t<\/div>\n\t\t\t\t<\/div>\n\t\t<div class=\"elementor-element elementor-element-ea9c708 e-con-full e-flex e-con e-child\" data-id=\"ea9c708\" data-element_type=\"container\" data-e-type=\"container\">\n\t\t\t\t<div class=\"elementor-element elementor-element-2e95f59 elementor-widget elementor-widget-image\" data-id=\"2e95f59\" data-element_type=\"widget\" data-e-type=\"widget\" data-widget_type=\"image.default\">\n\t\t\t\t<div class=\"elementor-widget-container\">\n\t\t\t\t\t\t\t\t\t\t\t\t\t\t\t<img decoding=\"async\" width=\"52\" height=\"52\" src=\"https:\/\/tncoopers.com\/wp-content\/uploads\/2024\/08\/tala.svg\" class=\"attachment-full size-full wp-image-1442\" alt=\"\" \/>\t\t\t\t\t\t\t\t\t\t\t\t\t\t\t<\/div>\n\t\t\t\t<\/div>\n\t\t\t\t<div class=\"elementor-element elementor-element-042d938 elementor-widget__width-initial elementor-widget elementor-widget-text-editor\" data-id=\"042d938\" data-element_type=\"widget\" data-e-type=\"widget\" data-widget_type=\"text-editor.default\">\n\t\t\t\t<div class=\"elementor-widget-container\">\n\t\t\t\t\t\t\t\t\t<div>180+ years, Haute Futaie technique<\/div>\t\t\t\t\t\t\t\t<\/div>\n\t\t\t\t<\/div>\n\t\t\t\t<\/div>\n\t\t<div class=\"elementor-element elementor-element-63c886e e-con-full e-flex e-con e-child\" data-id=\"63c886e\" data-element_type=\"container\" data-e-type=\"container\">\n\t\t\t\t<div class=\"elementor-element elementor-element-891a5df elementor-widget elementor-widget-image\" data-id=\"891a5df\" data-element_type=\"widget\" data-e-type=\"widget\" data-widget_type=\"image.default\">\n\t\t\t\t<div class=\"elementor-widget-container\">\n\t\t\t\t\t\t\t\t\t\t\t\t\t\t\t<img loading=\"lazy\" decoding=\"async\" width=\"52\" height=\"53\" src=\"https:\/\/tncoopers.com\/wp-content\/uploads\/2024\/08\/NoFill.svg\" class=\"attachment-full size-full wp-image-1377\" alt=\"\" \/>\t\t\t\t\t\t\t\t\t\t\t\t\t\t\t<\/div>\n\t\t\t\t<\/div>\n\t\t\t\t<div class=\"elementor-element elementor-element-fda6cc2 elementor-widget__width-initial elementor-widget elementor-widget-text-editor\" data-id=\"fda6cc2\" data-element_type=\"widget\" data-e-type=\"widget\" data-widget_type=\"text-editor.default\">\n\t\t\t\t<div class=\"elementor-widget-container\">\n\t\t\t\t\t\t\t\t\t<div>FSC \nCertification<\/div>\t\t\t\t\t\t\t\t<\/div>\n\t\t\t\t<\/div>\n\t\t\t\t<\/div>\n\t\t\t\t\t<\/div>\n\t\t\t\t<\/div>\n\t\t<div class=\"elementor-element elementor-element-1ef837f e-flex e-con-boxed e-con e-parent\" data-id=\"1ef837f\" data-element_type=\"container\" data-e-type=\"container\">\n\t\t\t\t\t<div class=\"e-con-inner\">\n\t\t<div class=\"elementor-element elementor-element-aa7e880 e-con-full e-flex e-con e-child\" data-id=\"aa7e880\" data-element_type=\"container\" data-e-type=\"container\">\n\t\t\t\t<div class=\"elementor-element elementor-element-278814b elementor-widget elementor-widget-text-editor\" data-id=\"278814b\" data-element_type=\"widget\" data-e-type=\"widget\" data-widget_type=\"text-editor.default\">\n\t\t\t\t<div class=\"elementor-widget-container\">\n\t\t\t\t\t\t\t\t\t<p>The structure of European oak is similar to French oak, with slightly different qualities including fewer tannins. One key difference is the way its hemicellulose breaks down more easily, forming a different spectrum of toasted aromas. This results in a distinctive aromatic complexity, including intense aromas of cloves, almonds, coconut, and vanilla. These aromas are derived from compounds such as furfurals, eugenol, and lactones, which develop over time during wine aging.<\/p><p>European oak tends to impart nutty flavors and some vanilla notes, making it particularly suitable for full-bodied wines. Although it has fewer tannins than French oak, its contribution to the wine is significant, resulting in a balanced structure and smooth integration of flavor components.<\/p>\t\t\t\t\t\t\t\t<\/div>\n\t\t\t\t<\/div>\n\t\t\t\t<\/div>\n\t\t<div class=\"elementor-element elementor-element-981c2c5 e-con-full e-flex e-con e-child\" data-id=\"981c2c5\" data-element_type=\"container\" data-e-type=\"container\">\n\t\t\t\t<div class=\"elementor-element elementor-element-ac0ffa4 hide elementor-widget elementor-widget-image\" data-id=\"ac0ffa4\" data-element_type=\"widget\" data-e-type=\"widget\" data-widget_type=\"image.default\">\n\t\t\t\t<div class=\"elementor-widget-container\">\n\t\t\t\t\t\t\t\t\t\t\t\t\t\t\t<img loading=\"lazy\" decoding=\"async\" width=\"800\" height=\"582\" src=\"https:\/\/tncoopers.com\/wp-content\/uploads\/2024\/10\/image-1.png\" class=\"attachment-large size-large wp-image-3371\" alt=\"\" srcset=\"https:\/\/tncoopers.com\/wp-content\/uploads\/2024\/10\/image-1.png 639w, https:\/\/tncoopers.com\/wp-content\/uploads\/2024\/10\/image-1-300x218.png 300w, https:\/\/tncoopers.com\/wp-content\/uploads\/2024\/10\/image-1-16x12.png 16w\" sizes=\"(max-width: 800px) 100vw, 800px\" \/>\t\t\t\t\t\t\t\t\t\t\t\t\t\t\t<\/div>\n\t\t\t\t<\/div>\n\t\t\t\t<div class=\"elementor-element elementor-element-db9e919 elementor-widget elementor-widget-html\" data-id=\"db9e919\" data-element_type=\"widget\" data-e-type=\"widget\" data-widget_type=\"html.default\">\n\t\t\t\t<div class=\"elementor-widget-container\">\n\t\t\t\t\t\n\n\n<img decoding=\"async\" src=\"https:\/\/tncoopers.com\/wp-content\/uploads\/2024\/10\/image-1.png\" alt=\"Europa del Este\" \/>\n\n\n\t\t\t\t<\/div>\n\t\t\t\t<\/div>\n\t\t\t\t<\/div>\n\t\t\t\t\t<\/div>\n\t\t\t\t<\/div>\n\t\t<div class=\"elementor-element elementor-element-5b37bd4 e-flex e-con-boxed e-con e-parent\" data-id=\"5b37bd4\" data-element_type=\"container\" data-e-type=\"container\">\n\t\t\t\t\t<div class=\"e-con-inner\">\n\t\t<div class=\"elementor-element elementor-element-dbd85ea e-con-full e-flex e-con e-child\" data-id=\"dbd85ea\" data-element_type=\"container\" data-e-type=\"container\">\n\t\t\t\t<div class=\"elementor-element elementor-element-476d7a2 elementor-widget elementor-widget-image\" data-id=\"476d7a2\" data-element_type=\"widget\" data-e-type=\"widget\" data-widget_type=\"image.default\">\n\t\t\t\t<div class=\"elementor-widget-container\">\n\t\t\t\t\t\t\t\t\t\t\t\t\t\t\t<img loading=\"lazy\" decoding=\"async\" width=\"774\" height=\"769\" src=\"https:\/\/tncoopers.com\/wp-content\/uploads\/2024\/08\/Rectangle-22.jpg\" class=\"attachment-large size-large wp-image-3372\" alt=\"\" srcset=\"https:\/\/tncoopers.com\/wp-content\/uploads\/2024\/08\/Rectangle-22.jpg 774w, https:\/\/tncoopers.com\/wp-content\/uploads\/2024\/08\/Rectangle-22-300x298.jpg 300w, https:\/\/tncoopers.com\/wp-content\/uploads\/2024\/08\/Rectangle-22-150x150.jpg 150w, https:\/\/tncoopers.com\/wp-content\/uploads\/2024\/08\/Rectangle-22-768x763.jpg 768w, https:\/\/tncoopers.com\/wp-content\/uploads\/2024\/08\/Rectangle-22-12x12.jpg 12w\" sizes=\"(max-width: 774px) 100vw, 774px\" \/>\t\t\t\t\t\t\t\t\t\t\t\t\t\t\t<\/div>\n\t\t\t\t<\/div>\n\t\t\t\t<\/div>\n\t\t<div class=\"elementor-element elementor-element-5b24742 e-con-full e-flex e-con e-child\" data-id=\"5b24742\" data-element_type=\"container\" data-e-type=\"container\">\n\t\t\t\t<div class=\"elementor-element elementor-element-0889731 elementor-widget elementor-widget-image\" data-id=\"0889731\" data-element_type=\"widget\" data-e-type=\"widget\" data-widget_type=\"image.default\">\n\t\t\t\t<div class=\"elementor-widget-container\">\n\t\t\t\t\t\t\t\t\t\t\t\t\t\t\t<img loading=\"lazy\" decoding=\"async\" width=\"774\" height=\"769\" src=\"https:\/\/tncoopers.com\/wp-content\/uploads\/2024\/08\/Rectangle-23.jpg\" class=\"attachment-large size-large wp-image-3373\" alt=\"\" srcset=\"https:\/\/tncoopers.com\/wp-content\/uploads\/2024\/08\/Rectangle-23.jpg 774w, https:\/\/tncoopers.com\/wp-content\/uploads\/2024\/08\/Rectangle-23-300x298.jpg 300w, https:\/\/tncoopers.com\/wp-content\/uploads\/2024\/08\/Rectangle-23-150x150.jpg 150w, https:\/\/tncoopers.com\/wp-content\/uploads\/2024\/08\/Rectangle-23-768x763.jpg 768w, https:\/\/tncoopers.com\/wp-content\/uploads\/2024\/08\/Rectangle-23-12x12.jpg 12w\" sizes=\"(max-width: 774px) 100vw, 774px\" \/>\t\t\t\t\t\t\t\t\t\t\t\t\t\t\t<\/div>\n\t\t\t\t<\/div>\n\t\t\t\t<\/div>\n\t\t<div class=\"elementor-element elementor-element-6ea2b3d e-con-full e-flex e-con e-child\" data-id=\"6ea2b3d\" data-element_type=\"container\" data-e-type=\"container\">\n\t\t\t\t<div class=\"elementor-element elementor-element-9fab76d elementor-widget elementor-widget-image\" data-id=\"9fab76d\" data-element_type=\"widget\" data-e-type=\"widget\" data-widget_type=\"image.default\">\n\t\t\t\t<div class=\"elementor-widget-container\">\n\t\t\t\t\t\t\t\t\t\t\t\t\t\t\t<img loading=\"lazy\" decoding=\"async\" width=\"774\" height=\"769\" src=\"https:\/\/tncoopers.com\/wp-content\/uploads\/2024\/08\/Rectangle-24.jpg\" class=\"attachment-large size-large wp-image-3374\" alt=\"\" srcset=\"https:\/\/tncoopers.com\/wp-content\/uploads\/2024\/08\/Rectangle-24.jpg 774w, https:\/\/tncoopers.com\/wp-content\/uploads\/2024\/08\/Rectangle-24-300x298.jpg 300w, https:\/\/tncoopers.com\/wp-content\/uploads\/2024\/08\/Rectangle-24-150x150.jpg 150w, https:\/\/tncoopers.com\/wp-content\/uploads\/2024\/08\/Rectangle-24-768x763.jpg 768w, https:\/\/tncoopers.com\/wp-content\/uploads\/2024\/08\/Rectangle-24-12x12.jpg 12w\" sizes=\"(max-width: 774px) 100vw, 774px\" \/>\t\t\t\t\t\t\t\t\t\t\t\t\t\t\t<\/div>\n\t\t\t\t<\/div>\n\t\t\t\t<\/div>\n\t\t\t\t\t<\/div>\n\t\t\t\t<\/div>\n\t\t\t\t<\/div>","protected":false},"excerpt":{"rendered":"<p>ROBLE EUROPEO Quercus Petraea \/ Quercus Sessilis NUESTRO Roble proveniente de los bosques europeos m\u00e1s destacados Secado al aire libre sobre 24 meses Grano Fino Bosques 180+ a\u00f1os, t\u00e9cnica haute futaie Certificado FSC Tiene una estructura similar al roble franc\u00e9s, pero con cualidades ligeramente diferentes, incluyendo menos taninos. Su hemicelulosa se descompone m\u00e1s f\u00e1cilmente, formando [&hellip;]<\/p>\n","protected":false},"author":1,"featured_media":0,"parent":3195,"menu_order":0,"comment_status":"closed","ping_status":"closed","template":"","meta":{"_acf_changed":false,"footnotes":""},"class_list":["post-3365","page","type-page","status-publish","hentry"],"acf":[],"yoast_head":"<!-- This site is optimized with the Yoast SEO plugin v27.6 - https:\/\/yoast.com\/product\/yoast-seo-wordpress\/ -->\n<title>Roble Europeo - TnCoopers<\/title>\n<meta name=\"robots\" content=\"index, follow, max-snippet:-1, max-image-preview:large, max-video-preview:-1\" \/>\n<link rel=\"canonical\" href=\"https:\/\/tncoopers.com\/en\/maderas\/roble-europeo\/\" \/>\n<meta property=\"og:locale\" content=\"en_US\" \/>\n<meta property=\"og:type\" content=\"article\" \/>\n<meta property=\"og:title\" content=\"Roble Europeo - TnCoopers\" \/>\n<meta property=\"og:description\" content=\"ROBLE EUROPEO Quercus Petraea \/ Quercus Sessilis NUESTRO Roble proveniente de los bosques europeos m\u00e1s destacados Secado al aire libre sobre 24 meses Grano Fino Bosques 180+ a\u00f1os, t\u00e9cnica haute futaie Certificado FSC Tiene una estructura similar al roble franc\u00e9s, pero con cualidades ligeramente diferentes, incluyendo menos taninos. Su hemicelulosa se descompone m\u00e1s f\u00e1cilmente, formando [&hellip;]\" \/>\n<meta property=\"og:url\" content=\"https:\/\/tncoopers.com\/en\/maderas\/roble-europeo\/\" \/>\n<meta property=\"og:site_name\" content=\"TnCoopers\" \/>\n<meta property=\"article:publisher\" content=\"https:\/\/www.facebook.com\/toneleria.nacional\" \/>\n<meta property=\"article:modified_time\" content=\"2024-11-29T23:32:00+00:00\" \/>\n<meta property=\"og:image\" content=\"https:\/\/tncoopers.com\/wp-content\/uploads\/2024\/08\/secado-1.svg\" \/>\n<meta name=\"twitter:card\" content=\"summary_large_image\" \/>\n<meta name=\"twitter:label1\" content=\"Est. reading time\" \/>\n\t<meta name=\"twitter:data1\" content=\"1 minute\" \/>\n<script type=\"application\/ld+json\" class=\"yoast-schema-graph\">{\"@context\":\"https:\\\/\\\/schema.org\",\"@graph\":[{\"@type\":\"WebPage\",\"@id\":\"https:\\\/\\\/tncoopers.com\\\/en\\\/maderas\\\/roble-europeo\\\/\",\"url\":\"https:\\\/\\\/tncoopers.com\\\/en\\\/maderas\\\/roble-europeo\\\/\",\"name\":\"Roble Europeo - TnCoopers\",\"isPartOf\":{\"@id\":\"https:\\\/\\\/tncoopers.com\\\/#website\"},\"primaryImageOfPage\":{\"@id\":\"https:\\\/\\\/tncoopers.com\\\/en\\\/maderas\\\/roble-europeo\\\/#primaryimage\"},\"image\":{\"@id\":\"https:\\\/\\\/tncoopers.com\\\/en\\\/maderas\\\/roble-europeo\\\/#primaryimage\"},\"thumbnailUrl\":\"https:\\\/\\\/tncoopers.com\\\/wp-content\\\/uploads\\\/2024\\\/08\\\/secado-1.svg\",\"datePublished\":\"2024-08-27T20:41:41+00:00\",\"dateModified\":\"2024-11-29T23:32:00+00:00\",\"breadcrumb\":{\"@id\":\"https:\\\/\\\/tncoopers.com\\\/en\\\/maderas\\\/roble-europeo\\\/#breadcrumb\"},\"inLanguage\":\"en-US\",\"potentialAction\":[{\"@type\":\"ReadAction\",\"target\":[\"https:\\\/\\\/tncoopers.com\\\/en\\\/maderas\\\/roble-europeo\\\/\"]}]},{\"@type\":\"ImageObject\",\"inLanguage\":\"en-US\",\"@id\":\"https:\\\/\\\/tncoopers.com\\\/en\\\/maderas\\\/roble-europeo\\\/#primaryimage\",\"url\":\"https:\\\/\\\/tncoopers.com\\\/wp-content\\\/uploads\\\/2024\\\/08\\\/secado-1.svg\",\"contentUrl\":\"https:\\\/\\\/tncoopers.com\\\/wp-content\\\/uploads\\\/2024\\\/08\\\/secado-1.svg\"},{\"@type\":\"BreadcrumbList\",\"@id\":\"https:\\\/\\\/tncoopers.com\\\/en\\\/maderas\\\/roble-europeo\\\/#breadcrumb\",\"itemListElement\":[{\"@type\":\"ListItem\",\"position\":1,\"name\":\"Portada\",\"item\":\"https:\\\/\\\/tncoopers.com\\\/\"},{\"@type\":\"ListItem\",\"position\":2,\"name\":\"Maderas\",\"item\":\"https:\\\/\\\/tncoopers.com\\\/en\\\/maderas\\\/\"},{\"@type\":\"ListItem\",\"position\":3,\"name\":\"Roble Europeo\"}]},{\"@type\":\"WebSite\",\"@id\":\"https:\\\/\\\/tncoopers.com\\\/#website\",\"url\":\"https:\\\/\\\/tncoopers.com\\\/\",\"name\":\"TnCoopers\",\"description\":\"\",\"publisher\":{\"@id\":\"https:\\\/\\\/tncoopers.com\\\/#organization\"},\"potentialAction\":[{\"@type\":\"SearchAction\",\"target\":{\"@type\":\"EntryPoint\",\"urlTemplate\":\"https:\\\/\\\/tncoopers.com\\\/?s={search_term_string}\"},\"query-input\":{\"@type\":\"PropertyValueSpecification\",\"valueRequired\":true,\"valueName\":\"search_term_string\"}}],\"inLanguage\":\"en-US\"},{\"@type\":\"Organization\",\"@id\":\"https:\\\/\\\/tncoopers.com\\\/#organization\",\"name\":\"TnCoopers\",\"url\":\"https:\\\/\\\/tncoopers.com\\\/\",\"logo\":{\"@type\":\"ImageObject\",\"inLanguage\":\"en-US\",\"@id\":\"https:\\\/\\\/tncoopers.com\\\/#\\\/schema\\\/logo\\\/image\\\/\",\"url\":\"https:\\\/\\\/tncoopers.com\\\/wp-content\\\/uploads\\\/2023\\\/09\\\/logofinal.png\",\"contentUrl\":\"https:\\\/\\\/tncoopers.com\\\/wp-content\\\/uploads\\\/2023\\\/09\\\/logofinal.png\",\"width\":540,\"height\":265,\"caption\":\"TnCoopers\"},\"image\":{\"@id\":\"https:\\\/\\\/tncoopers.com\\\/#\\\/schema\\\/logo\\\/image\\\/\"},\"sameAs\":[\"https:\\\/\\\/www.facebook.com\\\/toneleria.nacional\",\"https:\\\/\\\/www.instagram.com\\\/tncoopers\\\/\"]}]}<\/script>\n<!-- \/ Yoast SEO plugin. -->","yoast_head_json":{"title":"Roble Europeo - TnCoopers","robots":{"index":"index","follow":"follow","max-snippet":"max-snippet:-1","max-image-preview":"max-image-preview:large","max-video-preview":"max-video-preview:-1"},"canonical":"https:\/\/tncoopers.com\/en\/maderas\/roble-europeo\/","og_locale":"en_US","og_type":"article","og_title":"Roble Europeo - TnCoopers","og_description":"ROBLE EUROPEO Quercus Petraea \/ Quercus Sessilis NUESTRO Roble proveniente de los bosques europeos m\u00e1s destacados Secado al aire libre sobre 24 meses Grano Fino Bosques 180+ a\u00f1os, t\u00e9cnica haute futaie Certificado FSC Tiene una estructura similar al roble franc\u00e9s, pero con cualidades ligeramente diferentes, incluyendo menos taninos. Su hemicelulosa se descompone m\u00e1s f\u00e1cilmente, formando [&hellip;]","og_url":"https:\/\/tncoopers.com\/en\/maderas\/roble-europeo\/","og_site_name":"TnCoopers","article_publisher":"https:\/\/www.facebook.com\/toneleria.nacional","article_modified_time":"2024-11-29T23:32:00+00:00","og_image":[{"url":"https:\/\/tncoopers.com\/wp-content\/uploads\/2024\/08\/secado-1.svg","type":"","width":"","height":""}],"twitter_card":"summary_large_image","twitter_misc":{"Est. reading time":"1 minute"},"schema":{"@context":"https:\/\/schema.org","@graph":[{"@type":"WebPage","@id":"https:\/\/tncoopers.com\/en\/maderas\/roble-europeo\/","url":"https:\/\/tncoopers.com\/en\/maderas\/roble-europeo\/","name":"Roble Europeo - TnCoopers","isPartOf":{"@id":"https:\/\/tncoopers.com\/#website"},"primaryImageOfPage":{"@id":"https:\/\/tncoopers.com\/en\/maderas\/roble-europeo\/#primaryimage"},"image":{"@id":"https:\/\/tncoopers.com\/en\/maderas\/roble-europeo\/#primaryimage"},"thumbnailUrl":"https:\/\/tncoopers.com\/wp-content\/uploads\/2024\/08\/secado-1.svg","datePublished":"2024-08-27T20:41:41+00:00","dateModified":"2024-11-29T23:32:00+00:00","breadcrumb":{"@id":"https:\/\/tncoopers.com\/en\/maderas\/roble-europeo\/#breadcrumb"},"inLanguage":"en-US","potentialAction":[{"@type":"ReadAction","target":["https:\/\/tncoopers.com\/en\/maderas\/roble-europeo\/"]}]},{"@type":"ImageObject","inLanguage":"en-US","@id":"https:\/\/tncoopers.com\/en\/maderas\/roble-europeo\/#primaryimage","url":"https:\/\/tncoopers.com\/wp-content\/uploads\/2024\/08\/secado-1.svg","contentUrl":"https:\/\/tncoopers.com\/wp-content\/uploads\/2024\/08\/secado-1.svg"},{"@type":"BreadcrumbList","@id":"https:\/\/tncoopers.com\/en\/maderas\/roble-europeo\/#breadcrumb","itemListElement":[{"@type":"ListItem","position":1,"name":"Portada","item":"https:\/\/tncoopers.com\/"},{"@type":"ListItem","position":2,"name":"Maderas","item":"https:\/\/tncoopers.com\/en\/maderas\/"},{"@type":"ListItem","position":3,"name":"Roble Europeo"}]},{"@type":"WebSite","@id":"https:\/\/tncoopers.com\/#website","url":"https:\/\/tncoopers.com\/","name":"TnCoopers","description":"","publisher":{"@id":"https:\/\/tncoopers.com\/#organization"},"potentialAction":[{"@type":"SearchAction","target":{"@type":"EntryPoint","urlTemplate":"https:\/\/tncoopers.com\/?s={search_term_string}"},"query-input":{"@type":"PropertyValueSpecification","valueRequired":true,"valueName":"search_term_string"}}],"inLanguage":"en-US"},{"@type":"Organization","@id":"https:\/\/tncoopers.com\/#organization","name":"TnCoopers","url":"https:\/\/tncoopers.com\/","logo":{"@type":"ImageObject","inLanguage":"en-US","@id":"https:\/\/tncoopers.com\/#\/schema\/logo\/image\/","url":"https:\/\/tncoopers.com\/wp-content\/uploads\/2023\/09\/logofinal.png","contentUrl":"https:\/\/tncoopers.com\/wp-content\/uploads\/2023\/09\/logofinal.png","width":540,"height":265,"caption":"TnCoopers"},"image":{"@id":"https:\/\/tncoopers.com\/#\/schema\/logo\/image\/"},"sameAs":["https:\/\/www.facebook.com\/toneleria.nacional","https:\/\/www.instagram.com\/tncoopers\/"]}]}},"_links":{"self":[{"href":"https:\/\/tncoopers.com\/en\/wp-json\/wp\/v2\/pages\/3365","targetHints":{"allow":["GET"]}}],"collection":[{"href":"https:\/\/tncoopers.com\/en\/wp-json\/wp\/v2\/pages"}],"about":[{"href":"https:\/\/tncoopers.com\/en\/wp-json\/wp\/v2\/types\/page"}],"author":[{"embeddable":true,"href":"https:\/\/tncoopers.com\/en\/wp-json\/wp\/v2\/users\/1"}],"replies":[{"embeddable":true,"href":"https:\/\/tncoopers.com\/en\/wp-json\/wp\/v2\/comments?post=3365"}],"version-history":[{"count":20,"href":"https:\/\/tncoopers.com\/en\/wp-json\/wp\/v2\/pages\/3365\/revisions"}],"predecessor-version":[{"id":6991,"href":"https:\/\/tncoopers.com\/en\/wp-json\/wp\/v2\/pages\/3365\/revisions\/6991"}],"up":[{"embeddable":true,"href":"https:\/\/tncoopers.com\/en\/wp-json\/wp\/v2\/pages\/3195"}],"wp:attachment":[{"href":"https:\/\/tncoopers.com\/en\/wp-json\/wp\/v2\/media?parent=3365"}],"curies":[{"name":"wp","href":"https:\/\/api.w.org\/{rel}","templated":true}]}}