{"id":1635,"date":"2024-08-19T16:32:06","date_gmt":"2024-08-19T19:32:06","guid":{"rendered":"https:\/\/tncoopers.com\/?page_id=1635"},"modified":"2024-11-29T11:35:13","modified_gmt":"2024-11-29T14:35:13","slug":"nuestras-oficinas","status":"publish","type":"page","link":"https:\/\/tncoopers.com\/en\/quienes-somos\/nuestras-oficinas\/","title":{"rendered":"Our Offices"},"content":{"rendered":"<div data-elementor-type=\"wp-page\" data-elementor-id=\"1635\" class=\"elementor elementor-1635\" data-elementor-post-type=\"page\">\n\t\t\t\t<div class=\"elementor-element elementor-element-9f5cce5 e-flex e-con-boxed e-con e-parent\" data-id=\"9f5cce5\" data-element_type=\"container\" data-e-type=\"container\" data-settings=\"{&quot;background_background&quot;:&quot;classic&quot;}\">\n\t\t\t\t\t<div class=\"e-con-inner\">\n\t\t\t\t<div class=\"elementor-element elementor-element-b6709a2 elementor-widget elementor-widget-heading\" data-id=\"b6709a2\" data-element_type=\"widget\" data-e-type=\"widget\" data-widget_type=\"heading.default\">\n\t\t\t\t<div class=\"elementor-widget-container\">\n\t\t\t\t\t<h1 class=\"elementor-heading-title elementor-size-default\">Regional Offices<\/h1>\t\t\t\t<\/div>\n\t\t\t\t<\/div>\n\t\t\t\t\t<\/div>\n\t\t\t\t<\/div>\n\t\t<div class=\"elementor-element elementor-element-c041ddf e-flex e-con-boxed e-con e-parent\" data-id=\"c041ddf\" data-element_type=\"container\" data-e-type=\"container\" data-settings=\"{&quot;background_background&quot;:&quot;classic&quot;}\">\n\t\t\t\t\t<div class=\"e-con-inner\">\n\t\t\t\t<div class=\"elementor-element elementor-element-03f86d0 hide elementor-widget elementor-widget-image\" data-id=\"03f86d0\" data-element_type=\"widget\" data-e-type=\"widget\" data-widget_type=\"image.default\">\n\t\t\t\t<div class=\"elementor-widget-container\">\n\t\t\t\t\t\t\t\t\t\t\t\t\t\t\t<img fetchpriority=\"high\" decoding=\"async\" width=\"1139\" height=\"496\" src=\"https:\/\/tncoopers.com\/wp-content\/uploads\/2024\/11\/Map_Eng.png\" class=\"attachment-full size-full wp-image-6837\" alt=\"\" srcset=\"https:\/\/tncoopers.com\/wp-content\/uploads\/2024\/11\/Map_Eng.png 1142w, https:\/\/tncoopers.com\/wp-content\/uploads\/2024\/11\/Map_Eng-300x130.png 300w, https:\/\/tncoopers.com\/wp-content\/uploads\/2024\/11\/Map_Eng-1024x445.png 1024w, https:\/\/tncoopers.com\/wp-content\/uploads\/2024\/11\/Map_Eng-768x334.png 768w, https:\/\/tncoopers.com\/wp-content\/uploads\/2024\/11\/Map_Eng-18x8.png 18w\" sizes=\"(max-width: 1139px) 100vw, 1139px\" \/>\t\t\t\t\t\t\t\t\t\t\t\t\t\t\t<\/div>\n\t\t\t\t<\/div>\n\t\t\t\t<div class=\"elementor-element elementor-element-e2e5777 elementor-widget elementor-widget-html\" data-id=\"e2e5777\" data-element_type=\"widget\" data-e-type=\"widget\" data-widget_type=\"html.default\">\n\t\t\t\t<div class=\"elementor-widget-container\">\n\t\t\t\t\t\n\n\n<img decoding=\"async\" src=\"https:\/\/tncoopers.com\/wp-content\/uploads\/2024\/11\/Map_Eng.png\" alt=\"Map in English\" \/>\n\n\n\t\t\t\t<\/div>\n\t\t\t\t<\/div>\n\t\t\t\t\t<\/div>\n\t\t\t\t<\/div>\n\t\t<div class=\"elementor-element elementor-element-1261a52 e-flex e-con-boxed e-con e-parent\" data-id=\"1261a52\" data-element_type=\"container\" data-e-type=\"container\">\n\t\t\t\t\t<div class=\"e-con-inner\">\n\t\t<div class=\"elementor-element elementor-element-28d4670 e-con-full e-flex e-con e-child\" data-id=\"28d4670\" data-element_type=\"container\" data-e-type=\"container\" data-settings=\"{&quot;background_background&quot;:&quot;classic&quot;}\">\n\t\t\t\t<div class=\"elementor-element elementor-element-b799f3e elementor-widget elementor-widget-text-editor\" data-id=\"b799f3e\" data-element_type=\"widget\" data-e-type=\"widget\" data-widget_type=\"text-editor.default\">\n\t\t\t\t<div class=\"elementor-widget-container\">\n\t\t\t\t\t\t\t\t\t<p>Chile &amp; Latin America<\/p>\t\t\t\t\t\t\t\t<\/div>\n\t\t\t\t<\/div>\n\t\t\t\t<div class=\"elementor-element elementor-element-39a3138 elementor-widget elementor-widget-text-editor\" data-id=\"39a3138\" data-element_type=\"widget\" data-e-type=\"widget\" data-widget_type=\"text-editor.default\">\n\t\t\t\t<div class=\"elementor-widget-container\">\n\t\t\t\t\t\t\t\t\t<p>Fundo Cerrillos,<br \/>Ruta G68 N\u00b034.500, <br \/>Metropolitan Region <br \/>Curacav\u00ed<\/p><p>+56 (2) 2460 0500<br \/><strong><span style=\"color: #b4a269;\">info.cl@tncoopers.com<\/span><\/strong><\/p>\t\t\t\t\t\t\t\t<\/div>\n\t\t\t\t<\/div>\n\t\t\t\t<\/div>\n\t\t<div class=\"elementor-element elementor-element-bbe0ff0 e-con-full e-flex e-con e-child\" data-id=\"bbe0ff0\" data-element_type=\"container\" data-e-type=\"container\" data-settings=\"{&quot;background_background&quot;:&quot;classic&quot;}\">\n\t\t\t\t<div class=\"elementor-element elementor-element-4cd3eea elementor-widget elementor-widget-text-editor\" data-id=\"4cd3eea\" data-element_type=\"widget\" data-e-type=\"widget\" data-widget_type=\"text-editor.default\">\n\t\t\t\t<div class=\"elementor-widget-container\">\n\t\t\t\t\t\t\t\t\t<p>NORTH<br \/>AMERICA<\/p>\t\t\t\t\t\t\t\t<\/div>\n\t\t\t\t<\/div>\n\t\t\t\t<div class=\"elementor-element elementor-element-df26714 elementor-widget elementor-widget-text-editor\" data-id=\"df26714\" data-element_type=\"widget\" data-e-type=\"widget\" data-widget_type=\"text-editor.default\">\n\t\t\t\t<div class=\"elementor-widget-container\">\n\t\t\t\t\t\t\t\t\t<p>USA &#8211; CANADA &#8211; MEXICO<br \/>21481 8th StEast Suite 20C<br \/>CA 95476<br \/>Sonoma<\/p><p>+1 (707) 996-5600<br \/><strong><span style=\"color: #b4a269;\">info.usa@tncoopers.com<\/span><\/strong><\/p>\t\t\t\t\t\t\t\t<\/div>\n\t\t\t\t<\/div>\n\t\t\t\t<\/div>\n\t\t<div class=\"elementor-element elementor-element-d68d368 e-con-full e-flex e-con e-child\" data-id=\"d68d368\" data-element_type=\"container\" data-e-type=\"container\" data-settings=\"{&quot;background_background&quot;:&quot;classic&quot;}\">\n\t\t\t\t<div class=\"elementor-element elementor-element-a98af04 elementor-widget elementor-widget-text-editor\" data-id=\"a98af04\" data-element_type=\"widget\" data-e-type=\"widget\" data-widget_type=\"text-editor.default\">\n\t\t\t\t<div class=\"elementor-widget-container\">\n\t\t\t\t\t\t\t\t\t<p>ARGENTINA<br \/>\u00a0<\/p>\t\t\t\t\t\t\t\t<\/div>\n\t\t\t\t<\/div>\n\t\t\t\t<div class=\"elementor-element elementor-element-fc63eae elementor-widget elementor-widget-text-editor\" data-id=\"fc63eae\" data-element_type=\"widget\" data-e-type=\"widget\" data-widget_type=\"text-editor.default\">\n\t\t\t\t<div class=\"elementor-widget-container\">\n\t\t\t\t\t\t\t\t\t<p>Acc. Sur Lateral Este 5781 (5505)<br \/>Carrodilla, Luj\u00e1n de Cuyo,<br \/>Mendoza<\/p><p>+54-261 4965701<br \/><strong><span style=\"color: #b4a269;\">info.ar@tncoopers.com<\/span><\/strong><\/p>\t\t\t\t\t\t\t\t<\/div>\n\t\t\t\t<\/div>\n\t\t\t\t<\/div>\n\t\t<div class=\"elementor-element elementor-element-77be5c3 e-con-full e-flex e-con e-child\" data-id=\"77be5c3\" data-element_type=\"container\" data-e-type=\"container\" data-settings=\"{&quot;background_background&quot;:&quot;classic&quot;}\">\n\t\t\t\t<div class=\"elementor-element elementor-element-154b1c2 elementor-widget elementor-widget-text-editor\" data-id=\"154b1c2\" data-element_type=\"widget\" data-e-type=\"widget\" data-widget_type=\"text-editor.default\">\n\t\t\t\t<div class=\"elementor-widget-container\">\n\t\t\t\t\t\t\t\t\t<p>Italy &amp; <br \/>Europe<\/p>\t\t\t\t\t\t\t\t<\/div>\n\t\t\t\t<\/div>\n\t\t\t\t<div class=\"elementor-element elementor-element-84933ae elementor-widget elementor-widget-text-editor\" data-id=\"84933ae\" data-element_type=\"widget\" data-e-type=\"widget\" data-widget_type=\"text-editor.default\">\n\t\t\t\t<div class=\"elementor-widget-container\">\n\t\t\t\t\t\t\t\t\t<p>Strada di Sant\u2019Appiano<br \/>6\/A \u2013 50021<br \/>Barberino Val d\u2019Elsa, <br \/>Florence<\/p><p>+39 055 0126694<br \/><strong><span style=\"color: #b4a269;\">info.it@tncoopers.com<\/span><\/strong><\/p>\t\t\t\t\t\t\t\t<\/div>\n\t\t\t\t<\/div>\n\t\t\t\t<\/div>\n\t\t<div class=\"elementor-element elementor-element-3a311ec e-con-full e-flex e-con e-child\" data-id=\"3a311ec\" data-element_type=\"container\" data-e-type=\"container\" data-settings=\"{&quot;background_background&quot;:&quot;classic&quot;}\">\n\t\t\t\t<div class=\"elementor-element elementor-element-21c5885 elementor-widget elementor-widget-text-editor\" data-id=\"21c5885\" data-element_type=\"widget\" data-e-type=\"widget\" data-widget_type=\"text-editor.default\">\n\t\t\t\t<div class=\"elementor-widget-container\">\n\t\t\t\t\t\t\t\t\t<p>SOUTH AFRICA<br \/><br \/><\/p>\t\t\t\t\t\t\t\t<\/div>\n\t\t\t\t<\/div>\n\t\t\t\t<div class=\"elementor-element elementor-element-89899ac elementor-widget elementor-widget-text-editor\" data-id=\"89899ac\" data-element_type=\"widget\" data-e-type=\"widget\" data-widget_type=\"text-editor.default\">\n\t\t\t\t<div class=\"elementor-widget-container\">\n\t\t\t\t\t\t\t\t\t<p>Zandwyk Park,<br \/>Old Paarl Road.<br \/>Paarl<\/p><p><br \/>+27 0 74 1157083<br \/><strong><span style=\"color: #b4a269;\">info.za@tncoopers.com<\/span><\/strong><\/p>\t\t\t\t\t\t\t\t<\/div>\n\t\t\t\t<\/div>\n\t\t\t\t<\/div>\n\t\t<div class=\"elementor-element elementor-element-a3c5b67 e-con-full e-flex e-con e-child\" data-id=\"a3c5b67\" data-element_type=\"container\" data-e-type=\"container\" data-settings=\"{&quot;background_background&quot;:&quot;classic&quot;}\">\n\t\t\t\t<div class=\"elementor-element elementor-element-3004267 elementor-widget elementor-widget-text-editor\" data-id=\"3004267\" data-element_type=\"widget\" data-e-type=\"widget\" data-widget_type=\"text-editor.default\">\n\t\t\t\t<div class=\"elementor-widget-container\">\n\t\t\t\t\t\t\t\t\t<p>Asia &amp;<br \/>Oceania<\/p>\t\t\t\t\t\t\t\t<\/div>\n\t\t\t\t<\/div>\n\t\t\t\t<div class=\"elementor-element elementor-element-dd1a609 elementor-widget elementor-widget-text-editor\" data-id=\"dd1a609\" data-element_type=\"widget\" data-e-type=\"widget\" data-widget_type=\"text-editor.default\">\n\t\t\t\t<div class=\"elementor-widget-container\">\n\t\t\t\t\t\t\t\t\t<p>Soledad S\u00e1nchez<\/p><p><br \/><br \/><br \/>+56 9 6839 6392<br \/><strong><span style=\"color: #b4a269;\">soledad@tncoopers.com<\/span><\/strong><\/p>\t\t\t\t\t\t\t\t<\/div>\n\t\t\t\t<\/div>\n\t\t\t\t<\/div>\n\t\t\t\t\t<\/div>\n\t\t\t\t<\/div>\n\t\t\t\t<\/div>","protected":false},"excerpt":{"rendered":"<p>OFICINAS REGIONALES Chile y Latinoam\u00e9rica Fundo Cerrillos,Ruta G68 N\u00b034.500, Regi\u00f3n Metropolitana Curacav\u00ed +56 (2) 2460 0500info.cl@tncoopers.com NORTEAM\u00c9RICA USA &#8211; CANADA &#8211; MEXICO21481 8th StEast Suite 20CCA 95476Sonoma +1 (707) 996-5600info.usa@tncoopers.com ARGENTINA\u00a0 Acc. Sur Lateral Este 5781 (5505)Carrodilla, Luj\u00e1n de Cuyo,Mendoza +54-261 4965701info.ar@tncoopers.com ITALIA Y EUROPA Strada di Sant\u2019Appiano6\/A \u2013 50021Barberino Val d\u2019Elsa, Florencia +39 055 [&hellip;]<\/p>\n","protected":false},"author":1,"featured_media":0,"parent":1071,"menu_order":0,"comment_status":"closed","ping_status":"closed","template":"","meta":{"_acf_changed":false,"footnotes":""},"class_list":["post-1635","page","type-page","status-publish","hentry"],"acf":[],"yoast_head":"<!-- This site is optimized with the Yoast SEO plugin v27.6 - https:\/\/yoast.com\/product\/yoast-seo-wordpress\/ -->\n<title>Nuestras Oficinas - TnCoopers<\/title>\n<meta name=\"robots\" content=\"index, follow, max-snippet:-1, max-image-preview:large, max-video-preview:-1\" \/>\n<link rel=\"canonical\" href=\"https:\/\/tncoopers.com\/en\/quienes-somos\/nuestras-oficinas\/\" \/>\n<meta property=\"og:locale\" content=\"en_US\" \/>\n<meta property=\"og:type\" content=\"article\" \/>\n<meta property=\"og:title\" content=\"Nuestras Oficinas - TnCoopers\" \/>\n<meta property=\"og:description\" content=\"OFICINAS REGIONALES Chile y Latinoam\u00e9rica Fundo Cerrillos,Ruta G68 N\u00b034.500, Regi\u00f3n Metropolitana Curacav\u00ed +56 (2) 2460 0500info.cl@tncoopers.com NORTEAM\u00c9RICA USA &#8211; CANADA &#8211; MEXICO21481 8th StEast Suite 20CCA 95476Sonoma +1 (707) 996-5600info.usa@tncoopers.com ARGENTINA\u00a0 Acc. Sur Lateral Este 5781 (5505)Carrodilla, Luj\u00e1n de Cuyo,Mendoza +54-261 4965701info.ar@tncoopers.com ITALIA Y EUROPA Strada di Sant\u2019Appiano6\/A \u2013 50021Barberino Val d\u2019Elsa, Florencia +39 055 [&hellip;]\" \/>\n<meta property=\"og:url\" content=\"https:\/\/tncoopers.com\/en\/quienes-somos\/nuestras-oficinas\/\" \/>\n<meta property=\"og:site_name\" content=\"TnCoopers\" \/>\n<meta property=\"article:publisher\" content=\"https:\/\/www.facebook.com\/toneleria.nacional\" \/>\n<meta property=\"article:modified_time\" content=\"2024-11-29T14:35:13+00:00\" \/>\n<meta property=\"og:image\" content=\"https:\/\/tncoopers.com\/wp-content\/uploads\/2024\/11\/Map_Esp.png\" \/>\n<meta name=\"twitter:card\" content=\"summary_large_image\" \/>\n<meta name=\"twitter:label1\" content=\"Est. reading time\" \/>\n\t<meta name=\"twitter:data1\" content=\"1 minute\" \/>\n<script type=\"application\/ld+json\" class=\"yoast-schema-graph\">{\"@context\":\"https:\\\/\\\/schema.org\",\"@graph\":[{\"@type\":\"WebPage\",\"@id\":\"https:\\\/\\\/tncoopers.com\\\/quienes-somos\\\/nuestras-oficinas\\\/\",\"url\":\"https:\\\/\\\/tncoopers.com\\\/quienes-somos\\\/nuestras-oficinas\\\/\",\"name\":\"Nuestras Oficinas - TnCoopers\",\"isPartOf\":{\"@id\":\"https:\\\/\\\/tncoopers.com\\\/#website\"},\"primaryImageOfPage\":{\"@id\":\"https:\\\/\\\/tncoopers.com\\\/quienes-somos\\\/nuestras-oficinas\\\/#primaryimage\"},\"image\":{\"@id\":\"https:\\\/\\\/tncoopers.com\\\/quienes-somos\\\/nuestras-oficinas\\\/#primaryimage\"},\"thumbnailUrl\":\"https:\\\/\\\/tncoopers.com\\\/wp-content\\\/uploads\\\/2024\\\/11\\\/Map_Esp.png\",\"datePublished\":\"2024-08-19T19:32:06+00:00\",\"dateModified\":\"2024-11-29T14:35:13+00:00\",\"breadcrumb\":{\"@id\":\"https:\\\/\\\/tncoopers.com\\\/quienes-somos\\\/nuestras-oficinas\\\/#breadcrumb\"},\"inLanguage\":\"en-US\",\"potentialAction\":[{\"@type\":\"ReadAction\",\"target\":[\"https:\\\/\\\/tncoopers.com\\\/quienes-somos\\\/nuestras-oficinas\\\/\"]}]},{\"@type\":\"ImageObject\",\"inLanguage\":\"en-US\",\"@id\":\"https:\\\/\\\/tncoopers.com\\\/quienes-somos\\\/nuestras-oficinas\\\/#primaryimage\",\"url\":\"https:\\\/\\\/tncoopers.com\\\/wp-content\\\/uploads\\\/2024\\\/11\\\/Map_Esp.png\",\"contentUrl\":\"https:\\\/\\\/tncoopers.com\\\/wp-content\\\/uploads\\\/2024\\\/11\\\/Map_Esp.png\"},{\"@type\":\"BreadcrumbList\",\"@id\":\"https:\\\/\\\/tncoopers.com\\\/quienes-somos\\\/nuestras-oficinas\\\/#breadcrumb\",\"itemListElement\":[{\"@type\":\"ListItem\",\"position\":1,\"name\":\"Portada\",\"item\":\"https:\\\/\\\/tncoopers.com\\\/\"},{\"@type\":\"ListItem\",\"position\":2,\"name\":\"Qui\u00e9nes Somos\",\"item\":\"https:\\\/\\\/tncoopers.com\\\/quienes-somos\\\/\"},{\"@type\":\"ListItem\",\"position\":3,\"name\":\"Nuestras Oficinas\"}]},{\"@type\":\"WebSite\",\"@id\":\"https:\\\/\\\/tncoopers.com\\\/#website\",\"url\":\"https:\\\/\\\/tncoopers.com\\\/\",\"name\":\"TnCoopers\",\"description\":\"\",\"publisher\":{\"@id\":\"https:\\\/\\\/tncoopers.com\\\/#organization\"},\"potentialAction\":[{\"@type\":\"SearchAction\",\"target\":{\"@type\":\"EntryPoint\",\"urlTemplate\":\"https:\\\/\\\/tncoopers.com\\\/?s={search_term_string}\"},\"query-input\":{\"@type\":\"PropertyValueSpecification\",\"valueRequired\":true,\"valueName\":\"search_term_string\"}}],\"inLanguage\":\"en-US\"},{\"@type\":\"Organization\",\"@id\":\"https:\\\/\\\/tncoopers.com\\\/#organization\",\"name\":\"TnCoopers\",\"url\":\"https:\\\/\\\/tncoopers.com\\\/\",\"logo\":{\"@type\":\"ImageObject\",\"inLanguage\":\"en-US\",\"@id\":\"https:\\\/\\\/tncoopers.com\\\/#\\\/schema\\\/logo\\\/image\\\/\",\"url\":\"https:\\\/\\\/tncoopers.com\\\/wp-content\\\/uploads\\\/2023\\\/09\\\/logofinal.png\",\"contentUrl\":\"https:\\\/\\\/tncoopers.com\\\/wp-content\\\/uploads\\\/2023\\\/09\\\/logofinal.png\",\"width\":540,\"height\":265,\"caption\":\"TnCoopers\"},\"image\":{\"@id\":\"https:\\\/\\\/tncoopers.com\\\/#\\\/schema\\\/logo\\\/image\\\/\"},\"sameAs\":[\"https:\\\/\\\/www.facebook.com\\\/toneleria.nacional\",\"https:\\\/\\\/www.instagram.com\\\/tncoopers\\\/\"]}]}<\/script>\n<!-- \/ Yoast SEO plugin. -->","yoast_head_json":{"title":"Nuestras Oficinas - TnCoopers","robots":{"index":"index","follow":"follow","max-snippet":"max-snippet:-1","max-image-preview":"max-image-preview:large","max-video-preview":"max-video-preview:-1"},"canonical":"https:\/\/tncoopers.com\/en\/quienes-somos\/nuestras-oficinas\/","og_locale":"en_US","og_type":"article","og_title":"Nuestras Oficinas - TnCoopers","og_description":"OFICINAS REGIONALES Chile y Latinoam\u00e9rica Fundo Cerrillos,Ruta G68 N\u00b034.500, Regi\u00f3n Metropolitana Curacav\u00ed +56 (2) 2460 0500info.cl@tncoopers.com NORTEAM\u00c9RICA USA &#8211; CANADA &#8211; MEXICO21481 8th StEast Suite 20CCA 95476Sonoma +1 (707) 996-5600info.usa@tncoopers.com ARGENTINA\u00a0 Acc. Sur Lateral Este 5781 (5505)Carrodilla, Luj\u00e1n de Cuyo,Mendoza +54-261 4965701info.ar@tncoopers.com ITALIA Y EUROPA Strada di Sant\u2019Appiano6\/A \u2013 50021Barberino Val d\u2019Elsa, Florencia +39 055 [&hellip;]","og_url":"https:\/\/tncoopers.com\/en\/quienes-somos\/nuestras-oficinas\/","og_site_name":"TnCoopers","article_publisher":"https:\/\/www.facebook.com\/toneleria.nacional","article_modified_time":"2024-11-29T14:35:13+00:00","og_image":[{"url":"https:\/\/tncoopers.com\/wp-content\/uploads\/2024\/11\/Map_Esp.png","type":"","width":"","height":""}],"twitter_card":"summary_large_image","twitter_misc":{"Est. reading time":"1 minute"},"schema":{"@context":"https:\/\/schema.org","@graph":[{"@type":"WebPage","@id":"https:\/\/tncoopers.com\/quienes-somos\/nuestras-oficinas\/","url":"https:\/\/tncoopers.com\/quienes-somos\/nuestras-oficinas\/","name":"Nuestras Oficinas - TnCoopers","isPartOf":{"@id":"https:\/\/tncoopers.com\/#website"},"primaryImageOfPage":{"@id":"https:\/\/tncoopers.com\/quienes-somos\/nuestras-oficinas\/#primaryimage"},"image":{"@id":"https:\/\/tncoopers.com\/quienes-somos\/nuestras-oficinas\/#primaryimage"},"thumbnailUrl":"https:\/\/tncoopers.com\/wp-content\/uploads\/2024\/11\/Map_Esp.png","datePublished":"2024-08-19T19:32:06+00:00","dateModified":"2024-11-29T14:35:13+00:00","breadcrumb":{"@id":"https:\/\/tncoopers.com\/quienes-somos\/nuestras-oficinas\/#breadcrumb"},"inLanguage":"en-US","potentialAction":[{"@type":"ReadAction","target":["https:\/\/tncoopers.com\/quienes-somos\/nuestras-oficinas\/"]}]},{"@type":"ImageObject","inLanguage":"en-US","@id":"https:\/\/tncoopers.com\/quienes-somos\/nuestras-oficinas\/#primaryimage","url":"https:\/\/tncoopers.com\/wp-content\/uploads\/2024\/11\/Map_Esp.png","contentUrl":"https:\/\/tncoopers.com\/wp-content\/uploads\/2024\/11\/Map_Esp.png"},{"@type":"BreadcrumbList","@id":"https:\/\/tncoopers.com\/quienes-somos\/nuestras-oficinas\/#breadcrumb","itemListElement":[{"@type":"ListItem","position":1,"name":"Portada","item":"https:\/\/tncoopers.com\/"},{"@type":"ListItem","position":2,"name":"Qui\u00e9nes Somos","item":"https:\/\/tncoopers.com\/quienes-somos\/"},{"@type":"ListItem","position":3,"name":"Nuestras Oficinas"}]},{"@type":"WebSite","@id":"https:\/\/tncoopers.com\/#website","url":"https:\/\/tncoopers.com\/","name":"TnCoopers","description":"","publisher":{"@id":"https:\/\/tncoopers.com\/#organization"},"potentialAction":[{"@type":"SearchAction","target":{"@type":"EntryPoint","urlTemplate":"https:\/\/tncoopers.com\/?s={search_term_string}"},"query-input":{"@type":"PropertyValueSpecification","valueRequired":true,"valueName":"search_term_string"}}],"inLanguage":"en-US"},{"@type":"Organization","@id":"https:\/\/tncoopers.com\/#organization","name":"TnCoopers","url":"https:\/\/tncoopers.com\/","logo":{"@type":"ImageObject","inLanguage":"en-US","@id":"https:\/\/tncoopers.com\/#\/schema\/logo\/image\/","url":"https:\/\/tncoopers.com\/wp-content\/uploads\/2023\/09\/logofinal.png","contentUrl":"https:\/\/tncoopers.com\/wp-content\/uploads\/2023\/09\/logofinal.png","width":540,"height":265,"caption":"TnCoopers"},"image":{"@id":"https:\/\/tncoopers.com\/#\/schema\/logo\/image\/"},"sameAs":["https:\/\/www.facebook.com\/toneleria.nacional","https:\/\/www.instagram.com\/tncoopers\/"]}]}},"_links":{"self":[{"href":"https:\/\/tncoopers.com\/en\/wp-json\/wp\/v2\/pages\/1635","targetHints":{"allow":["GET"]}}],"collection":[{"href":"https:\/\/tncoopers.com\/en\/wp-json\/wp\/v2\/pages"}],"about":[{"href":"https:\/\/tncoopers.com\/en\/wp-json\/wp\/v2\/types\/page"}],"author":[{"embeddable":true,"href":"https:\/\/tncoopers.com\/en\/wp-json\/wp\/v2\/users\/1"}],"replies":[{"embeddable":true,"href":"https:\/\/tncoopers.com\/en\/wp-json\/wp\/v2\/comments?post=1635"}],"version-history":[{"count":44,"href":"https:\/\/tncoopers.com\/en\/wp-json\/wp\/v2\/pages\/1635\/revisions"}],"predecessor-version":[{"id":6848,"href":"https:\/\/tncoopers.com\/en\/wp-json\/wp\/v2\/pages\/1635\/revisions\/6848"}],"up":[{"embeddable":true,"href":"https:\/\/tncoopers.com\/en\/wp-json\/wp\/v2\/pages\/1071"}],"wp:attachment":[{"href":"https:\/\/tncoopers.com\/en\/wp-json\/wp\/v2\/media?parent=1635"}],"curies":[{"name":"wp","href":"https:\/\/api.w.org\/{rel}","templated":true}]}}