{"id":1607,"date":"2024-08-19T13:31:32","date_gmt":"2024-08-19T16:31:32","guid":{"rendered":"https:\/\/tncoopers.com\/?page_id=1607"},"modified":"2024-11-14T01:06:00","modified_gmt":"2024-11-14T04:06:00","slug":"familia-y-equipo","status":"publish","type":"page","link":"https:\/\/tncoopers.com\/en\/quienes-somos\/familia-y-equipo\/","title":{"rendered":"Family &amp; Team"},"content":{"rendered":"<div data-elementor-type=\"wp-page\" data-elementor-id=\"1607\" class=\"elementor elementor-1607\" data-elementor-post-type=\"page\">\n\t\t\t\t<div class=\"elementor-element elementor-element-12bb8c30 e-con-full e-flex e-con e-parent\" data-id=\"12bb8c30\" data-element_type=\"container\" data-e-type=\"container\" data-settings=\"{&quot;background_background&quot;:&quot;classic&quot;}\">\n\t\t\t\t<div class=\"elementor-element elementor-element-36880ffd elementor-widget elementor-widget-heading\" data-id=\"36880ffd\" data-element_type=\"widget\" data-e-type=\"widget\" data-widget_type=\"heading.default\">\n\t\t\t\t<div class=\"elementor-widget-container\">\n\t\t\t\t\t<h1 class=\"elementor-heading-title elementor-size-default\">FAMILY &amp; TEAM<\/h1>\t\t\t\t<\/div>\n\t\t\t\t<\/div>\n\t\t\t\t<\/div>\n\t\t<div class=\"elementor-element elementor-element-e9c2e26 e-flex e-con-boxed e-con e-parent\" data-id=\"e9c2e26\" data-element_type=\"container\" data-e-type=\"container\">\n\t\t\t\t\t<div class=\"e-con-inner\">\n\t\t<div class=\"elementor-element elementor-element-420b08c e-con-full e-flex e-con e-child\" data-id=\"420b08c\" data-element_type=\"container\" data-e-type=\"container\">\n\t\t\t\t<div class=\"elementor-element elementor-element-1997bd5 elementor-widget elementor-widget-image\" data-id=\"1997bd5\" data-element_type=\"widget\" data-e-type=\"widget\" data-widget_type=\"image.default\">\n\t\t\t\t<div class=\"elementor-widget-container\">\n\t\t\t\t\t\t\t\t\t\t\t\t\t\t\t<img fetchpriority=\"high\" decoding=\"async\" width=\"549\" height=\"319\" src=\"https:\/\/tncoopers.com\/wp-content\/uploads\/2024\/08\/Rectangle-16-1.jpg\" class=\"attachment-large size-large wp-image-1618\" alt=\"\" srcset=\"https:\/\/tncoopers.com\/wp-content\/uploads\/2024\/08\/Rectangle-16-1.jpg 549w, https:\/\/tncoopers.com\/wp-content\/uploads\/2024\/08\/Rectangle-16-1-300x174.jpg 300w, https:\/\/tncoopers.com\/wp-content\/uploads\/2024\/08\/Rectangle-16-1-18x10.jpg 18w\" sizes=\"(max-width: 549px) 100vw, 549px\" \/>\t\t\t\t\t\t\t\t\t\t\t\t\t\t\t<\/div>\n\t\t\t\t<\/div>\n\t\t\t\t<\/div>\n\t\t<div class=\"elementor-element elementor-element-092cc34 e-con-full e-flex e-con e-child\" data-id=\"092cc34\" data-element_type=\"container\" data-e-type=\"container\">\n\t\t\t\t<div class=\"elementor-element elementor-element-2aea0c9 elementor-widget elementor-widget-text-editor\" data-id=\"2aea0c9\" data-element_type=\"widget\" data-e-type=\"widget\" data-widget_type=\"text-editor.default\">\n\t\t\t\t<div class=\"elementor-widget-container\">\n\t\t\t\t\t\t\t\t\t<p>Since its inception, TN Coopers has been guided by Alejandro Fantoni Salas, a true icon in the wood industry with over 50 years of experience. Of Italian descent, Alejandro embodies passion, attention to detail, and a love for innovation. His exceptional leadership has been instrumental in driving the growth and excellence of our company.\n\nOver the years, Alejandro's love and expertise for cooperage tradition have been inherited by his family, with the second generation now involved in this great enterprise: Alejandro Fantoni Jr. and Rosario Fantoni.<\/p>\t\t\t\t\t\t\t\t<\/div>\n\t\t\t\t<\/div>\n\t\t\t\t<\/div>\n\t\t\t\t\t<\/div>\n\t\t\t\t<\/div>\n\t\t<div class=\"elementor-element elementor-element-834d659 e-flex e-con-boxed e-con e-parent\" data-id=\"834d659\" data-element_type=\"container\" data-e-type=\"container\">\n\t\t\t\t\t<div class=\"e-con-inner\">\n\t\t\t\t<div class=\"elementor-element elementor-element-b6df216 elementor-widget elementor-widget-heading\" data-id=\"b6df216\" data-element_type=\"widget\" data-e-type=\"widget\" data-widget_type=\"heading.default\">\n\t\t\t\t<div class=\"elementor-widget-container\">\n\t\t\t\t\t<h2 class=\"elementor-heading-title elementor-size-default\">THE TEAM THAT MAKES THE DIFFERENCE<\/h2>\t\t\t\t<\/div>\n\t\t\t\t<\/div>\n\t\t\t\t<div class=\"elementor-element elementor-element-f5e0bad elementor-widget__width-initial elementor-widget elementor-widget-text-editor\" data-id=\"f5e0bad\" data-element_type=\"widget\" data-e-type=\"widget\" data-widget_type=\"text-editor.default\">\n\t\t\t\t<div class=\"elementor-widget-container\">\n\t\t\t\t\t\t\t\t\t<span style=\"white-space-collapse: preserve;\">At TN Coopers, our team is our pride. With wood advisors and consultants in each of our branches, we provide exceptional service in the world's leading wine valleys.<\/span>\t\t\t\t\t\t\t\t<\/div>\n\t\t\t\t<\/div>\n\t\t\t\t\t<\/div>\n\t\t\t\t<\/div>\n\t\t<div class=\"elementor-element elementor-element-5b0c49a e-flex e-con-boxed e-con e-parent\" data-id=\"5b0c49a\" data-element_type=\"container\" data-e-type=\"container\">\n\t\t\t\t\t<div class=\"e-con-inner\">\n\t\t\t\t<div class=\"elementor-element elementor-element-43a4076 elementor-widget elementor-widget-image\" data-id=\"43a4076\" data-element_type=\"widget\" data-e-type=\"widget\" data-widget_type=\"image.default\">\n\t\t\t\t<div class=\"elementor-widget-container\">\n\t\t\t\t\t\t\t\t\t\t\t\t\t\t\t<img decoding=\"async\" width=\"800\" height=\"399\" src=\"https:\/\/tncoopers.com\/wp-content\/uploads\/2024\/08\/Imagen-equipo.jpg\" class=\"attachment-large size-large wp-image-1617\" alt=\"\" srcset=\"https:\/\/tncoopers.com\/wp-content\/uploads\/2024\/08\/Imagen-equipo.jpg 1023w, https:\/\/tncoopers.com\/wp-content\/uploads\/2024\/08\/Imagen-equipo-300x150.jpg 300w, https:\/\/tncoopers.com\/wp-content\/uploads\/2024\/08\/Imagen-equipo-768x383.jpg 768w, https:\/\/tncoopers.com\/wp-content\/uploads\/2024\/08\/Imagen-equipo-18x9.jpg 18w\" sizes=\"(max-width: 800px) 100vw, 800px\" \/>\t\t\t\t\t\t\t\t\t\t\t\t\t\t\t<\/div>\n\t\t\t\t<\/div>\n\t\t\t\t\t<\/div>\n\t\t\t\t<\/div>\n\t\t\t\t<\/div>","protected":false},"excerpt":{"rendered":"<p>FAMILIA Y EQUIPO Desde sus inicios, TN Coopers ha sido guiada por Alejandro Fantoni Salas, un verdadero icono en la industria de la madera con m\u00e1s de 50 a\u00f1os de experiencia. De ascendencia italiana, Alejandro personifica la pasi\u00f3n, atenci\u00f3n al detalle y amor por la innovaci\u00f3n. Su liderazgo excepcional ha sido fundamental para impulsar el [&hellip;]<\/p>\n","protected":false},"author":1,"featured_media":0,"parent":1071,"menu_order":0,"comment_status":"closed","ping_status":"closed","template":"","meta":{"_acf_changed":false,"footnotes":""},"class_list":["post-1607","page","type-page","status-publish","hentry"],"acf":[],"yoast_head":"<!-- This site is optimized with the Yoast SEO plugin v27.5 - https:\/\/yoast.com\/product\/yoast-seo-wordpress\/ -->\n<title>Familia y Equipo - TnCoopers<\/title>\n<meta name=\"robots\" content=\"index, follow, max-snippet:-1, max-image-preview:large, max-video-preview:-1\" \/>\n<link rel=\"canonical\" href=\"https:\/\/tncoopers.com\/en\/quienes-somos\/familia-y-equipo\/\" \/>\n<meta property=\"og:locale\" content=\"en_US\" \/>\n<meta property=\"og:type\" content=\"article\" \/>\n<meta property=\"og:title\" content=\"Familia y Equipo - TnCoopers\" \/>\n<meta property=\"og:description\" content=\"FAMILIA Y EQUIPO Desde sus inicios, TN Coopers ha sido guiada por Alejandro Fantoni Salas, un verdadero icono en la industria de la madera con m\u00e1s de 50 a\u00f1os de experiencia. De ascendencia italiana, Alejandro personifica la pasi\u00f3n, atenci\u00f3n al detalle y amor por la innovaci\u00f3n. Su liderazgo excepcional ha sido fundamental para impulsar el [&hellip;]\" \/>\n<meta property=\"og:url\" content=\"https:\/\/tncoopers.com\/en\/quienes-somos\/familia-y-equipo\/\" \/>\n<meta property=\"og:site_name\" content=\"TnCoopers\" \/>\n<meta property=\"article:publisher\" content=\"https:\/\/www.facebook.com\/toneleria.nacional\" \/>\n<meta property=\"article:modified_time\" content=\"2024-11-14T04:06:00+00:00\" \/>\n<meta property=\"og:image\" content=\"https:\/\/tncoopers.com\/wp-content\/uploads\/2024\/08\/Rectangle-16-1.jpg\" \/>\n<meta name=\"twitter:card\" content=\"summary_large_image\" \/>\n<meta name=\"twitter:label1\" content=\"Est. reading time\" \/>\n\t<meta name=\"twitter:data1\" content=\"1 minute\" \/>\n<script type=\"application\/ld+json\" class=\"yoast-schema-graph\">{\"@context\":\"https:\\\/\\\/schema.org\",\"@graph\":[{\"@type\":\"WebPage\",\"@id\":\"https:\\\/\\\/tncoopers.com\\\/quienes-somos\\\/familia-y-equipo\\\/\",\"url\":\"https:\\\/\\\/tncoopers.com\\\/quienes-somos\\\/familia-y-equipo\\\/\",\"name\":\"Familia y Equipo - TnCoopers\",\"isPartOf\":{\"@id\":\"https:\\\/\\\/tncoopers.com\\\/#website\"},\"primaryImageOfPage\":{\"@id\":\"https:\\\/\\\/tncoopers.com\\\/quienes-somos\\\/familia-y-equipo\\\/#primaryimage\"},\"image\":{\"@id\":\"https:\\\/\\\/tncoopers.com\\\/quienes-somos\\\/familia-y-equipo\\\/#primaryimage\"},\"thumbnailUrl\":\"https:\\\/\\\/tncoopers.com\\\/wp-content\\\/uploads\\\/2024\\\/08\\\/Rectangle-16-1.jpg\",\"datePublished\":\"2024-08-19T16:31:32+00:00\",\"dateModified\":\"2024-11-14T04:06:00+00:00\",\"breadcrumb\":{\"@id\":\"https:\\\/\\\/tncoopers.com\\\/quienes-somos\\\/familia-y-equipo\\\/#breadcrumb\"},\"inLanguage\":\"en-US\",\"potentialAction\":[{\"@type\":\"ReadAction\",\"target\":[\"https:\\\/\\\/tncoopers.com\\\/quienes-somos\\\/familia-y-equipo\\\/\"]}]},{\"@type\":\"ImageObject\",\"inLanguage\":\"en-US\",\"@id\":\"https:\\\/\\\/tncoopers.com\\\/quienes-somos\\\/familia-y-equipo\\\/#primaryimage\",\"url\":\"https:\\\/\\\/tncoopers.com\\\/wp-content\\\/uploads\\\/2024\\\/08\\\/Rectangle-16-1.jpg\",\"contentUrl\":\"https:\\\/\\\/tncoopers.com\\\/wp-content\\\/uploads\\\/2024\\\/08\\\/Rectangle-16-1.jpg\"},{\"@type\":\"BreadcrumbList\",\"@id\":\"https:\\\/\\\/tncoopers.com\\\/quienes-somos\\\/familia-y-equipo\\\/#breadcrumb\",\"itemListElement\":[{\"@type\":\"ListItem\",\"position\":1,\"name\":\"Portada\",\"item\":\"https:\\\/\\\/tncoopers.com\\\/\"},{\"@type\":\"ListItem\",\"position\":2,\"name\":\"Qui\u00e9nes Somos\",\"item\":\"https:\\\/\\\/tncoopers.com\\\/quienes-somos\\\/\"},{\"@type\":\"ListItem\",\"position\":3,\"name\":\"Familia y Equipo\"}]},{\"@type\":\"WebSite\",\"@id\":\"https:\\\/\\\/tncoopers.com\\\/#website\",\"url\":\"https:\\\/\\\/tncoopers.com\\\/\",\"name\":\"TnCoopers\",\"description\":\"\",\"publisher\":{\"@id\":\"https:\\\/\\\/tncoopers.com\\\/#organization\"},\"potentialAction\":[{\"@type\":\"SearchAction\",\"target\":{\"@type\":\"EntryPoint\",\"urlTemplate\":\"https:\\\/\\\/tncoopers.com\\\/?s={search_term_string}\"},\"query-input\":{\"@type\":\"PropertyValueSpecification\",\"valueRequired\":true,\"valueName\":\"search_term_string\"}}],\"inLanguage\":\"en-US\"},{\"@type\":\"Organization\",\"@id\":\"https:\\\/\\\/tncoopers.com\\\/#organization\",\"name\":\"TnCoopers\",\"url\":\"https:\\\/\\\/tncoopers.com\\\/\",\"logo\":{\"@type\":\"ImageObject\",\"inLanguage\":\"en-US\",\"@id\":\"https:\\\/\\\/tncoopers.com\\\/#\\\/schema\\\/logo\\\/image\\\/\",\"url\":\"https:\\\/\\\/tncoopers.com\\\/wp-content\\\/uploads\\\/2023\\\/09\\\/logofinal.png\",\"contentUrl\":\"https:\\\/\\\/tncoopers.com\\\/wp-content\\\/uploads\\\/2023\\\/09\\\/logofinal.png\",\"width\":540,\"height\":265,\"caption\":\"TnCoopers\"},\"image\":{\"@id\":\"https:\\\/\\\/tncoopers.com\\\/#\\\/schema\\\/logo\\\/image\\\/\"},\"sameAs\":[\"https:\\\/\\\/www.facebook.com\\\/toneleria.nacional\",\"https:\\\/\\\/www.instagram.com\\\/tncoopers\\\/\"]}]}<\/script>\n<!-- \/ Yoast SEO plugin. -->","yoast_head_json":{"title":"Familia y Equipo - TnCoopers","robots":{"index":"index","follow":"follow","max-snippet":"max-snippet:-1","max-image-preview":"max-image-preview:large","max-video-preview":"max-video-preview:-1"},"canonical":"https:\/\/tncoopers.com\/en\/quienes-somos\/familia-y-equipo\/","og_locale":"en_US","og_type":"article","og_title":"Familia y Equipo - TnCoopers","og_description":"FAMILIA Y EQUIPO Desde sus inicios, TN Coopers ha sido guiada por Alejandro Fantoni Salas, un verdadero icono en la industria de la madera con m\u00e1s de 50 a\u00f1os de experiencia. De ascendencia italiana, Alejandro personifica la pasi\u00f3n, atenci\u00f3n al detalle y amor por la innovaci\u00f3n. Su liderazgo excepcional ha sido fundamental para impulsar el [&hellip;]","og_url":"https:\/\/tncoopers.com\/en\/quienes-somos\/familia-y-equipo\/","og_site_name":"TnCoopers","article_publisher":"https:\/\/www.facebook.com\/toneleria.nacional","article_modified_time":"2024-11-14T04:06:00+00:00","og_image":[{"url":"https:\/\/tncoopers.com\/wp-content\/uploads\/2024\/08\/Rectangle-16-1.jpg","type":"","width":"","height":""}],"twitter_card":"summary_large_image","twitter_misc":{"Est. reading time":"1 minute"},"schema":{"@context":"https:\/\/schema.org","@graph":[{"@type":"WebPage","@id":"https:\/\/tncoopers.com\/quienes-somos\/familia-y-equipo\/","url":"https:\/\/tncoopers.com\/quienes-somos\/familia-y-equipo\/","name":"Familia y Equipo - TnCoopers","isPartOf":{"@id":"https:\/\/tncoopers.com\/#website"},"primaryImageOfPage":{"@id":"https:\/\/tncoopers.com\/quienes-somos\/familia-y-equipo\/#primaryimage"},"image":{"@id":"https:\/\/tncoopers.com\/quienes-somos\/familia-y-equipo\/#primaryimage"},"thumbnailUrl":"https:\/\/tncoopers.com\/wp-content\/uploads\/2024\/08\/Rectangle-16-1.jpg","datePublished":"2024-08-19T16:31:32+00:00","dateModified":"2024-11-14T04:06:00+00:00","breadcrumb":{"@id":"https:\/\/tncoopers.com\/quienes-somos\/familia-y-equipo\/#breadcrumb"},"inLanguage":"en-US","potentialAction":[{"@type":"ReadAction","target":["https:\/\/tncoopers.com\/quienes-somos\/familia-y-equipo\/"]}]},{"@type":"ImageObject","inLanguage":"en-US","@id":"https:\/\/tncoopers.com\/quienes-somos\/familia-y-equipo\/#primaryimage","url":"https:\/\/tncoopers.com\/wp-content\/uploads\/2024\/08\/Rectangle-16-1.jpg","contentUrl":"https:\/\/tncoopers.com\/wp-content\/uploads\/2024\/08\/Rectangle-16-1.jpg"},{"@type":"BreadcrumbList","@id":"https:\/\/tncoopers.com\/quienes-somos\/familia-y-equipo\/#breadcrumb","itemListElement":[{"@type":"ListItem","position":1,"name":"Portada","item":"https:\/\/tncoopers.com\/"},{"@type":"ListItem","position":2,"name":"Qui\u00e9nes Somos","item":"https:\/\/tncoopers.com\/quienes-somos\/"},{"@type":"ListItem","position":3,"name":"Familia y Equipo"}]},{"@type":"WebSite","@id":"https:\/\/tncoopers.com\/#website","url":"https:\/\/tncoopers.com\/","name":"TnCoopers","description":"","publisher":{"@id":"https:\/\/tncoopers.com\/#organization"},"potentialAction":[{"@type":"SearchAction","target":{"@type":"EntryPoint","urlTemplate":"https:\/\/tncoopers.com\/?s={search_term_string}"},"query-input":{"@type":"PropertyValueSpecification","valueRequired":true,"valueName":"search_term_string"}}],"inLanguage":"en-US"},{"@type":"Organization","@id":"https:\/\/tncoopers.com\/#organization","name":"TnCoopers","url":"https:\/\/tncoopers.com\/","logo":{"@type":"ImageObject","inLanguage":"en-US","@id":"https:\/\/tncoopers.com\/#\/schema\/logo\/image\/","url":"https:\/\/tncoopers.com\/wp-content\/uploads\/2023\/09\/logofinal.png","contentUrl":"https:\/\/tncoopers.com\/wp-content\/uploads\/2023\/09\/logofinal.png","width":540,"height":265,"caption":"TnCoopers"},"image":{"@id":"https:\/\/tncoopers.com\/#\/schema\/logo\/image\/"},"sameAs":["https:\/\/www.facebook.com\/toneleria.nacional","https:\/\/www.instagram.com\/tncoopers\/"]}]}},"_links":{"self":[{"href":"https:\/\/tncoopers.com\/en\/wp-json\/wp\/v2\/pages\/1607","targetHints":{"allow":["GET"]}}],"collection":[{"href":"https:\/\/tncoopers.com\/en\/wp-json\/wp\/v2\/pages"}],"about":[{"href":"https:\/\/tncoopers.com\/en\/wp-json\/wp\/v2\/types\/page"}],"author":[{"embeddable":true,"href":"https:\/\/tncoopers.com\/en\/wp-json\/wp\/v2\/users\/1"}],"replies":[{"embeddable":true,"href":"https:\/\/tncoopers.com\/en\/wp-json\/wp\/v2\/comments?post=1607"}],"version-history":[{"count":11,"href":"https:\/\/tncoopers.com\/en\/wp-json\/wp\/v2\/pages\/1607\/revisions"}],"predecessor-version":[{"id":5671,"href":"https:\/\/tncoopers.com\/en\/wp-json\/wp\/v2\/pages\/1607\/revisions\/5671"}],"up":[{"embeddable":true,"href":"https:\/\/tncoopers.com\/en\/wp-json\/wp\/v2\/pages\/1071"}],"wp:attachment":[{"href":"https:\/\/tncoopers.com\/en\/wp-json\/wp\/v2\/media?parent=1607"}],"curies":[{"name":"wp","href":"https:\/\/api.w.org\/{rel}","templated":true}]}}