{"id":1309,"date":"2024-08-11T16:28:14","date_gmt":"2024-08-11T19:28:14","guid":{"rendered":"https:\/\/tncoopers.com\/?page_id=1309"},"modified":"2024-11-25T22:19:22","modified_gmt":"2024-11-26T01:19:22","slug":"iconos","status":"publish","type":"page","link":"https:\/\/tncoopers.com\/en\/barricas\/iconos\/","title":{"rendered":"OUR ICONIC BARRELS"},"content":{"rendered":"<div data-elementor-type=\"wp-page\" data-elementor-id=\"1309\" class=\"elementor elementor-1309\" data-elementor-post-type=\"page\">\n\t\t\t\t<div class=\"elementor-element elementor-element-1520025e e-con-full e-flex e-con e-parent\" data-id=\"1520025e\" data-element_type=\"container\" data-e-type=\"container\" data-settings=\"{&quot;background_background&quot;:&quot;classic&quot;}\">\n\t\t<div class=\"elementor-element elementor-element-d9706d7 e-con-full e-flex e-con e-child\" data-id=\"d9706d7\" data-element_type=\"container\" data-e-type=\"container\">\n\t\t\t\t<div class=\"elementor-element elementor-element-09bd32b elementor-widget elementor-widget-heading\" data-id=\"09bd32b\" data-element_type=\"widget\" data-e-type=\"widget\" data-widget_type=\"heading.default\">\n\t\t\t\t<div class=\"elementor-widget-container\">\n\t\t\t\t\t<h1 class=\"elementor-heading-title elementor-size-default\">ICONS<\/h1>\t\t\t\t<\/div>\n\t\t\t\t<\/div>\n\t\t\t\t<div class=\"elementor-element elementor-element-59f25a7 elementor-widget-tablet__width-initial elementor-widget elementor-widget-text-editor\" data-id=\"59f25a7\" data-element_type=\"widget\" data-e-type=\"widget\" data-widget_type=\"text-editor.default\">\n\t\t\t\t<div class=\"elementor-widget-container\">\n\t\t\t\t\t\t\t\t\t<p>Our icon barrel line strives to achieve the perfect balance between the wood and aging time, delivering a remarkable aromatic complexity. The selection of oak from prestigious forests, combined with prolonged drying, extra-fine grain, and Aqua System technology, makes these barrels an ideal choice for extended aging of fine wines.<\/p>\t\t\t\t\t\t\t\t<\/div>\n\t\t\t\t<\/div>\n\t\t\t\t<\/div>\n\t\t<div class=\"elementor-element elementor-element-b493689 e-flex e-con-boxed e-con e-child\" data-id=\"b493689\" data-element_type=\"container\" data-e-type=\"container\">\n\t\t\t\t\t<div class=\"e-con-inner\">\n\t\t<a class=\"elementor-element elementor-element-5926952b e-con-full e-flex e-con e-child\" data-id=\"5926952b\" data-element_type=\"container\" data-e-type=\"container\" data-settings=\"{&quot;background_background&quot;:&quot;gradient&quot;}\" href=\"https:\/\/tncoopers.com\/en\/barricas\/iconos\/fontainebleau\/\">\n\t\t\t\t<div class=\"elementor-element elementor-element-20772682 elementor-widget elementor-widget-heading\" data-id=\"20772682\" data-element_type=\"widget\" data-e-type=\"widget\" data-widget_type=\"heading.default\">\n\t\t\t\t<div class=\"elementor-widget-container\">\n\t\t\t\t\t<h4 class=\"elementor-heading-title elementor-size-default\">Fontainebleau<\/h4>\t\t\t\t<\/div>\n\t\t\t\t<\/div>\n\t\t<div class=\"elementor-element elementor-element-61b77ac7 e-con-full e-flex e-con e-child\" data-id=\"61b77ac7\" data-element_type=\"container\" data-e-type=\"container\">\n\t\t\t\t<div class=\"elementor-element elementor-element-62e6092b elementor-widget elementor-widget-heading\" data-id=\"62e6092b\" data-element_type=\"widget\" data-e-type=\"widget\" data-widget_type=\"heading.default\">\n\t\t\t\t<div class=\"elementor-widget-container\">\n\t\t\t\t\t<h5 class=\"elementor-heading-title elementor-size-default\">DISCOVER<\/h5>\t\t\t\t<\/div>\n\t\t\t\t<\/div>\n\t\t\t\t<div class=\"elementor-element elementor-element-3150d411 elementor-view-default elementor-widget elementor-widget-icon\" data-id=\"3150d411\" data-element_type=\"widget\" data-e-type=\"widget\" data-widget_type=\"icon.default\">\n\t\t\t\t<div class=\"elementor-widget-container\">\n\t\t\t\t\t\t\t<div class=\"elementor-icon-wrapper\">\n\t\t\t<div class=\"elementor-icon\">\n\t\t\t<svg xmlns=\"http:\/\/www.w3.org\/2000\/svg\" width=\"20\" height=\"12\" viewbox=\"0 0 20 12\" fill=\"none\"><path d=\"M18.9116 6.73614C19.2045 6.44325 19.2045 5.96837 18.9116 5.67548L14.1386 0.90251C13.8457 0.609616 13.3708 0.609616 13.078 0.90251C12.7851 1.1954 12.7851 1.67028 13.078 1.96317L17.3206 6.20581L13.078 10.4485C12.7851 10.7413 12.7851 11.2162 13.078 11.5091C13.3708 11.802 13.8457 11.802 14.1386 11.5091L18.9116 6.73614ZM0.0795898 6.95581H18.3813V5.45581H0.0795898V6.95581Z\" fill=\"#7D1927\"><\/path><\/svg>\t\t\t<\/div>\n\t\t<\/div>\n\t\t\t\t\t\t<\/div>\n\t\t\t\t<\/div>\n\t\t\t\t<\/div>\n\t\t\t\t<div class=\"elementor-element elementor-element-1402fbdf elementor-widget elementor-widget-image\" data-id=\"1402fbdf\" data-element_type=\"widget\" data-e-type=\"widget\" data-widget_type=\"image.default\">\n\t\t\t\t<div class=\"elementor-widget-container\">\n\t\t\t\t\t\t\t\t\t\t\t\t\t\t\t<img fetchpriority=\"high\" decoding=\"async\" width=\"768\" height=\"439\" src=\"https:\/\/tncoopers.com\/wp-content\/uploads\/2024\/08\/Barrica-Fontainebleau-1-768x439.png\" class=\"attachment-medium_large size-medium_large wp-image-1315\" alt=\"\" srcset=\"https:\/\/tncoopers.com\/wp-content\/uploads\/2024\/08\/Barrica-Fontainebleau-1-768x439.png 768w, https:\/\/tncoopers.com\/wp-content\/uploads\/2024\/08\/Barrica-Fontainebleau-1-300x172.png 300w, https:\/\/tncoopers.com\/wp-content\/uploads\/2024\/08\/Barrica-Fontainebleau-1-18x10.png 18w, https:\/\/tncoopers.com\/wp-content\/uploads\/2024\/08\/Barrica-Fontainebleau-1.png 977w\" sizes=\"(max-width: 768px) 100vw, 768px\" \/>\t\t\t\t\t\t\t\t\t\t\t\t\t\t\t<\/div>\n\t\t\t\t<\/div>\n\t\t\t\t<\/a>\n\t\t<a class=\"elementor-element elementor-element-fc2ce38 e-con-full e-flex e-con e-child\" data-id=\"fc2ce38\" data-element_type=\"container\" data-e-type=\"container\" data-settings=\"{&quot;background_background&quot;:&quot;gradient&quot;}\" href=\"https:\/\/tncoopers.com\/en\/barricas\/iconos\/tailored\/\">\n\t\t\t\t<div class=\"elementor-element elementor-element-3c01d07 elementor-widget elementor-widget-heading\" data-id=\"3c01d07\" data-element_type=\"widget\" data-e-type=\"widget\" data-widget_type=\"heading.default\">\n\t\t\t\t<div class=\"elementor-widget-container\">\n\t\t\t\t\t<h4 class=\"elementor-heading-title elementor-size-default\">tailored<\/h4>\t\t\t\t<\/div>\n\t\t\t\t<\/div>\n\t\t<div class=\"elementor-element elementor-element-5e95313 e-con-full e-flex e-con e-child\" data-id=\"5e95313\" data-element_type=\"container\" data-e-type=\"container\">\n\t\t\t\t<div class=\"elementor-element elementor-element-f635112 elementor-widget elementor-widget-heading\" data-id=\"f635112\" data-element_type=\"widget\" data-e-type=\"widget\" data-widget_type=\"heading.default\">\n\t\t\t\t<div class=\"elementor-widget-container\">\n\t\t\t\t\t<h5 class=\"elementor-heading-title elementor-size-default\">DISCOVER<\/h5>\t\t\t\t<\/div>\n\t\t\t\t<\/div>\n\t\t\t\t<div class=\"elementor-element elementor-element-43bc2bd elementor-view-default elementor-widget elementor-widget-icon\" data-id=\"43bc2bd\" data-element_type=\"widget\" data-e-type=\"widget\" data-widget_type=\"icon.default\">\n\t\t\t\t<div class=\"elementor-widget-container\">\n\t\t\t\t\t\t\t<div class=\"elementor-icon-wrapper\">\n\t\t\t<div class=\"elementor-icon\">\n\t\t\t<svg xmlns=\"http:\/\/www.w3.org\/2000\/svg\" width=\"20\" height=\"12\" viewbox=\"0 0 20 12\" fill=\"none\"><path d=\"M18.9907 6.66131C19.2836 6.36842 19.2836 5.89354 18.9907 5.60065L14.2177 0.827681C13.9248 0.534787 13.4499 0.534787 13.1571 0.827681C12.8642 1.12057 12.8642 1.59545 13.1571 1.88834L17.3997 6.13098L13.1571 10.3736C12.8642 10.6665 12.8642 11.1414 13.1571 11.4343C13.4499 11.7272 13.9248 11.7272 14.2177 11.4343L18.9907 6.66131ZM0.158691 6.88098H18.4604V5.38098H0.158691V6.88098Z\" fill=\"#B4A269\"><\/path><\/svg>\t\t\t<\/div>\n\t\t<\/div>\n\t\t\t\t\t\t<\/div>\n\t\t\t\t<\/div>\n\t\t\t\t<\/div>\n\t\t\t\t<div class=\"elementor-element elementor-element-32ed710 elementor-widget elementor-widget-image\" data-id=\"32ed710\" data-element_type=\"widget\" data-e-type=\"widget\" data-widget_type=\"image.default\">\n\t\t\t\t<div class=\"elementor-widget-container\">\n\t\t\t\t\t\t\t\t\t\t\t\t\t\t\t<img decoding=\"async\" width=\"768\" height=\"436\" src=\"https:\/\/tncoopers.com\/wp-content\/uploads\/2024\/08\/Barrica-Fontainebleau-768x436.png\" class=\"attachment-medium_large size-medium_large wp-image-1313\" alt=\"\" srcset=\"https:\/\/tncoopers.com\/wp-content\/uploads\/2024\/08\/Barrica-Fontainebleau-768x436.png 768w, https:\/\/tncoopers.com\/wp-content\/uploads\/2024\/08\/Barrica-Fontainebleau-300x170.png 300w, https:\/\/tncoopers.com\/wp-content\/uploads\/2024\/08\/Barrica-Fontainebleau-18x10.png 18w, https:\/\/tncoopers.com\/wp-content\/uploads\/2024\/08\/Barrica-Fontainebleau.png 978w\" sizes=\"(max-width: 768px) 100vw, 768px\" \/>\t\t\t\t\t\t\t\t\t\t\t\t\t\t\t<\/div>\n\t\t\t\t<\/div>\n\t\t\t\t<\/a>\n\t\t\t\t\t<\/div>\n\t\t\t\t<\/div>\n\t\t\t\t<\/div>\n\t\t\t\t<\/div>","protected":false},"excerpt":{"rendered":"<p>\u00cdCONOS Nuestra l\u00ednea de barricas \u00edcono busca el equilibrio perfecto entre la madera y el tiempo de crianza, aportando una complejidad arom\u00e1tica destacada. La selecci\u00f3n de robles de bosques reconocidos por su prestigio, sumada al secado prolongado, el grano extrafino y la tecnolog\u00eda Aqua System, convierte estas barricas en una opci\u00f3n ideal para crianzas largas [&hellip;]<\/p>\n","protected":false},"author":1,"featured_media":0,"parent":1207,"menu_order":0,"comment_status":"closed","ping_status":"closed","template":"","meta":{"_acf_changed":false,"footnotes":""},"class_list":["post-1309","page","type-page","status-publish","hentry"],"acf":[],"yoast_head":"<!-- This site is optimized with the Yoast SEO plugin v27.6 - https:\/\/yoast.com\/product\/yoast-seo-wordpress\/ -->\n<title>ICONOS - TnCoopers<\/title>\n<meta name=\"robots\" content=\"index, follow, max-snippet:-1, max-image-preview:large, max-video-preview:-1\" \/>\n<link rel=\"canonical\" href=\"https:\/\/tncoopers.com\/en\/barricas\/iconos\/\" \/>\n<meta property=\"og:locale\" content=\"en_US\" \/>\n<meta property=\"og:type\" content=\"article\" \/>\n<meta property=\"og:title\" content=\"ICONOS - TnCoopers\" \/>\n<meta property=\"og:description\" content=\"\u00cdCONOS Nuestra l\u00ednea de barricas \u00edcono busca el equilibrio perfecto entre la madera y el tiempo de crianza, aportando una complejidad arom\u00e1tica destacada. La selecci\u00f3n de robles de bosques reconocidos por su prestigio, sumada al secado prolongado, el grano extrafino y la tecnolog\u00eda Aqua System, convierte estas barricas en una opci\u00f3n ideal para crianzas largas [&hellip;]\" \/>\n<meta property=\"og:url\" content=\"https:\/\/tncoopers.com\/en\/barricas\/iconos\/\" \/>\n<meta property=\"og:site_name\" content=\"TnCoopers\" \/>\n<meta property=\"article:publisher\" content=\"https:\/\/www.facebook.com\/toneleria.nacional\" \/>\n<meta property=\"article:modified_time\" content=\"2024-11-26T01:19:22+00:00\" \/>\n<meta property=\"og:image\" content=\"https:\/\/tncoopers.com\/wp-content\/uploads\/2024\/08\/Barrica-Fontainebleau-1-768x439.png\" \/>\n<meta name=\"twitter:card\" content=\"summary_large_image\" \/>\n<script type=\"application\/ld+json\" class=\"yoast-schema-graph\">{\"@context\":\"https:\\\/\\\/schema.org\",\"@graph\":[{\"@type\":\"WebPage\",\"@id\":\"https:\\\/\\\/tncoopers.com\\\/barricas\\\/iconos\\\/\",\"url\":\"https:\\\/\\\/tncoopers.com\\\/barricas\\\/iconos\\\/\",\"name\":\"ICONOS - TnCoopers\",\"isPartOf\":{\"@id\":\"https:\\\/\\\/tncoopers.com\\\/#website\"},\"primaryImageOfPage\":{\"@id\":\"https:\\\/\\\/tncoopers.com\\\/barricas\\\/iconos\\\/#primaryimage\"},\"image\":{\"@id\":\"https:\\\/\\\/tncoopers.com\\\/barricas\\\/iconos\\\/#primaryimage\"},\"thumbnailUrl\":\"https:\\\/\\\/tncoopers.com\\\/wp-content\\\/uploads\\\/2024\\\/08\\\/Barrica-Fontainebleau-1-768x439.png\",\"datePublished\":\"2024-08-11T19:28:14+00:00\",\"dateModified\":\"2024-11-26T01:19:22+00:00\",\"breadcrumb\":{\"@id\":\"https:\\\/\\\/tncoopers.com\\\/barricas\\\/iconos\\\/#breadcrumb\"},\"inLanguage\":\"en-US\",\"potentialAction\":[{\"@type\":\"ReadAction\",\"target\":[\"https:\\\/\\\/tncoopers.com\\\/barricas\\\/iconos\\\/\"]}]},{\"@type\":\"ImageObject\",\"inLanguage\":\"en-US\",\"@id\":\"https:\\\/\\\/tncoopers.com\\\/barricas\\\/iconos\\\/#primaryimage\",\"url\":\"https:\\\/\\\/tncoopers.com\\\/wp-content\\\/uploads\\\/2024\\\/08\\\/Barrica-Fontainebleau-1-768x439.png\",\"contentUrl\":\"https:\\\/\\\/tncoopers.com\\\/wp-content\\\/uploads\\\/2024\\\/08\\\/Barrica-Fontainebleau-1-768x439.png\"},{\"@type\":\"BreadcrumbList\",\"@id\":\"https:\\\/\\\/tncoopers.com\\\/barricas\\\/iconos\\\/#breadcrumb\",\"itemListElement\":[{\"@type\":\"ListItem\",\"position\":1,\"name\":\"Portada\",\"item\":\"https:\\\/\\\/tncoopers.com\\\/\"},{\"@type\":\"ListItem\",\"position\":2,\"name\":\"Barricas\",\"item\":\"https:\\\/\\\/tncoopers.com\\\/barricas\\\/\"},{\"@type\":\"ListItem\",\"position\":3,\"name\":\"ICONOS\"}]},{\"@type\":\"WebSite\",\"@id\":\"https:\\\/\\\/tncoopers.com\\\/#website\",\"url\":\"https:\\\/\\\/tncoopers.com\\\/\",\"name\":\"TnCoopers\",\"description\":\"\",\"publisher\":{\"@id\":\"https:\\\/\\\/tncoopers.com\\\/#organization\"},\"potentialAction\":[{\"@type\":\"SearchAction\",\"target\":{\"@type\":\"EntryPoint\",\"urlTemplate\":\"https:\\\/\\\/tncoopers.com\\\/?s={search_term_string}\"},\"query-input\":{\"@type\":\"PropertyValueSpecification\",\"valueRequired\":true,\"valueName\":\"search_term_string\"}}],\"inLanguage\":\"en-US\"},{\"@type\":\"Organization\",\"@id\":\"https:\\\/\\\/tncoopers.com\\\/#organization\",\"name\":\"TnCoopers\",\"url\":\"https:\\\/\\\/tncoopers.com\\\/\",\"logo\":{\"@type\":\"ImageObject\",\"inLanguage\":\"en-US\",\"@id\":\"https:\\\/\\\/tncoopers.com\\\/#\\\/schema\\\/logo\\\/image\\\/\",\"url\":\"https:\\\/\\\/tncoopers.com\\\/wp-content\\\/uploads\\\/2023\\\/09\\\/logofinal.png\",\"contentUrl\":\"https:\\\/\\\/tncoopers.com\\\/wp-content\\\/uploads\\\/2023\\\/09\\\/logofinal.png\",\"width\":540,\"height\":265,\"caption\":\"TnCoopers\"},\"image\":{\"@id\":\"https:\\\/\\\/tncoopers.com\\\/#\\\/schema\\\/logo\\\/image\\\/\"},\"sameAs\":[\"https:\\\/\\\/www.facebook.com\\\/toneleria.nacional\",\"https:\\\/\\\/www.instagram.com\\\/tncoopers\\\/\"]}]}<\/script>\n<!-- \/ Yoast SEO plugin. -->","yoast_head_json":{"title":"ICONOS - TnCoopers","robots":{"index":"index","follow":"follow","max-snippet":"max-snippet:-1","max-image-preview":"max-image-preview:large","max-video-preview":"max-video-preview:-1"},"canonical":"https:\/\/tncoopers.com\/en\/barricas\/iconos\/","og_locale":"en_US","og_type":"article","og_title":"ICONOS - TnCoopers","og_description":"\u00cdCONOS Nuestra l\u00ednea de barricas \u00edcono busca el equilibrio perfecto entre la madera y el tiempo de crianza, aportando una complejidad arom\u00e1tica destacada. La selecci\u00f3n de robles de bosques reconocidos por su prestigio, sumada al secado prolongado, el grano extrafino y la tecnolog\u00eda Aqua System, convierte estas barricas en una opci\u00f3n ideal para crianzas largas [&hellip;]","og_url":"https:\/\/tncoopers.com\/en\/barricas\/iconos\/","og_site_name":"TnCoopers","article_publisher":"https:\/\/www.facebook.com\/toneleria.nacional","article_modified_time":"2024-11-26T01:19:22+00:00","og_image":[{"url":"https:\/\/tncoopers.com\/wp-content\/uploads\/2024\/08\/Barrica-Fontainebleau-1-768x439.png","type":"","width":"","height":""}],"twitter_card":"summary_large_image","schema":{"@context":"https:\/\/schema.org","@graph":[{"@type":"WebPage","@id":"https:\/\/tncoopers.com\/barricas\/iconos\/","url":"https:\/\/tncoopers.com\/barricas\/iconos\/","name":"ICONOS - TnCoopers","isPartOf":{"@id":"https:\/\/tncoopers.com\/#website"},"primaryImageOfPage":{"@id":"https:\/\/tncoopers.com\/barricas\/iconos\/#primaryimage"},"image":{"@id":"https:\/\/tncoopers.com\/barricas\/iconos\/#primaryimage"},"thumbnailUrl":"https:\/\/tncoopers.com\/wp-content\/uploads\/2024\/08\/Barrica-Fontainebleau-1-768x439.png","datePublished":"2024-08-11T19:28:14+00:00","dateModified":"2024-11-26T01:19:22+00:00","breadcrumb":{"@id":"https:\/\/tncoopers.com\/barricas\/iconos\/#breadcrumb"},"inLanguage":"en-US","potentialAction":[{"@type":"ReadAction","target":["https:\/\/tncoopers.com\/barricas\/iconos\/"]}]},{"@type":"ImageObject","inLanguage":"en-US","@id":"https:\/\/tncoopers.com\/barricas\/iconos\/#primaryimage","url":"https:\/\/tncoopers.com\/wp-content\/uploads\/2024\/08\/Barrica-Fontainebleau-1-768x439.png","contentUrl":"https:\/\/tncoopers.com\/wp-content\/uploads\/2024\/08\/Barrica-Fontainebleau-1-768x439.png"},{"@type":"BreadcrumbList","@id":"https:\/\/tncoopers.com\/barricas\/iconos\/#breadcrumb","itemListElement":[{"@type":"ListItem","position":1,"name":"Portada","item":"https:\/\/tncoopers.com\/"},{"@type":"ListItem","position":2,"name":"Barricas","item":"https:\/\/tncoopers.com\/barricas\/"},{"@type":"ListItem","position":3,"name":"ICONOS"}]},{"@type":"WebSite","@id":"https:\/\/tncoopers.com\/#website","url":"https:\/\/tncoopers.com\/","name":"TnCoopers","description":"","publisher":{"@id":"https:\/\/tncoopers.com\/#organization"},"potentialAction":[{"@type":"SearchAction","target":{"@type":"EntryPoint","urlTemplate":"https:\/\/tncoopers.com\/?s={search_term_string}"},"query-input":{"@type":"PropertyValueSpecification","valueRequired":true,"valueName":"search_term_string"}}],"inLanguage":"en-US"},{"@type":"Organization","@id":"https:\/\/tncoopers.com\/#organization","name":"TnCoopers","url":"https:\/\/tncoopers.com\/","logo":{"@type":"ImageObject","inLanguage":"en-US","@id":"https:\/\/tncoopers.com\/#\/schema\/logo\/image\/","url":"https:\/\/tncoopers.com\/wp-content\/uploads\/2023\/09\/logofinal.png","contentUrl":"https:\/\/tncoopers.com\/wp-content\/uploads\/2023\/09\/logofinal.png","width":540,"height":265,"caption":"TnCoopers"},"image":{"@id":"https:\/\/tncoopers.com\/#\/schema\/logo\/image\/"},"sameAs":["https:\/\/www.facebook.com\/toneleria.nacional","https:\/\/www.instagram.com\/tncoopers\/"]}]}},"_links":{"self":[{"href":"https:\/\/tncoopers.com\/en\/wp-json\/wp\/v2\/pages\/1309","targetHints":{"allow":["GET"]}}],"collection":[{"href":"https:\/\/tncoopers.com\/en\/wp-json\/wp\/v2\/pages"}],"about":[{"href":"https:\/\/tncoopers.com\/en\/wp-json\/wp\/v2\/types\/page"}],"author":[{"embeddable":true,"href":"https:\/\/tncoopers.com\/en\/wp-json\/wp\/v2\/users\/1"}],"replies":[{"embeddable":true,"href":"https:\/\/tncoopers.com\/en\/wp-json\/wp\/v2\/comments?post=1309"}],"version-history":[{"count":29,"href":"https:\/\/tncoopers.com\/en\/wp-json\/wp\/v2\/pages\/1309\/revisions"}],"predecessor-version":[{"id":6295,"href":"https:\/\/tncoopers.com\/en\/wp-json\/wp\/v2\/pages\/1309\/revisions\/6295"}],"up":[{"embeddable":true,"href":"https:\/\/tncoopers.com\/en\/wp-json\/wp\/v2\/pages\/1207"}],"wp:attachment":[{"href":"https:\/\/tncoopers.com\/en\/wp-json\/wp\/v2\/media?parent=1309"}],"curies":[{"name":"wp","href":"https:\/\/api.w.org\/{rel}","templated":true}]}}